{"id":13032,"date":"2024-11-24T11:04:43","date_gmt":"2024-11-24T10:04:43","guid":{"rendered":"https:\/\/skin4gear.com\/?page_id=13032"},"modified":"2026-02-24T11:27:45","modified_gmt":"2026-02-24T10:27:45","slug":"vraceni-zbozi","status":"publish","type":"page","link":"https:\/\/skin4gear.com\/cs\/vraceni-zbozi\/","title":{"rendered":"Vr\u00e1cen\u00ed zbo\u017e\u00ed"},"content":{"rendered":"\t\t<div data-elementor-type=\"wp-page\" data-elementor-id=\"13032\" class=\"elementor elementor-13032 elementor-12966\">\n\t\t\t\t\t\t<section class=\"elementor-section elementor-top-section elementor-element elementor-element-c0032fa elementor-section-boxed elementor-section-height-default elementor-section-height-default\" data-id=\"c0032fa\" data-element_type=\"section\" data-e-type=\"section\">\n\t\t\t\t\t\t<div class=\"elementor-container elementor-column-gap-default\">\n\t\t\t\t\t<div class=\"elementor-column elementor-col-100 elementor-top-column elementor-element elementor-element-a220d48\" data-id=\"a220d48\" data-element_type=\"column\" data-e-type=\"column\">\n\t\t\t<div class=\"elementor-widget-wrap elementor-element-populated\">\n\t\t\t\t\t\t<div class=\"elementor-element elementor-element-298b681 elementor-widget elementor-widget-text-editor\" data-id=\"298b681\" data-element_type=\"widget\" data-e-type=\"widget\" data-widget_type=\"text-editor.default\">\n\t\t\t\t<div class=\"elementor-widget-container\">\n\t\t\t\t\t\t\t\t\t<p><strong>1) Vr\u00e1cen\u00ed zbo\u017e\u00ed<\/strong><br \/>Ve skin4gear v\u011b\u0159\u00edme v jednoduch\u00e9 a transparentn\u00ed podm\u00ednky vr\u00e1cen\u00ed.<\/p><p><strong>2) Lh\u016fta pro vr\u00e1cen\u00ed<\/strong><br \/>Zbo\u017e\u00ed lze vr\u00e1tit do 30 dn\u016f od jeho p\u0159evzet\u00ed.<\/p><p><strong>3) Jak postupovat<\/strong><br \/>Kontaktujte n\u00e1s na e-mailu info@skin4gear.com a uve\u010fte \u010d\u00edslo objedn\u00e1vky.<br \/>Obratem v\u00e1m za\u0161leme p\u0159edplacen\u00fd vratn\u00fd \u0161t\u00edtek GLS ke sta\u017een\u00ed a vyti\u0161t\u011bn\u00ed.<br \/>Zbo\u017e\u00ed ode\u0161lete po\u0161tou prost\u0159ednictv\u00edm GLS s\u00a0<span style=\"background-color: var(--ast-global-color-5); color: var(--ast-global-color-3); font-style: inherit; font-weight: inherit;\">vypln\u011bn\u00fdm <\/span><a title=\"Vratkov\u00fd formul\u00e1\u0159\" href=\"https:\/\/skin4gear.com\/wp-content\/uploads\/2026\/02\/Formular-pro-odstoupeni-od-smlouvy.pdf\" target=\"_blank\" rel=\"noopener\"><span style=\"background-color: var(--ast-global-color-5); color: var(--ast-global-color-3); font-style: inherit;\"><b>vratkov\u00fdm formul\u00e1\u0159em<\/b><\/span><\/a><span style=\"background-color: var(--ast-global-color-5); color: var(--ast-global-color-3); font-style: inherit; font-weight: inherit;\">, pop\u0159. za\u0161lete e-mailem.<br \/><\/span><span style=\"background-color: var(--ast-global-color-5); color: var(--ast-global-color-3); font-style: inherit; font-weight: inherit;\">Vr\u00e1cen\u00ed je zdarma. Ne\u00fa\u010dtujeme \u017e\u00e1dn\u00e9 poplatky.<\/span><\/p><p><strong>4) Stav produktu<\/strong><br \/>P\u0159ij\u00edm\u00e1me vr\u00e1cen\u00ed produkt\u016f ve stavu nov\u00e9ho zbo\u017e\u00ed.<\/p><p><strong>5) V\u00fdm\u011bna zbo\u017e\u00ed<\/strong><br \/>Pokud si p\u0159ejete v\u00fdm\u011bnu, kontaktujte n\u00e1s e-mailem. Postup je stejn\u00fd jako p\u0159i vr\u00e1cen\u00ed \u2013 obdr\u017e\u00edte bezplatn\u00fd vratn\u00fd \u0161t\u00edtek GLS a po p\u0159ijet\u00ed z\u00e1silky zajist\u00edme odesl\u00e1n\u00ed nov\u00e9 polo\u017eky.<\/p><p><strong>6) Zpracov\u00e1n\u00ed refundace<\/strong><br \/>Vr\u00e1cen\u00ed pen\u011bz nebo odesl\u00e1n\u00ed v\u00fdm\u011bny prob\u011bhne nejpozd\u011bji do 7 dn\u016f od p\u0159ijet\u00ed vr\u00e1cen\u00e9ho zbo\u017e\u00ed.<\/p><p>Podrobnosti o doprav\u011b a platb\u011b naleznete zde: <a title=\"Doprava a platba\" href=\"https:\/\/skin4gear.com\/cs\/doprava-a-platba\/\">https:\/\/skin4gear.com\/cs\/doprava-a-platba\/<\/a><\/p>\t\t\t\t\t\t\t\t<\/div>\n\t\t\t\t<\/div>\n\t\t\t\t\t<\/div>\n\t\t<\/div>\n\t\t\t\t\t<\/div>\n\t\t<\/section>\n\t\t\t\t<\/div>\n\t\t","protected":false},"excerpt":{"rendered":"<p>1) Vr\u00e1cen\u00ed zbo\u017e\u00edVe skin4gear v\u011b\u0159\u00edme v jednoduch\u00e9 a transparentn\u00ed podm\u00ednky vr\u00e1cen\u00ed. 2) Lh\u016fta pro vr\u00e1cen\u00edZbo\u017e\u00ed lze vr\u00e1tit do 30 dn\u016f od jeho p\u0159evzet\u00ed. 3) Jak postupovatKontaktujte n\u00e1s na e-mailu info@skin4gear.com a uve\u010fte \u010d\u00edslo objedn\u00e1vky.Obratem v\u00e1m za\u0161leme p\u0159edplacen\u00fd vratn\u00fd \u0161t\u00edtek GLS ke sta\u017een\u00ed a vyti\u0161t\u011bn\u00ed.Zbo\u017e\u00ed ode\u0161lete po\u0161tou prost\u0159ednictv\u00edm GLS s\u00a0vypln\u011bn\u00fdm vratkov\u00fdm formul\u00e1\u0159em, pop\u0159. za\u0161lete e-mailem.Vr\u00e1cen\u00ed je [&hellip;]<\/p>\n","protected":false},"author":1,"featured_media":0,"parent":0,"menu_order":0,"comment_status":"closed","ping_status":"closed","template":"","meta":{"om_disable_all_campaigns":false,"site-sidebar-layout":"default","site-content-layout":"","ast-site-content-layout":"default","site-content-style":"default","site-sidebar-style":"default","ast-global-header-display":"","ast-banner-title-visibility":"","ast-main-header-display":"","ast-hfb-above-header-display":"","ast-hfb-below-header-display":"","ast-hfb-mobile-header-display":"","site-post-title":"","ast-breadcrumbs-content":"","ast-featured-img":"","footer-sml-layout":"","ast-disable-related-posts":"","theme-transparent-header-meta":"","adv-header-id-meta":"","stick-header-meta":"","header-above-stick-meta":"","header-main-stick-meta":"","header-below-stick-meta":"","astra-migrate-meta-layouts":"set","ast-page-background-enabled":"default","ast-page-background-meta":{"desktop":{"background-color":"","background-image":"","background-repeat":"repeat","background-position":"center center","background-size":"auto","background-attachment":"scroll","background-type":"","background-media":"","overlay-type":"","overlay-color":"","overlay-opacity":"","overlay-gradient":""},"tablet":{"background-color":"","background-image":"","background-repeat":"repeat","background-position":"center center","background-size":"auto","background-attachment":"scroll","background-type":"","background-media":"","overlay-type":"","overlay-color":"","overlay-opacity":"","overlay-gradient":""},"mobile":{"background-color":"","background-image":"","background-repeat":"repeat","background-position":"center center","background-size":"auto","background-attachment":"scroll","background-type":"","background-media":"","overlay-type":"","overlay-color":"","overlay-opacity":"","overlay-gradient":""}},"ast-content-background-meta":{"desktop":{"background-color":"var(--ast-global-color-5)","background-image":"","background-repeat":"repeat","background-position":"center center","background-size":"auto","background-attachment":"scroll","background-type":"","background-media":"","overlay-type":"","overlay-color":"","overlay-opacity":"","overlay-gradient":""},"tablet":{"background-color":"var(--ast-global-color-5)","background-image":"","background-repeat":"repeat","background-position":"center center","background-size":"auto","background-attachment":"scroll","background-type":"","background-media":"","overlay-type":"","overlay-color":"","overlay-opacity":"","overlay-gradient":""},"mobile":{"background-color":"var(--ast-global-color-5)","background-image":"","background-repeat":"repeat","background-position":"center center","background-size":"auto","background-attachment":"scroll","background-type":"","background-media":"","overlay-type":"","overlay-color":"","overlay-opacity":"","overlay-gradient":""}},"footnotes":""},"class_list":["post-13032","page","type-page","status-publish","hentry"],"aioseo_notices":[],"_links":{"self":[{"href":"https:\/\/skin4gear.com\/cs\/wp-json\/wp\/v2\/pages\/13032","targetHints":{"allow":["GET"]}}],"collection":[{"href":"https:\/\/skin4gear.com\/cs\/wp-json\/wp\/v2\/pages"}],"about":[{"href":"https:\/\/skin4gear.com\/cs\/wp-json\/wp\/v2\/types\/page"}],"author":[{"embeddable":true,"href":"https:\/\/skin4gear.com\/cs\/wp-json\/wp\/v2\/users\/1"}],"replies":[{"embeddable":true,"href":"https:\/\/skin4gear.com\/cs\/wp-json\/wp\/v2\/comments?post=13032"}],"version-history":[{"count":0,"href":"https:\/\/skin4gear.com\/cs\/wp-json\/wp\/v2\/pages\/13032\/revisions"}],"wp:attachment":[{"href":"https:\/\/skin4gear.com\/cs\/wp-json\/wp\/v2\/media?parent=13032"}],"curies":[{"name":"wp","href":"https:\/\/api.w.org\/{rel}","templated":true}]}}