{"id":41513,"date":"2025-12-29T15:11:01","date_gmt":"2025-12-29T14:11:01","guid":{"rendered":"https:\/\/skin4gear.com\/?page_id=41513"},"modified":"2026-02-22T17:41:15","modified_gmt":"2026-02-22T16:41:15","slug":"obchodni-podminky","status":"publish","type":"page","link":"https:\/\/skin4gear.com\/cs\/obchodni-podminky\/","title":{"rendered":"Obchodn\u00ed podm\u00ednky"},"content":{"rendered":"\n<p><strong>1) Kdo jsme (prod\u00e1vaj\u00edc\u00ed)<\/strong><br>Obchodn\u00ed ozna\u010den\u00ed: skin4gear \u2013 Dalibor Joh\u00e1nek<br>Adresa (s\u00eddlo a sou\u010dasn\u011b adresa pro vr\u00e1cen\u00ed \/ reklamace): U Pazderny 409, 339 01 Klatovy, \u010cesk\u00e1 republika<br>I\u010c: 64182886<br>E-mail: info@skin4gear.com<br>Telefon: +420 777 333 6863<br>Prod\u00e1vaj\u00edc\u00ed nen\u00ed pl\u00e1tcem DPH.<\/p>\n\n\n\n<p><strong>2) Co prod\u00e1v\u00e1me<\/strong><br>Prod\u00e1v\u00e1me zejm\u00e9na ru\u010dn\u011b vyr\u00e1b\u011bn\u00e9 neoprenov\u00e9 ochrann\u00e9 a maskovac\u00ed covery (ochrann\u00e9 obaly) pro fotografick\u00e9 objektivy a souvisej\u00edc\u00ed p\u0159\u00edslu\u0161enstv\u00ed.<\/p>\n\n\n\n<p><strong>3) Jak uzav\u00edr\u00e1me smlouvu<\/strong><br>Kupn\u00ed smlouva vznik\u00e1 potvrzen\u00edm objedn\u00e1vky prod\u00e1vaj\u00edc\u00edm. P\u0159ed odesl\u00e1n\u00edm objedn\u00e1vky m\u00e1 kupuj\u00edc\u00ed mo\u017enost zkontrolovat a upravit \u00fadaje v ko\u0161\u00edku.<\/p>\n\n\n\n<p><strong>4) Ceny<\/strong><br>Ceny uveden\u00e9 v e\u2011shopu jsou kone\u010dn\u00e9 (prod\u00e1vaj\u00edc\u00ed nen\u00ed pl\u00e1tcem DPH).<br>P\u0159\u00edpadn\u00e9 n\u00e1klady na dopravu jsou u n\u00e1s pro vybran\u00e9 zem\u011b zdarma; v\u017edy je ale uvid\u00edte v ko\u0161\u00edku p\u0159ed dokon\u010den\u00edm objedn\u00e1vky.<br>U dod\u00e1n\u00ed mimo EU m\u016f\u017ee c\u00edlov\u00e1 zem\u011b \u00fa\u010dtovat clo a m\u00edstn\u00ed DPH \u2013 tyto poplatky obvykle hrad\u00ed p\u0159\u00edjemce.<\/p>\n\n\n\n<p><strong>5) Platba<\/strong><br>Kupuj\u00edc\u00ed m\u016f\u017ee typicky vyu\u017e\u00edt:<\/p>\n\n\n\n<ul class=\"wp-block-list\">\n<li>online platbu kartou (prost\u0159ednictv\u00edm Stripe \u2013 Visa, Mastercard, American Express apod.),<\/li>\n\n\n\n<li>lok\u00e1ln\u00ed online platebn\u00ed metody dostupn\u00e9 v dan\u00e9 zemi (nap\u0159. Klarna, iDEAL, Bancontact, EPS, Przelewy24, BLIK, Trustly nebo jin\u00e9 metody podporovan\u00e9 platebn\u00ed br\u00e1nou Stripe \u010di PayPal),<\/li>\n\n\n\n<li>PayPal,<\/li>\n\n\n\n<li>bankovn\u00ed p\u0159evod.<br>Konkr\u00e9tn\u00ed dostupn\u00e9 platebn\u00ed metody se v\u017edy zobraz\u00ed p\u0159\u00edmo v pokladn\u011b p\u0159ed dokon\u010den\u00edm objedn\u00e1vky.<br>V p\u0159\u00edpad\u011b platby bankovn\u00edm p\u0159evodem odes\u00edl\u00e1me zbo\u017e\u00ed po p\u0159ips\u00e1n\u00ed platby na \u00fa\u010det prod\u00e1vaj\u00edc\u00edho.<\/li>\n<\/ul>\n\n\n\n<p><strong>6) Doprava a dod\u00e1n\u00ed<\/strong><br>Podrobn\u00e9 informace o doprav\u011b, dob\u00e1ch dod\u00e1n\u00ed a sledov\u00e1n\u00ed z\u00e1silky jsou uvedeny zde: <a href=\"https:\/\/skin4gear.com\/cs\/doprava-a-platba\/\" title=\"\">https:\/\/skin4gear.com\/cs\/doprava-a-platba\/<\/a> .<br>Zbo\u017e\u00ed odes\u00edl\u00e1me z \u010cesk\u00e9 republiky.<br>V\u011bt\u0161inu produkt\u016f dr\u017e\u00edme skladem k okam\u017eit\u00e9 expedici.<br>Pokud dojde k do\u010dasn\u00e9mu vyprod\u00e1n\u00ed nebo je objedn\u00e1no v\u011bt\u0161\u00ed mno\u017estv\u00ed kus\u016f, m\u016f\u017ee b\u00fdt \u010d\u00e1st objedn\u00e1vky vyrobena dodate\u010dn\u011b.<br>Obvykl\u00e1 doba expedice je 1\u20133 pracovn\u00ed dny (nen\u00ed-li u konkr\u00e9tn\u00edho produktu uvedeno jinak).<\/p>\n\n\n\n<p><strong>7) Odstoupen\u00ed od smlouvy (spot\u0159ebitel)<\/strong><br>Tato \u010d\u00e1st plat\u00ed pro kupuj\u00edc\u00edho, kter\u00fd je spot\u0159ebitelem.<\/p>\n\n\n\n<p><strong>7.1 Z\u00e1konn\u00e9 odstoupen\u00ed do 14 dn\u016f<\/strong><br>Spot\u0159ebitel m\u00e1 pr\u00e1vo odstoupit od smlouvy bez ud\u00e1n\u00ed d\u016fvodu do 14 dn\u016f od p\u0159evzet\u00ed zbo\u017e\u00ed.<\/p>\n\n\n\n<p><strong>7.2 Nadstandardn\u00ed lh\u016fta 30 dn\u016f<\/strong><br>Nad r\u00e1mec z\u00e1konn\u00e9 lh\u016fty poskytujeme spot\u0159ebiteli mo\u017enost vr\u00e1tit zbo\u017e\u00ed bez ud\u00e1n\u00ed d\u016fvodu i do 30 dn\u016f od p\u0159evzet\u00ed (dobrovoln\u00fd benefit skin4gear).<\/p>\n\n\n\n<p><strong>7.3 Jak odstoupit \/ jak vr\u00e1tit zbo\u017e\u00ed<\/strong><br>a) Napi\u0161te na info@skin4gear.com<br>a uve\u010fte \u010d\u00edslo objedn\u00e1vky.<br>b) Za\u0161leme v\u00e1m bezplatn\u00fd p\u0159edplacen\u00fd vratn\u00fd \u0161t\u00edtek GLS (ke sta\u017een\u00ed a vyti\u0161t\u011bn\u00ed).<br>c) V odpov\u011bdi n\u00e1m sd\u011blte datum a adresu, kde si m\u00e1 dopravce z\u00e1silku vyzvednout, p\u0159\u00edpadn\u011b zda preferujete pod\u00e1n\u00ed na v\u00fddejn\u00edm m\u00edst\u011b GLS.<br>d) Zbo\u017e\u00ed ode\u0161lete prost\u0159ednictv\u00edm GLS.<br>Vr\u00e1cen\u00ed je zdarma. Ne\u00fa\u010dtujeme \u017e\u00e1dn\u00e9 poplatky<\/p>\n\n\n\n<p><strong>7.4 Stav zbo\u017e\u00ed p\u0159i vr\u00e1cen\u00ed<\/strong><br>P\u0159ij\u00edm\u00e1me vr\u00e1cen\u00ed zbo\u017e\u00ed ve stavu nov\u00e9ho zbo\u017e\u00ed. Pokud bylo se zbo\u017e\u00edm nakl\u00e1d\u00e1no nad r\u00e1mec sezn\u00e1men\u00ed se s povahou a vlastnostmi, m\u016f\u017ee doj\u00edt ke sn\u00ed\u017een\u00ed vracen\u00e9 \u010d\u00e1stky.<\/p>\n\n\n\n<p><strong>7.5 Vr\u00e1cen\u00ed pen\u011bz<\/strong><br>Refundaci prov\u00e1d\u00edme stejnou platebn\u00ed metodou, jakou byla objedn\u00e1vka uhrazena.<br>Zpracov\u00e1n\u00ed refundace provedeme nejpozd\u011bji do 7 dn\u016f od p\u0159ijet\u00ed vr\u00e1cen\u00e9ho zbo\u017e\u00ed.<\/p>\n\n\n\n<p><strong>8) Reklamace a pr\u00e1va z vadn\u00e9ho pln\u011bn\u00ed (spot\u0159ebitel)<\/strong><br>Spot\u0159ebitel m\u016f\u017ee vytknout vadu, kter\u00e1 se na zbo\u017e\u00ed projev\u00ed v dob\u011b 24 m\u011bs\u00edc\u016f od p\u0159evzet\u00ed.<br>Reklamace vy\u0159izujeme bez zbyte\u010dn\u00e9ho odkladu; nejpozd\u011bji do 30 dn\u016f (pokud se nedohodneme jinak).<br>Jak reklamaci uplatnit:<\/p>\n\n\n\n<ul class=\"wp-block-list\">\n<li>napi\u0161te na info@skin4gear.com,<\/li>\n\n\n\n<li>uve\u010fte \u010d\u00edslo objedn\u00e1vky, popis vady a ide\u00e1ln\u011b fotodokumentaci,<\/li>\n\n\n\n<li>domluv\u00edme dal\u0161\u00ed postup (v\u00fdm\u011bna \/ refundace dle situace a z\u00e1kona).<\/li>\n<\/ul>\n\n\n\n<p><strong>9) Mimosoudn\u00ed \u0159e\u0161en\u00ed spot\u0159ebitelsk\u00fdch spor\u016f (ADR)<\/strong><br>V p\u0159\u00edpad\u011b sporu m\u016f\u017ee spot\u0159ebitel vyu\u017e\u00edt mimosoudn\u00ed \u0159e\u0161en\u00ed sporu u \u010cesk\u00e9 obchodn\u00ed inspekce (ADR).<br>Informace dopl\u0148te odkazem: <a href=\"https:\/\/coi.gov.cz\/\" target=\"_blank\" rel=\"noopener nofollow\" title=\"\">https:\/\/coi.gov.cz\/<\/a> .<\/p>\n\n\n\n<p><strong>10) Ochrana osobn\u00edch \u00fadaj\u016f<\/strong><br>Z\u00e1sady zpracov\u00e1n\u00ed osobn\u00edch \u00fadaj\u016f najdete zde: <a href=\"https:\/\/skin4gear.com\/cs\/gdpr\/\" title=\"\">https:\/\/skin4gear.com\/cs\/gdpr\/<\/a> .<\/p>\n\n\n\n<p><strong>11) Z\u00e1v\u011bre\u010dn\u00e1 ustanoven\u00ed<\/strong><br>Tyto obchodn\u00ed podm\u00ednky jsou \u00fa\u010dinn\u00e9 od: 22. \u00fanora 2026.<\/p>\n","protected":false},"excerpt":{"rendered":"<p>1) Kdo jsme (prod\u00e1vaj\u00edc\u00ed)Obchodn\u00ed ozna\u010den\u00ed: skin4gear \u2013 Dalibor Joh\u00e1nekAdresa (s\u00eddlo a sou\u010dasn\u011b adresa pro vr\u00e1cen\u00ed \/ reklamace): U Pazderny 409, 339 01 Klatovy, \u010cesk\u00e1 republikaI\u010c: 64182886E-mail: info@skin4gear.comTelefon: +420 777 333 6863Prod\u00e1vaj\u00edc\u00ed nen\u00ed pl\u00e1tcem DPH. 2) Co prod\u00e1v\u00e1meProd\u00e1v\u00e1me zejm\u00e9na ru\u010dn\u011b vyr\u00e1b\u011bn\u00e9 neoprenov\u00e9 ochrann\u00e9 a maskovac\u00ed covery (ochrann\u00e9 obaly) pro fotografick\u00e9 objektivy a souvisej\u00edc\u00ed p\u0159\u00edslu\u0161enstv\u00ed. 3) Jak [&hellip;]<\/p>\n","protected":false},"author":1,"featured_media":0,"parent":0,"menu_order":0,"comment_status":"closed","ping_status":"closed","template":"","meta":{"om_disable_all_campaigns":false,"site-sidebar-layout":"default","site-content-layout":"","ast-site-content-layout":"default","site-content-style":"default","site-sidebar-style":"default","ast-global-header-display":"","ast-banner-title-visibility":"","ast-main-header-display":"","ast-hfb-above-header-display":"","ast-hfb-below-header-display":"","ast-hfb-mobile-header-display":"","site-post-title":"","ast-breadcrumbs-content":"","ast-featured-img":"","footer-sml-layout":"","ast-disable-related-posts":"","theme-transparent-header-meta":"","adv-header-id-meta":"","stick-header-meta":"","header-above-stick-meta":"","header-main-stick-meta":"","header-below-stick-meta":"","astra-migrate-meta-layouts":"set","ast-page-background-enabled":"default","ast-page-background-meta":{"desktop":{"background-color":"","background-image":"","background-repeat":"repeat","background-position":"center center","background-size":"auto","background-attachment":"scroll","background-type":"","background-media":"","overlay-type":"","overlay-color":"","overlay-opacity":"","overlay-gradient":""},"tablet":{"background-color":"","background-image":"","background-repeat":"repeat","background-position":"center center","background-size":"auto","background-attachment":"scroll","background-type":"","background-media":"","overlay-type":"","overlay-color":"","overlay-opacity":"","overlay-gradient":""},"mobile":{"background-color":"","background-image":"","background-repeat":"repeat","background-position":"center center","background-size":"auto","background-attachment":"scroll","background-type":"","background-media":"","overlay-type":"","overlay-color":"","overlay-opacity":"","overlay-gradient":""}},"ast-content-background-meta":{"desktop":{"background-color":"var(--ast-global-color-5)","background-image":"","background-repeat":"repeat","background-position":"center center","background-size":"auto","background-attachment":"scroll","background-type":"","background-media":"","overlay-type":"","overlay-color":"","overlay-opacity":"","overlay-gradient":""},"tablet":{"background-color":"var(--ast-global-color-5)","background-image":"","background-repeat":"repeat","background-position":"center center","background-size":"auto","background-attachment":"scroll","background-type":"","background-media":"","overlay-type":"","overlay-color":"","overlay-opacity":"","overlay-gradient":""},"mobile":{"background-color":"var(--ast-global-color-5)","background-image":"","background-repeat":"repeat","background-position":"center center","background-size":"auto","background-attachment":"scroll","background-type":"","background-media":"","overlay-type":"","overlay-color":"","overlay-opacity":"","overlay-gradient":""}},"footnotes":""},"class_list":["post-41513","page","type-page","status-publish","hentry"],"aioseo_notices":[],"_links":{"self":[{"href":"https:\/\/skin4gear.com\/cs\/wp-json\/wp\/v2\/pages\/41513","targetHints":{"allow":["GET"]}}],"collection":[{"href":"https:\/\/skin4gear.com\/cs\/wp-json\/wp\/v2\/pages"}],"about":[{"href":"https:\/\/skin4gear.com\/cs\/wp-json\/wp\/v2\/types\/page"}],"author":[{"embeddable":true,"href":"https:\/\/skin4gear.com\/cs\/wp-json\/wp\/v2\/users\/1"}],"replies":[{"embeddable":true,"href":"https:\/\/skin4gear.com\/cs\/wp-json\/wp\/v2\/comments?post=41513"}],"version-history":[{"count":0,"href":"https:\/\/skin4gear.com\/cs\/wp-json\/wp\/v2\/pages\/41513\/revisions"}],"wp:attachment":[{"href":"https:\/\/skin4gear.com\/cs\/wp-json\/wp\/v2\/media?parent=41513"}],"curies":[{"name":"wp","href":"https:\/\/api.w.org\/{rel}","templated":true}]}}