{"id":41588,"date":"2026-01-07T15:27:06","date_gmt":"2026-01-07T14:27:06","guid":{"rendered":"https:\/\/skin4gear.com\/?page_id=41588"},"modified":"2026-02-21T16:56:41","modified_gmt":"2026-02-21T15:56:41","slug":"cover-zdarma","status":"publish","type":"page","link":"https:\/\/skin4gear.com\/cs\/cover-zdarma\/","title":{"rendered":"Cover zdarma"},"content":{"rendered":"\n<h2 class=\"wp-block-heading\">Cover zdarma za zap\u016fj\u010den\u00ed objektivu (pouze pro CZ z\u00e1kazn\u00edky)<\/h2>\n\n\n\n<p>Nem\u00e1\u0161 sv\u016fj objektiv v nab\u00eddce <strong>skin4gear<\/strong>? Pokud jde o model, kter\u00fd <strong>nen\u00ed star\u0161\u00ed ne\u017e 10 let<\/strong> a zat\u00edm pro n\u011bj nem\u00e1m hotov\u00fd st\u0159ih, m\u016f\u017ee\u0161 mi objektiv kr\u00e1tce poskytnout, abych podle n\u011bj vytvo\u0159il p\u0159esnou \u0161ablonu.<\/p>\n\n\n\n<p>\u2705 <strong>Doprava je zdarma<\/strong> \u2013 po\u0161lu ti <strong>p\u0159epravn\u00ed \u0161t\u00edtek GLS<\/strong>.<br>\u2705 Objektiv sta\u010d\u00ed <strong>velmi dob\u0159e zabalit<\/strong> a odnese\u0161 ho do <strong>GLS Parcel Shopu<\/strong> nebo <strong>GLS Parcel Boxu<\/strong>.<br>\u2705 Objektiv <strong>pe\u010dliv\u011b zm\u011b\u0159\u00edm<\/strong>, odlad\u00edm st\u0159ih a po\u0161lu ti zp\u011bt <strong>objektiv + hotov\u00fd cover zdarma<\/strong>.<br>\u23f1\ufe0f Po\u010d\u00edtej pros\u00edm s dobou zpracov\u00e1n\u00ed <strong>cca 3\u20134 pracovn\u00ed dny<\/strong> (od p\u0159evzet\u00ed objektivu) + p\u0159eprava.<\/p>\n\n\n\n<blockquote class=\"wp-block-quote is-layout-flow wp-block-quote-is-layout-flow\">\n<p>Tento program nab\u00edz\u00edm <strong>pouze z\u00e1kazn\u00edk\u016fm s adresou v \u010cesk\u00e9 republice<\/strong>.<\/p>\n<\/blockquote>\n\n\n\n<hr class=\"wp-block-separator has-alpha-channel-opacity\"\/>\n\n\n\n<h2 class=\"wp-block-heading\">Pro koho je program ur\u010den\u00fd<\/h2>\n\n\n\n<p>Program \u201eCover zdarma\u201c je pro tebe, pokud plat\u00ed:<\/p>\n\n\n\n<ul class=\"wp-block-list\">\n<li>m\u00e1\u0161 <strong>doru\u010dovac\u00ed adresu v \u010cR<\/strong><\/li>\n\n\n\n<li>tv\u016fj objektiv <strong>zat\u00edm nen\u00ed v nab\u00eddce<\/strong> skin4gear (nem\u00e1m pro n\u011bj st\u0159ih)<\/li>\n\n\n\n<li>jde o objektiv, kter\u00fd <strong>nen\u00ed star\u0161\u00ed ne\u017e 10 let<\/strong><\/li>\n\n\n\n<li>objektiv m\u016f\u017ee\u0161 postr\u00e1dat na dobu uvedenou ve formul\u00e1\u0159i (typicky <strong>3\u20134 pracovn\u00ed dny + p\u0159eprava<\/strong>)<\/li>\n<\/ul>\n\n\n\n<hr class=\"wp-block-separator has-alpha-channel-opacity\"\/>\n\n\n\n<h2 class=\"wp-block-heading\">Jak to funguje (krok za krokem)<\/h2>\n\n\n\n<h3 class=\"wp-block-heading\">1) Vypln\u00ed\u0161 formul\u00e1\u0159 n\u00ed\u017ee<\/h3>\n\n\n\n<p>Nap\u00ed\u0161e\u0161 mi p\u0159esn\u00fd model objektivu a kdy ho m\u016f\u017ee\u0161 postr\u00e1dat.<\/p>\n\n\n\n<h3 class=\"wp-block-heading\">2) Potvrd\u00edm za\u0159azen\u00ed do programu + po\u0161lu p\u0159epravn\u00ed \u0161t\u00edtek GLS<\/h3>\n\n\n\n<p>Jakmile ov\u011b\u0159\u00edm, \u017ee objektiv spl\u0148uje podm\u00ednky, po\u0161lu ti e-mailem <strong>GLS \u0161t\u00edtek (PDF)<\/strong>.<\/p>\n\n\n\n<h3 class=\"wp-block-heading\">3) Perfektn\u011b zabal\u00ed\u0161 objektiv a p\u0159ed\u00e1\u0161 ho GLS<\/h3>\n\n\n\n<p>Bal\u00edk odnese\u0161 do <strong>GLS Parcel Shopu<\/strong> nebo vlo\u017e\u00ed\u0161 do <strong>GLS Parcel Boxu<\/strong>.<br>\ud83d\udc49 <strong>Nic neplat\u00ed\u0161<\/strong> \u2013 doprava je na m\u00e9m \u0161t\u00edtku.<\/p>\n\n\n\n<h3 class=\"wp-block-heading\">4) Zm\u011b\u0159en\u00ed + vytvo\u0159en\u00ed st\u0159ihu + odlad\u011bn\u00ed (cca 3\u20134 pracovn\u00ed dny)<\/h3>\n\n\n\n<p>Objektiv u m\u011b projde pe\u010dliv\u00fdm m\u011b\u0159en\u00edm, podle n\u011bj vytvo\u0159\u00edm st\u0159ih a u\u0161iju cover tak, aby p\u0159esn\u011b sed\u011bl.<\/p>\n\n\n\n<h3 class=\"wp-block-heading\">5) Po\u0161lu ti zp\u011bt objektiv + cover zdarma<\/h3>\n\n\n\n<p>Objektiv ti po\u0161lu zp\u011bt v r\u00e1mci \u010cR a p\u0159ilo\u017e\u00edm hotov\u00fd cover \u2013 <strong>bez doplatku<\/strong>.<\/p>\n\n\n\n<hr class=\"wp-block-separator has-alpha-channel-opacity\"\/>\n\n\n\n<h2 class=\"wp-block-heading\">D\u016fle\u017eit\u00e9 podm\u00ednky (f\u00e9rov\u011b a jasn\u011b)<\/h2>\n\n\n\n<ul class=\"wp-block-list\">\n<li>Program plat\u00ed <strong>jen pro CZ z\u00e1kazn\u00edky<\/strong> (\u010cR adresa).<\/li>\n\n\n\n<li><strong>Doprava je zdarma<\/strong> \u2013 pos\u00edl\u00e1m ti <strong>GLS p\u0159epravn\u00ed \u0161t\u00edtek<\/strong>.<\/li>\n\n\n\n<li>Objektiv mus\u00ed b\u00fdt <strong>funk\u010dn\u00ed a kompletn\u00ed<\/strong> (standardn\u00ed stav).<\/li>\n\n\n\n<li><strong>Nepos\u00edlej p\u0159\u00edslu\u0161enstv\u00ed nav\u00edc<\/strong>, pokud se nedomluv\u00edme jinak (filtry, telekonvertory, L-plate, popruhy apod.).<\/li>\n\n\n\n<li>Kl\u00ed\u010dov\u00e1 je <strong>kvalita balen\u00ed<\/strong> \u2013 viz doporu\u010den\u00ed n\u00ed\u017ee.<\/li>\n\n\n\n<li>Program je ur\u010den pro objektivy, kter\u00e9 jsou <strong>vhodn\u00e9 pro tvorbu st\u0159ihu<\/strong>; pokud by to ne\u0161lo, d\u00e1m ti v\u011bd\u011bt p\u0159edem.<\/li>\n<\/ul>\n\n\n\n<hr class=\"wp-block-separator has-alpha-channel-opacity\"\/>\n\n\n\n<h2 class=\"wp-block-heading\">Jak objektiv zabalit (pros\u00edm nepodce\u0148)<\/h2>\n\n\n\n<p>Objektiv mus\u00ed b\u00fdt zabalen\u00fd tak, aby p\u0159e\u017eil i hrub\u0161\u00ed manipulaci v p\u0159eprav\u011b:<\/p>\n\n\n\n<ul class=\"wp-block-list\">\n<li>ide\u00e1ln\u011b do <strong>p\u016fvodn\u00edho pouzdra<\/strong> \/ pevn\u00e9ho obalu<\/li>\n\n\n\n<li>pot\u00e9 do kartonu s v\u00fdpln\u00ed ze v\u0161ech stran (bublinkov\u00e1 f\u00f3lie \/ p\u011bna) \u2013 <strong>bez v\u016fl\u00ed<\/strong><\/li>\n\n\n\n<li>objektiv se v krabici <strong>nesm\u00ed pohnout ani o milimetr<\/strong><\/li>\n\n\n\n<li>u dra\u017e\u0161\u00edch teleobjektiv\u016f doporu\u010duji <strong>dvojit\u00fd karton<\/strong> (krabice v krabici)<\/li>\n\n\n\n<li>zvenku m\u016f\u017ee\u0161 bal\u00edk ozna\u010dit jako <strong>k\u0159ehk\u00e9<\/strong> (nen\u00ed garance, ale pom\u00e1h\u00e1)<\/li>\n<\/ul>\n\n\n<div class=\"wpforms-container wpforms-block wpforms-block-c924c886-6b27-406b-add2-922cef2d6579\" id=\"wpforms-41593\"><form id=\"wpforms-form-41593\" class=\"wpforms-validate wpforms-form wpforms-ajax-form\" data-formid=\"41593\" method=\"post\" enctype=\"multipart\/form-data\" action=\"\/cs\/wp-json\/wp\/v2\/pages\/41588\" data-token=\"9c334052e170439cb397009b89034656\" data-token-time=\"1777812164\"><noscript class=\"wpforms-error-noscript\">Chcete-li vyplnit tento formul\u00e1\u0159, pros\u00edm povolte v prohl\u00ed\u017ee\u010di JavaScript.<\/noscript><div class=\"wpforms-field-container\"><div id=\"wpforms-41593-field_1-container\" class=\"wpforms-field wpforms-field-name\" data-field-id=\"1\"><label class=\"wpforms-field-label\">Jm\u00e9no <span class=\"wpforms-required-label\">*<\/span><\/label><div class=\"wpforms-field-row wpforms-field-medium\"><div class=\"wpforms-field-row-block wpforms-first wpforms-one-half\"><input type=\"text\" id=\"wpforms-41593-field_1\" class=\"wpforms-field-name-first wpforms-field-required\" name=\"wpforms[fields][1][first]\" required><label for=\"wpforms-41593-field_1\" class=\"wpforms-field-sublabel after\">K\u0159estn\u00ed jm\u00e9no<\/label><\/div><div class=\"wpforms-field-row-block wpforms-one-half\"><input type=\"text\" id=\"wpforms-41593-field_1-last\" class=\"wpforms-field-name-last wpforms-field-required\" name=\"wpforms[fields][1][last]\" required><label for=\"wpforms-41593-field_1-last\" class=\"wpforms-field-sublabel after\">P\u0159\u00edjmen\u00ed<\/label><\/div><\/div><\/div><div id=\"wpforms-41593-field_2-container\" class=\"wpforms-field wpforms-field-email\" data-field-id=\"2\"><label class=\"wpforms-field-label\" for=\"wpforms-41593-field_2\">E-mail <span class=\"wpforms-required-label\">*<\/span><\/label><input type=\"email\" id=\"wpforms-41593-field_2\" class=\"wpforms-field-medium wpforms-field-required\" name=\"wpforms[fields][2]\" spellcheck=\"false\" required><\/div>\t\t<div id=\"wpforms-41593-field_4-container\"\n\t\t\tclass=\"wpforms-field wpforms-field-text\"\n\t\t\tdata-field-type=\"text\"\n\t\t\tdata-field-id=\"4\"\n\t\t\t>\n\t\t\t<label class=\"wpforms-field-label\" for=\"wpforms-41593-field_4\" >nebo Zpr\u00e1va E-mail<\/label>\n\t\t\t<input type=\"text\" id=\"wpforms-41593-field_4\" class=\"wpforms-field-medium\" name=\"wpforms[fields][4]\" >\n\t\t<\/div>\n\t\t<div id=\"wpforms-41593-field_3-container\" class=\"wpforms-field wpforms-field-textarea\" data-field-id=\"3\"><label class=\"wpforms-field-label\" for=\"wpforms-41593-field_3\">Koment\u00e1\u0159 nebo Zpr\u00e1va<\/label><textarea id=\"wpforms-41593-field_3\" class=\"wpforms-field-medium\" name=\"wpforms[fields][3]\" ><\/textarea><\/div><script>\n\t\t\t\t( function() {\n\t\t\t\t\tconst style = document.createElement( 'style' );\n\t\t\t\t\tstyle.appendChild( document.createTextNode( '#wpforms-41593-field_4-container { position: absolute !important; overflow: hidden !important; display: inline !important; height: 1px !important; width: 1px !important; z-index: -1000 !important; padding: 0 !important; } #wpforms-41593-field_4-container input { visibility: hidden; } #wpforms-conversational-form-page #wpforms-41593-field_4-container label { counter-increment: none; }' ) );\n\t\t\t\t\tdocument.head.appendChild( style );\n\t\t\t\t\tdocument.currentScript?.remove();\n\t\t\t\t} )();\n\t\t\t<\/script><\/div><!-- .wpforms-field-container --><div class=\"wpforms-submit-container\" ><input type=\"hidden\" name=\"wpforms[id]\" value=\"41593\"><input type=\"hidden\" name=\"page_title\" value=\"\"><input type=\"hidden\" name=\"page_url\" value=\"https:\/\/skin4gear.com\/cs\/wp-json\/wp\/v2\/pages\/41588\"><input type=\"hidden\" name=\"url_referer\" value=\"\"><button type=\"submit\" name=\"wpforms[submit]\" id=\"wpforms-submit-41593\" class=\"wpforms-submit\" data-alt-text=\"Odes\u00edl\u00e1n\u00ed...\" data-submit-text=\"Odeslat\" aria-live=\"assertive\" value=\"wpforms-submit\">Odeslat<\/button><img decoding=\"async\" src=\"https:\/\/skin4gear.com\/wp-content\/plugins\/wpforms-lite\/assets\/images\/submit-spin.svg\" class=\"wpforms-submit-spinner\" style=\"display: none;\" width=\"26\" height=\"26\" alt=\"Na\u010d\u00edt\u00e1n\u00ed\"><\/div><\/form><\/div>  <!-- .wpforms-container -->","protected":false},"excerpt":{"rendered":"<p>Cover zdarma za zap\u016fj\u010den\u00ed objektivu (pouze pro CZ z\u00e1kazn\u00edky) Nem\u00e1\u0161 sv\u016fj objektiv v nab\u00eddce skin4gear? Pokud jde o model, kter\u00fd nen\u00ed star\u0161\u00ed ne\u017e 10 let a zat\u00edm pro n\u011bj nem\u00e1m hotov\u00fd st\u0159ih, m\u016f\u017ee\u0161 mi objektiv kr\u00e1tce poskytnout, abych podle n\u011bj vytvo\u0159il p\u0159esnou \u0161ablonu. \u2705 Doprava je zdarma \u2013 po\u0161lu ti p\u0159epravn\u00ed \u0161t\u00edtek GLS.\u2705 Objektiv sta\u010d\u00ed [&hellip;]<\/p>\n","protected":false},"author":1,"featured_media":0,"parent":0,"menu_order":0,"comment_status":"closed","ping_status":"closed","template":"","meta":{"om_disable_all_campaigns":false,"site-sidebar-layout":"default","site-content-layout":"","ast-site-content-layout":"default","site-content-style":"default","site-sidebar-style":"default","ast-global-header-display":"","ast-banner-title-visibility":"","ast-main-header-display":"","ast-hfb-above-header-display":"","ast-hfb-below-header-display":"","ast-hfb-mobile-header-display":"","site-post-title":"disabled","ast-breadcrumbs-content":"","ast-featured-img":"","footer-sml-layout":"","ast-disable-related-posts":"","theme-transparent-header-meta":"","adv-header-id-meta":"","stick-header-meta":"","header-above-stick-meta":"","header-main-stick-meta":"","header-below-stick-meta":"","astra-migrate-meta-layouts":"set","ast-page-background-enabled":"default","ast-page-background-meta":{"desktop":{"background-color":"","background-image":"","background-repeat":"repeat","background-position":"center center","background-size":"auto","background-attachment":"scroll","background-type":"","background-media":"","overlay-type":"","overlay-color":"","overlay-opacity":"","overlay-gradient":""},"tablet":{"background-color":"","background-image":"","background-repeat":"repeat","background-position":"center center","background-size":"auto","background-attachment":"scroll","background-type":"","background-media":"","overlay-type":"","overlay-color":"","overlay-opacity":"","overlay-gradient":""},"mobile":{"background-color":"","background-image":"","background-repeat":"repeat","background-position":"center center","background-size":"auto","background-attachment":"scroll","background-type":"","background-media":"","overlay-type":"","overlay-color":"","overlay-opacity":"","overlay-gradient":""}},"ast-content-background-meta":{"desktop":{"background-color":"var(--ast-global-color-5)","background-image":"","background-repeat":"repeat","background-position":"center center","background-size":"auto","background-attachment":"scroll","background-type":"","background-media":"","overlay-type":"","overlay-color":"","overlay-opacity":"","overlay-gradient":""},"tablet":{"background-color":"var(--ast-global-color-5)","background-image":"","background-repeat":"repeat","background-position":"center center","background-size":"auto","background-attachment":"scroll","background-type":"","background-media":"","overlay-type":"","overlay-color":"","overlay-opacity":"","overlay-gradient":""},"mobile":{"background-color":"var(--ast-global-color-5)","background-image":"","background-repeat":"repeat","background-position":"center center","background-size":"auto","background-attachment":"scroll","background-type":"","background-media":"","overlay-type":"","overlay-color":"","overlay-opacity":"","overlay-gradient":""}},"footnotes":""},"class_list":["post-41588","page","type-page","status-publish","hentry"],"aioseo_notices":[],"_links":{"self":[{"href":"https:\/\/skin4gear.com\/cs\/wp-json\/wp\/v2\/pages\/41588","targetHints":{"allow":["GET"]}}],"collection":[{"href":"https:\/\/skin4gear.com\/cs\/wp-json\/wp\/v2\/pages"}],"about":[{"href":"https:\/\/skin4gear.com\/cs\/wp-json\/wp\/v2\/types\/page"}],"author":[{"embeddable":true,"href":"https:\/\/skin4gear.com\/cs\/wp-json\/wp\/v2\/users\/1"}],"replies":[{"embeddable":true,"href":"https:\/\/skin4gear.com\/cs\/wp-json\/wp\/v2\/comments?post=41588"}],"version-history":[{"count":0,"href":"https:\/\/skin4gear.com\/cs\/wp-json\/wp\/v2\/pages\/41588\/revisions"}],"wp:attachment":[{"href":"https:\/\/skin4gear.com\/cs\/wp-json\/wp\/v2\/media?parent=41588"}],"curies":[{"name":"wp","href":"https:\/\/api.w.org\/{rel}","templated":true}]}}