{"id":22356,"date":"2024-10-29T17:33:02","date_gmt":"2024-10-29T16:33:02","guid":{"rendered":"https:\/\/skin4gear.com\/?post_type=product&#038;p=22356"},"modified":"2026-03-26T00:15:17","modified_gmt":"2026-03-25T23:15:17","slug":"neoprenova-ochrana-fujifilm-fujinon-xf70-300mm-f4-5-6-r-lm-ois-wr","status":"publish","type":"product","link":"https:\/\/skin4gear.com\/cs\/produkt\/neoprenova-ochrana-fujifilm-fujinon-xf70-300mm-f4-5-6-r-lm-ois-wr\/","title":{"rendered":"Neoprenov\u00fd maskovac\u00ed obal na objektiv Fujifilm XF70-300mm f\/4-5,6 R LM OIS WR"},"content":{"rendered":"","protected":false},"excerpt":{"rendered":"<ul>\n<li>P\u0159esn\u011b navr\u017eeno pro objektiv Fujifilm XF70-300mm f\/4-5,6 R LM OIS WR<\/li>\n<li>Neoprenov\u00e1 konstrukce odoln\u00e1 proti vod\u011b a n\u00e1raz\u016fm<\/li>\n<li>Minimalizuje viditelnost objektivu p\u0159i focen\u00ed divok\u00e9 p\u0159\u00edrody<\/li>\n<li>Poskytuje tepelnou ochranu a pom\u00e1h\u00e1 s regulac\u00ed teploty objektivu<\/li>\n<li>Pln\u00fd p\u0159\u00edstup ke v\u0161em ovl\u00e1dac\u00edm prvk\u016fm bez omezen\u00ed<\/li>\n<\/ul>\n","protected":false},"featured_media":45592,"comment_status":"open","ping_status":"closed","template":"","meta":{"om_disable_all_campaigns":false,"site-sidebar-layout":"default","site-content-layout":"page-builder","ast-site-content-layout":"default","site-content-style":"default","site-sidebar-style":"unboxed","ast-global-header-display":"","ast-banner-title-visibility":"","ast-main-header-display":"","ast-hfb-above-header-display":"","ast-hfb-below-header-display":"","ast-hfb-mobile-header-display":"","site-post-title":"","ast-breadcrumbs-content":"","ast-featured-img":"","footer-sml-layout":"","ast-disable-related-posts":"","theme-transparent-header-meta":"default","adv-header-id-meta":"","stick-header-meta":"default","header-above-stick-meta":"","header-main-stick-meta":"","header-below-stick-meta":"","astra-migrate-meta-layouts":"set","ast-page-background-enabled":"default","ast-page-background-meta":{"desktop":{"background-color":"","background-image":"","background-repeat":"repeat","background-position":"center center","background-size":"auto","background-attachment":"scroll","background-type":"","background-media":"","overlay-type":"","overlay-color":"","overlay-opacity":"","overlay-gradient":""},"tablet":{"background-color":"","background-image":"","background-repeat":"repeat","background-position":"center center","background-size":"auto","background-attachment":"scroll","background-type":"","background-media":"","overlay-type":"","overlay-color":"","overlay-opacity":"","overlay-gradient":""},"mobile":{"background-color":"","background-image":"","background-repeat":"repeat","background-position":"center center","background-size":"auto","background-attachment":"scroll","background-type":"","background-media":"","overlay-type":"","overlay-color":"","overlay-opacity":"","overlay-gradient":""}},"ast-content-background-meta":{"desktop":{"background-color":"var(--ast-global-color-5)","background-image":"","background-repeat":"repeat","background-position":"center center","background-size":"auto","background-attachment":"scroll","background-type":"","background-media":"","overlay-type":"","overlay-color":"","overlay-opacity":"","overlay-gradient":""},"tablet":{"background-color":"var(--ast-global-color-5)","background-image":"","background-repeat":"repeat","background-position":"center center","background-size":"auto","background-attachment":"scroll","background-type":"","background-media":"","overlay-type":"","overlay-color":"","overlay-opacity":"","overlay-gradient":""},"mobile":{"background-color":"var(--ast-global-color-5)","background-image":"","background-repeat":"repeat","background-position":"center center","background-size":"auto","background-attachment":"scroll","background-type":"","background-media":"","overlay-type":"","overlay-color":"","overlay-opacity":"","overlay-gradient":""}}},"product_brand":[],"product_cat":[518],"product_tag":[],"class_list":{"0":"post-22356","1":"product","2":"type-product","3":"status-publish","4":"has-post-thumbnail","6":"product_cat-fujifilm-lens-cover","7":"desktop-align-left","8":"tablet-align-left","9":"mobile-align-left","10":"ast-product-gallery-layout-horizontal-slider","11":"ast-product-single-variable","12":"ast-product-tabs-layout-horizontal","14":"first","15":"instock","16":"shipping-taxable","17":"purchasable","18":"product-type-variable"},"aioseo_notices":[],"_links":{"self":[{"href":"https:\/\/skin4gear.com\/cs\/wp-json\/wp\/v2\/product\/22356","targetHints":{"allow":["GET"]}}],"collection":[{"href":"https:\/\/skin4gear.com\/cs\/wp-json\/wp\/v2\/product"}],"about":[{"href":"https:\/\/skin4gear.com\/cs\/wp-json\/wp\/v2\/types\/product"}],"replies":[{"embeddable":true,"href":"https:\/\/skin4gear.com\/cs\/wp-json\/wp\/v2\/comments?post=22356"}],"version-history":[{"count":0,"href":"https:\/\/skin4gear.com\/cs\/wp-json\/wp\/v2\/product\/22356\/revisions"}],"wp:featuredmedia":[{"embeddable":true,"href":"https:\/\/skin4gear.com\/cs\/wp-json\/wp\/v2\/media\/45592"}],"wp:attachment":[{"href":"https:\/\/skin4gear.com\/cs\/wp-json\/wp\/v2\/media?parent=22356"}],"wp:term":[{"taxonomy":"product_brand","embeddable":true,"href":"https:\/\/skin4gear.com\/cs\/wp-json\/wp\/v2\/product_brand?post=22356"},{"taxonomy":"product_cat","embeddable":true,"href":"https:\/\/skin4gear.com\/cs\/wp-json\/wp\/v2\/product_cat?post=22356"},{"taxonomy":"product_tag","embeddable":true,"href":"https:\/\/skin4gear.com\/cs\/wp-json\/wp\/v2\/product_tag?post=22356"}],"curies":[{"name":"wp","href":"https:\/\/api.w.org\/{rel}","templated":true}]}}