{"id":43515,"date":"2026-01-29T23:33:45","date_gmt":"2026-01-29T22:33:45","guid":{"rendered":"https:\/\/skin4gear.com\/?page_id=43515"},"modified":"2026-01-30T11:37:24","modified_gmt":"2026-01-30T10:37:24","slug":"forsendelse-og-betaling","status":"publish","type":"page","link":"https:\/\/skin4gear.com\/da\/forsendelse-og-betaling\/","title":{"rendered":"Forsendelse og betaling"},"content":{"rendered":"\n<p><strong>Gratis fragt<\/strong><\/p>\n\n\n\n<p>Gratis levering g\u00e6lder for f\u00f8lgende lande:<br><strong>Belgien, Bulgarien, Tjekkiet, Danmark, Estland, Finland, Frankrig, Gibraltar, Kroatien, Irland, Italien, Cypern, Liechtenstein, Litauen, Letland, Luxembourg, Ungarn, Tyskland, Nederlandene, Norge, Polen, Portugal, \u00d8strig, Rum\u00e6nien, Gr\u00e6kenland, Slovakiet, Slovenien, Storbritannien, Spanien, Sverige, Schweiz.<\/strong><\/p>\n\n\n\n<hr class=\"wp-block-separator has-alpha-channel-opacity\"\/>\n\n\n\n<p><strong>Afsendelse og leveringstider<\/strong><\/p>\n\n\n\n<p><strong>Produktionstid:<\/strong> <strong>1 arbejdsdag<\/strong> (produceres p\u00e5 bestilling).<br><strong>Afsendelse:<\/strong> Jeg afsender normalt ordrer inden for <strong>1\u20133 arbejdsdage<\/strong>.<\/p>\n\n\n\n<p><strong>Ansl\u00e5ede leveringstider efter destination:<\/strong><\/p>\n\n\n\n<ul class=\"wp-block-list\">\n<li><strong>2\u20133 arbejdsdage:<\/strong> Tjekkiet, Slovakiet<\/li>\n\n\n\n<li><strong>3 arbejdsdage:<\/strong> Ungarn, Tyskland, Polen, \u00d8strig<\/li>\n\n\n\n<li><strong>4 arbejdsdage:<\/strong> Belgien, Liechtenstein, Litauen, Luxembourg, Nederlandene, Rum\u00e6nien, Slovenien, Schweiz<\/li>\n\n\n\n<li><strong>4\u20135 arbejdsdage:<\/strong> Danmark, Letland<\/li>\n\n\n\n<li><strong>4\u20136 arbejdsdage:<\/strong> Estland, Frankrig<\/li>\n\n\n\n<li><strong>4\u20138 arbejdsdage:<\/strong> Kroatien, Norge, Sverige<\/li>\n\n\n\n<li><strong>5 arbejdsdage:<\/strong> Irland, Storbritannien<\/li>\n\n\n\n<li><strong>5\u20136 arbejdsdage:<\/strong> Bulgarien<\/li>\n\n\n\n<li><strong>5\u20137 arbejdsdage:<\/strong> Finland<\/li>\n\n\n\n<li><strong>5\u20138 arbejdsdage:<\/strong> Spanien<\/li>\n\n\n\n<li><strong>5\u20139 arbejdsdage:<\/strong> Italien, Portugal<\/li>\n\n\n\n<li><strong>6\u20139 arbejdsdage:<\/strong> Gr\u00e6kenland<\/li>\n\n\n\n<li><strong>Ikke angivet i transport\u00f8rens prisoversigt (estimat):<\/strong> Cypern, Gibraltar \u2014 ca. <strong>7\u201312 arbejdsdage<\/strong><\/li>\n<\/ul>\n\n\n\n<p><em>Transittider er vejledende og ikke garanterede. For destinationer uden for EU kan toldprocedurer forl\u00e6nge leveringstiden.<\/em><\/p>\n\n\n\n<hr class=\"wp-block-separator has-alpha-channel-opacity\"\/>\n\n\n\n<p><strong>Pakkesporing<\/strong><\/p>\n\n\n\n<p>Efter afsendelse modtager du en e-mail med dit sporingsnummer.<br>GLS tracking: <a href=\"https:\/\/gls-group.com\/CZ\/en\/parcel-tracking\">https:\/\/gls-group.com\/CZ\/en\/parcel-tracking<\/a><\/p>\n\n\n\n<hr class=\"wp-block-separator has-alpha-channel-opacity\"\/>\n\n\n\n<p><strong>Betaling<\/strong><\/p>\n\n\n\n<p>Tilg\u00e6ngelige betalingsmetoder vises ved checkout afh\u00e6ngigt af leveringslandet. Oftest kan du bruge:<\/p>\n\n\n\n<ul class=\"wp-block-list\">\n<li><strong>Kredit-\/debetkort online (Stripe)<\/strong><\/li>\n\n\n\n<li><strong>PayPal<\/strong><\/li>\n\n\n\n<li><strong>Bankoverf\u00f8rsel<\/strong> (jeg afsender ordren, n\u00e5r betalingen er modtaget)<\/li>\n<\/ul>\n\n\n\n<hr class=\"wp-block-separator has-alpha-channel-opacity\"\/>\n\n\n\n<p><strong>Moms og told (uden for EU)<\/strong><\/p>\n\n\n\n<p>For forsendelser uden for EU kan der ved import blive opkr\u00e6vet <strong>told og lokal moms<\/strong> i henhold til reglerne i modtagerlandet. Disse gebyrer betales typisk af modtageren.<\/p>\n","protected":false},"excerpt":{"rendered":"<p>Gratis fragt Gratis levering g\u00e6lder for f\u00f8lgende lande:Belgien, Bulgarien, Tjekkiet, Danmark, Estland, Finland, Frankrig, Gibraltar, Kroatien, Irland, Italien, Cypern, Liechtenstein, Litauen, Letland, Luxembourg, Ungarn, Tyskland, Nederlandene, Norge, Polen, Portugal, \u00d8strig, Rum\u00e6nien, Gr\u00e6kenland, Slovakiet, Slovenien, Storbritannien, Spanien, Sverige, Schweiz. Afsendelse og leveringstider Produktionstid: 1 arbejdsdag (produceres p\u00e5 bestilling).Afsendelse: Jeg afsender normalt ordrer inden for 1\u20133 arbejdsdage. [&hellip;]<\/p>\n","protected":false},"author":1,"featured_media":0,"parent":0,"menu_order":0,"comment_status":"closed","ping_status":"closed","template":"","meta":{"om_disable_all_campaigns":false,"site-sidebar-layout":"default","site-content-layout":"","ast-site-content-layout":"default","site-content-style":"default","site-sidebar-style":"default","ast-global-header-display":"","ast-banner-title-visibility":"","ast-main-header-display":"","ast-hfb-above-header-display":"","ast-hfb-below-header-display":"","ast-hfb-mobile-header-display":"","site-post-title":"","ast-breadcrumbs-content":"","ast-featured-img":"","footer-sml-layout":"","ast-disable-related-posts":"","theme-transparent-header-meta":"","adv-header-id-meta":"","stick-header-meta":"","header-above-stick-meta":"","header-main-stick-meta":"","header-below-stick-meta":"","astra-migrate-meta-layouts":"set","ast-page-background-enabled":"default","ast-page-background-meta":{"desktop":{"background-color":"","background-image":"","background-repeat":"repeat","background-position":"center center","background-size":"auto","background-attachment":"scroll","background-type":"","background-media":"","overlay-type":"","overlay-color":"","overlay-opacity":"","overlay-gradient":""},"tablet":{"background-color":"","background-image":"","background-repeat":"repeat","background-position":"center center","background-size":"auto","background-attachment":"scroll","background-type":"","background-media":"","overlay-type":"","overlay-color":"","overlay-opacity":"","overlay-gradient":""},"mobile":{"background-color":"","background-image":"","background-repeat":"repeat","background-position":"center center","background-size":"auto","background-attachment":"scroll","background-type":"","background-media":"","overlay-type":"","overlay-color":"","overlay-opacity":"","overlay-gradient":""}},"ast-content-background-meta":{"desktop":{"background-color":"var(--ast-global-color-5)","background-image":"","background-repeat":"repeat","background-position":"center center","background-size":"auto","background-attachment":"scroll","background-type":"","background-media":"","overlay-type":"","overlay-color":"","overlay-opacity":"","overlay-gradient":""},"tablet":{"background-color":"var(--ast-global-color-5)","background-image":"","background-repeat":"repeat","background-position":"center center","background-size":"auto","background-attachment":"scroll","background-type":"","background-media":"","overlay-type":"","overlay-color":"","overlay-opacity":"","overlay-gradient":""},"mobile":{"background-color":"var(--ast-global-color-5)","background-image":"","background-repeat":"repeat","background-position":"center center","background-size":"auto","background-attachment":"scroll","background-type":"","background-media":"","overlay-type":"","overlay-color":"","overlay-opacity":"","overlay-gradient":""}},"footnotes":""},"class_list":["post-43515","page","type-page","status-publish","hentry"],"aioseo_notices":[],"_links":{"self":[{"href":"https:\/\/skin4gear.com\/da\/wp-json\/wp\/v2\/pages\/43515","targetHints":{"allow":["GET"]}}],"collection":[{"href":"https:\/\/skin4gear.com\/da\/wp-json\/wp\/v2\/pages"}],"about":[{"href":"https:\/\/skin4gear.com\/da\/wp-json\/wp\/v2\/types\/page"}],"author":[{"embeddable":true,"href":"https:\/\/skin4gear.com\/da\/wp-json\/wp\/v2\/users\/1"}],"replies":[{"embeddable":true,"href":"https:\/\/skin4gear.com\/da\/wp-json\/wp\/v2\/comments?post=43515"}],"version-history":[{"count":0,"href":"https:\/\/skin4gear.com\/da\/wp-json\/wp\/v2\/pages\/43515\/revisions"}],"wp:attachment":[{"href":"https:\/\/skin4gear.com\/da\/wp-json\/wp\/v2\/media?parent=43515"}],"curies":[{"name":"wp","href":"https:\/\/api.w.org\/{rel}","templated":true}]}}