{"id":13219,"date":"2024-11-24T11:04:43","date_gmt":"2024-11-24T10:04:43","guid":{"rendered":"https:\/\/skin4gear.com\/?page_id=13219"},"modified":"2026-02-20T21:27:25","modified_gmt":"2026-02-20T20:27:25","slug":"rueckgabebedingungen","status":"publish","type":"page","link":"https:\/\/skin4gear.com\/de\/rueckgabebedingungen\/","title":{"rendered":"Garantie &amp; R\u00fccksendung"},"content":{"rendered":"\t\t<div data-elementor-type=\"wp-page\" data-elementor-id=\"13219\" class=\"elementor elementor-13219 elementor-12966\">\n\t\t\t\t\t\t<section class=\"elementor-section elementor-top-section elementor-element elementor-element-71d9d002 elementor-section-boxed elementor-section-height-default elementor-section-height-default\" data-id=\"71d9d002\" data-element_type=\"section\" data-e-type=\"section\">\n\t\t\t\t\t\t<div class=\"elementor-container elementor-column-gap-default\">\n\t\t\t\t\t<div class=\"elementor-column elementor-col-100 elementor-top-column elementor-element elementor-element-ba6aec5\" data-id=\"ba6aec5\" data-element_type=\"column\" data-e-type=\"column\">\n\t\t\t<div class=\"elementor-widget-wrap elementor-element-populated\">\n\t\t\t\t\t\t<div class=\"elementor-element elementor-element-546e772a elementor-widget elementor-widget-text-editor\" data-id=\"546e772a\" data-element_type=\"widget\" data-e-type=\"widget\" data-widget_type=\"text-editor.default\">\n\t\t\t\t<div class=\"elementor-widget-container\">\n\t\t\t\t\t\t\t\t\t<h2>Garantie &amp; R\u00fccksendung<\/h2>\n<p>skin4gear macht R\u00fcckgaben und Umtausch einfach und transparent.<\/p>\n\n<h3>R\u00fcckgabe innerhalb von 30 Tagen<\/h3>\n<p>Sie k\u00f6nnen Artikel innerhalb von 30 Tagen nach Lieferung zur\u00fcckgeben. R\u00fcckgaben werden f\u00fcr mangelfreie und mangelhafte Artikel akzeptiert.<\/p>\n\n<h3>R\u00fcckgabe per Post \u2013 kostenloses GLS-Retourenlabel<\/h3>\n<ol>\n  <li>Schreiben Sie an info@skin4gear.com und geben Sie Ihre Bestellnummer an.<\/li>\n  <li>skin4gear sendet automatisch ein vorfrankiertes GLS-Retourenlabel zum Herunterladen und Ausdrucken.<\/li>\n  <li>Senden Sie die R\u00fcckgabe per Postversand mit GLS.<\/li>\n<\/ol>\n<p>Die R\u00fcckgabe ist kostenlos. Es fallen keine Wiedereinlagerungsgeb\u00fchren an.<\/p>\n\n<h3>Umtausch<\/h3>\n<p>Umtausch wird akzeptiert. Kontaktieren Sie info@skin4gear.com (Bestellnummer angeben). Sie erhalten automatisch ein kostenloses GLS-Retourenlabel zum Herunterladen und Ausdrucken. Nach Eingang der R\u00fcckgabe organisiert skin4gear den Versand des Ersatzartikels.<\/p>\n\n<h3>Bearbeitungszeit<\/h3>\n<p>Nach Eingang Ihrer R\u00fcckgabe wird die Erstattung oder die Umtauschabwicklung sp\u00e4testens innerhalb von 7 Tagen bearbeitet. Erstattungen erfolgen \u00fcber die urspr\u00fcngliche Zahlungsmethode, sofern nicht anders vereinbart.<\/p>\n\n<h3>Versand &amp; Zahlung<\/h3>\n<p>Informationen zu Versand und Zahlung finden Sie hier: <a href=\"https:\/\/skin4gear.com\/de\/versand-zahlung\/\">https:\/\/skin4gear.com\/de\/versand-zahlung\/<\/a><\/p>\n\n<h3>Kontakt<\/h3>\n<p>Bei Fragen erreichen Sie uns unter: <strong>info@skin4gear.com<\/strong><\/p>\t\t\t\t\t\t\t\t<\/div>\n\t\t\t\t<\/div>\n\t\t\t\t\t<\/div>\n\t\t<\/div>\n\t\t\t\t\t<\/div>\n\t\t<\/section>\n\t\t\t\t<\/div>\n\t\t","protected":false},"excerpt":{"rendered":"<p>Garantie &amp; R\u00fccksendung skin4gear macht R\u00fcckgaben und Umtausch einfach und transparent. R\u00fcckgabe innerhalb von 30 Tagen Sie k\u00f6nnen Artikel innerhalb von 30 Tagen nach Lieferung zur\u00fcckgeben. R\u00fcckgaben werden f\u00fcr mangelfreie und mangelhafte Artikel akzeptiert. R\u00fcckgabe per Post \u2013 kostenloses GLS-Retourenlabel Schreiben Sie an info@skin4gear.com und geben Sie Ihre Bestellnummer an. skin4gear sendet automatisch ein vorfrankiertes [&hellip;]<\/p>\n","protected":false},"author":1,"featured_media":0,"parent":0,"menu_order":0,"comment_status":"closed","ping_status":"closed","template":"","meta":{"om_disable_all_campaigns":false,"site-sidebar-layout":"default","site-content-layout":"","ast-site-content-layout":"default","site-content-style":"default","site-sidebar-style":"default","ast-global-header-display":"","ast-banner-title-visibility":"","ast-main-header-display":"","ast-hfb-above-header-display":"","ast-hfb-below-header-display":"","ast-hfb-mobile-header-display":"","site-post-title":"","ast-breadcrumbs-content":"","ast-featured-img":"","footer-sml-layout":"","ast-disable-related-posts":"","theme-transparent-header-meta":"","adv-header-id-meta":"","stick-header-meta":"","header-above-stick-meta":"","header-main-stick-meta":"","header-below-stick-meta":"","astra-migrate-meta-layouts":"set","ast-page-background-enabled":"default","ast-page-background-meta":{"desktop":{"background-color":"","background-image":"","background-repeat":"repeat","background-position":"center center","background-size":"auto","background-attachment":"scroll","background-type":"","background-media":"","overlay-type":"","overlay-color":"","overlay-opacity":"","overlay-gradient":""},"tablet":{"background-color":"","background-image":"","background-repeat":"repeat","background-position":"center center","background-size":"auto","background-attachment":"scroll","background-type":"","background-media":"","overlay-type":"","overlay-color":"","overlay-opacity":"","overlay-gradient":""},"mobile":{"background-color":"","background-image":"","background-repeat":"repeat","background-position":"center center","background-size":"auto","background-attachment":"scroll","background-type":"","background-media":"","overlay-type":"","overlay-color":"","overlay-opacity":"","overlay-gradient":""}},"ast-content-background-meta":{"desktop":{"background-color":"var(--ast-global-color-5)","background-image":"","background-repeat":"repeat","background-position":"center center","background-size":"auto","background-attachment":"scroll","background-type":"","background-media":"","overlay-type":"","overlay-color":"","overlay-opacity":"","overlay-gradient":""},"tablet":{"background-color":"var(--ast-global-color-5)","background-image":"","background-repeat":"repeat","background-position":"center center","background-size":"auto","background-attachment":"scroll","background-type":"","background-media":"","overlay-type":"","overlay-color":"","overlay-opacity":"","overlay-gradient":""},"mobile":{"background-color":"var(--ast-global-color-5)","background-image":"","background-repeat":"repeat","background-position":"center center","background-size":"auto","background-attachment":"scroll","background-type":"","background-media":"","overlay-type":"","overlay-color":"","overlay-opacity":"","overlay-gradient":""}},"footnotes":""},"class_list":["post-13219","page","type-page","status-publish","hentry"],"aioseo_notices":[],"_links":{"self":[{"href":"https:\/\/skin4gear.com\/de\/wp-json\/wp\/v2\/pages\/13219","targetHints":{"allow":["GET"]}}],"collection":[{"href":"https:\/\/skin4gear.com\/de\/wp-json\/wp\/v2\/pages"}],"about":[{"href":"https:\/\/skin4gear.com\/de\/wp-json\/wp\/v2\/types\/page"}],"author":[{"embeddable":true,"href":"https:\/\/skin4gear.com\/de\/wp-json\/wp\/v2\/users\/1"}],"replies":[{"embeddable":true,"href":"https:\/\/skin4gear.com\/de\/wp-json\/wp\/v2\/comments?post=13219"}],"version-history":[{"count":0,"href":"https:\/\/skin4gear.com\/de\/wp-json\/wp\/v2\/pages\/13219\/revisions"}],"wp:attachment":[{"href":"https:\/\/skin4gear.com\/de\/wp-json\/wp\/v2\/media?parent=13219"}],"curies":[{"name":"wp","href":"https:\/\/api.w.org\/{rel}","templated":true}]}}