{"id":13255,"date":"2024-11-24T11:04:43","date_gmt":"2024-11-24T10:04:43","guid":{"rendered":"https:\/\/skin4gear.com\/?page_id=13255"},"modified":"2025-01-27T20:16:52","modified_gmt":"2025-01-27T19:16:52","slug":"politica-de-devoluciones","status":"publish","type":"page","link":"https:\/\/skin4gear.com\/es\/politica-de-devoluciones\/","title":{"rendered":"Pol\u00edtica de devoluciones"},"content":{"rendered":"\t\t<div data-elementor-type=\"wp-page\" data-elementor-id=\"13255\" class=\"elementor elementor-13255 elementor-12966\">\n\t\t\t\t\t\t<section class=\"elementor-section elementor-top-section elementor-element elementor-element-7ee7d518 elementor-section-boxed elementor-section-height-default elementor-section-height-default\" data-id=\"7ee7d518\" data-element_type=\"section\" data-e-type=\"section\">\n\t\t\t\t\t\t<div class=\"elementor-container elementor-column-gap-default\">\n\t\t\t\t\t<div class=\"elementor-column elementor-col-100 elementor-top-column elementor-element elementor-element-221ecd1f\" data-id=\"221ecd1f\" data-element_type=\"column\" data-e-type=\"column\">\n\t\t\t<div class=\"elementor-widget-wrap elementor-element-populated\">\n\t\t\t\t\t\t<div class=\"elementor-element elementor-element-59a5be2e elementor-widget elementor-widget-text-editor\" data-id=\"59a5be2e\" data-element_type=\"widget\" data-e-type=\"widget\" data-widget_type=\"text-editor.default\">\n\t\t\t\t<div class=\"elementor-widget-container\">\n\t\t\t\t\t\t\t\t\t<h3><strong>Pol\u00edtica de devoluciones de Skin4Gear \u2013 Simple y amigable<\/strong><\/h3><p><strong>Nuestra garant\u00eda de satisfacci\u00f3n<\/strong><br \/>Tu satisfacci\u00f3n es nuestra prioridad. Si no est\u00e1s satisfecho con tu compra, la devoluci\u00f3n es simple y sin complicaciones.<\/p><hr \/><h3><strong>Devoluciones f\u00e1ciles<\/strong><\/h3><ol><li><strong>Plazo de devoluci\u00f3n<\/strong>: Los productos se pueden devolver dentro de los <strong>30 d\u00edas posteriores a la entrega<\/strong>.<\/li><li><strong>Estado del producto<\/strong>: Aceptamos productos que est\u00e9n <strong>sin da\u00f1os<\/strong> y en su <strong>estado original<\/strong>.<\/li><li><strong>Proceso sencillo<\/strong>: Env\u00edanos un correo electr\u00f3nico con tu n\u00famero de pedido y nos encargaremos del resto.<\/li><\/ol><hr \/><h3><strong>Productos no retornables<\/strong><\/h3><ul><li>Productos personalizados o hechos a medida.<\/li><li>Productos con signos evidentes de uso o da\u00f1os.<\/li><\/ul><hr \/><h3><strong>\u00bfC\u00f3mo iniciar una devoluci\u00f3n?<\/strong><\/h3><ol><li><strong>Cont\u00e1ctanos<\/strong> en <strong><a rel=\"noopener\">info@skin4gear.com<\/a><\/strong> con tu n\u00famero de pedido.<\/li><li><strong>Te enviaremos instrucciones<\/strong>, incluida la direcci\u00f3n de devoluci\u00f3n.<\/li><li>Empaca el producto de forma segura y env\u00edalo de vuelta.<\/li><\/ol><hr \/><h3><strong>Reembolsos sin complicaciones<\/strong><\/h3><ul><li>Una vez que recibamos y verifiquemos tu devoluci\u00f3n, el reembolso ser\u00e1 <strong>procesado en un plazo de 7 d\u00edas<\/strong>.<\/li><li>El reembolso se realizar\u00e1 a trav\u00e9s del m\u00e9todo de pago original.<\/li><\/ul><hr \/><h3><strong>Costos de env\u00edo para devoluciones<\/strong><\/h3><ul><li><strong>\u00bfDevoluci\u00f3n por motivos personales?<\/strong> Los costos de env\u00edo corren por cuenta del cliente.<\/li><li><strong>\u00bfError nuestro?<\/strong> Si el producto es defectuoso o incorrecto, cubriremos los costos de devoluci\u00f3n.<\/li><\/ul><hr \/><h3><strong>Productos da\u00f1ados o incorrectos<\/strong><\/h3><p>Si tu producto llega da\u00f1ado o recibes un producto incorrecto:<\/p><ol><li>Cont\u00e1ctanos dentro de los <strong>7 d\u00edas posteriores a la entrega<\/strong>.<\/li><li>Incluye una foto y una descripci\u00f3n del problema.<\/li><li>Nos encargaremos de todo, incluidos los costos de env\u00edo y el reemplazo del producto.<\/li><\/ol><hr \/><p><strong>\u00bfTienes preguntas? \u00a1Estamos aqu\u00ed para ayudarte!<\/strong><br \/>\ud83d\udce7 Escr\u00edbenos a <strong><a rel=\"noopener\">info@skin4gear.com<\/a><\/strong><\/p><p>\u00a1Gracias por elegir Skin4Gear! \ud83d\udc9b<\/p>\t\t\t\t\t\t\t\t<\/div>\n\t\t\t\t<\/div>\n\t\t\t\t\t<\/div>\n\t\t<\/div>\n\t\t\t\t\t<\/div>\n\t\t<\/section>\n\t\t\t\t<\/div>\n\t\t","protected":false},"excerpt":{"rendered":"<p>Pol\u00edtica de devoluciones de Skin4Gear \u2013 Simple y amigable Nuestra garant\u00eda de satisfacci\u00f3nTu satisfacci\u00f3n es nuestra prioridad. Si no est\u00e1s satisfecho con tu compra, la devoluci\u00f3n es simple y sin complicaciones. Devoluciones f\u00e1ciles Plazo de devoluci\u00f3n: Los productos se pueden devolver dentro de los 30 d\u00edas posteriores a la entrega. Estado del producto: Aceptamos productos [&hellip;]<\/p>\n","protected":false},"author":1,"featured_media":0,"parent":0,"menu_order":0,"comment_status":"closed","ping_status":"closed","template":"","meta":{"om_disable_all_campaigns":false,"site-sidebar-layout":"default","site-content-layout":"","ast-site-content-layout":"default","site-content-style":"default","site-sidebar-style":"default","ast-global-header-display":"","ast-banner-title-visibility":"","ast-main-header-display":"","ast-hfb-above-header-display":"","ast-hfb-below-header-display":"","ast-hfb-mobile-header-display":"","site-post-title":"","ast-breadcrumbs-content":"","ast-featured-img":"","footer-sml-layout":"","ast-disable-related-posts":"","theme-transparent-header-meta":"","adv-header-id-meta":"","stick-header-meta":"","header-above-stick-meta":"","header-main-stick-meta":"","header-below-stick-meta":"","astra-migrate-meta-layouts":"set","ast-page-background-enabled":"default","ast-page-background-meta":{"desktop":{"background-color":"","background-image":"","background-repeat":"repeat","background-position":"center center","background-size":"auto","background-attachment":"scroll","background-type":"","background-media":"","overlay-type":"","overlay-color":"","overlay-opacity":"","overlay-gradient":""},"tablet":{"background-color":"","background-image":"","background-repeat":"repeat","background-position":"center center","background-size":"auto","background-attachment":"scroll","background-type":"","background-media":"","overlay-type":"","overlay-color":"","overlay-opacity":"","overlay-gradient":""},"mobile":{"background-color":"","background-image":"","background-repeat":"repeat","background-position":"center center","background-size":"auto","background-attachment":"scroll","background-type":"","background-media":"","overlay-type":"","overlay-color":"","overlay-opacity":"","overlay-gradient":""}},"ast-content-background-meta":{"desktop":{"background-color":"var(--ast-global-color-5)","background-image":"","background-repeat":"repeat","background-position":"center center","background-size":"auto","background-attachment":"scroll","background-type":"","background-media":"","overlay-type":"","overlay-color":"","overlay-opacity":"","overlay-gradient":""},"tablet":{"background-color":"var(--ast-global-color-5)","background-image":"","background-repeat":"repeat","background-position":"center center","background-size":"auto","background-attachment":"scroll","background-type":"","background-media":"","overlay-type":"","overlay-color":"","overlay-opacity":"","overlay-gradient":""},"mobile":{"background-color":"var(--ast-global-color-5)","background-image":"","background-repeat":"repeat","background-position":"center center","background-size":"auto","background-attachment":"scroll","background-type":"","background-media":"","overlay-type":"","overlay-color":"","overlay-opacity":"","overlay-gradient":""}},"footnotes":""},"class_list":["post-13255","page","type-page","status-publish","hentry"],"aioseo_notices":[],"_links":{"self":[{"href":"https:\/\/skin4gear.com\/es\/wp-json\/wp\/v2\/pages\/13255","targetHints":{"allow":["GET"]}}],"collection":[{"href":"https:\/\/skin4gear.com\/es\/wp-json\/wp\/v2\/pages"}],"about":[{"href":"https:\/\/skin4gear.com\/es\/wp-json\/wp\/v2\/types\/page"}],"author":[{"embeddable":true,"href":"https:\/\/skin4gear.com\/es\/wp-json\/wp\/v2\/users\/1"}],"replies":[{"embeddable":true,"href":"https:\/\/skin4gear.com\/es\/wp-json\/wp\/v2\/comments?post=13255"}],"version-history":[{"count":0,"href":"https:\/\/skin4gear.com\/es\/wp-json\/wp\/v2\/pages\/13255\/revisions"}],"wp:attachment":[{"href":"https:\/\/skin4gear.com\/es\/wp-json\/wp\/v2\/media?parent=13255"}],"curies":[{"name":"wp","href":"https:\/\/api.w.org\/{rel}","templated":true}]}}