{"id":13215,"date":"2024-11-24T11:04:43","date_gmt":"2024-11-24T10:04:43","guid":{"rendered":"https:\/\/skin4gear.com\/?page_id=13215"},"modified":"2026-02-20T19:45:05","modified_gmt":"2026-02-20T18:45:05","slug":"palautuskaytanto","status":"publish","type":"page","link":"https:\/\/skin4gear.com\/fi\/palautuskaytanto\/","title":{"rendered":"Palautusk\u00e4yt\u00e4nt\u00f6"},"content":{"rendered":"\t\t<div data-elementor-type=\"wp-page\" data-elementor-id=\"13215\" class=\"elementor elementor-13215 elementor-12966\">\n\t\t\t\t\t\t<section class=\"elementor-section elementor-top-section elementor-element elementor-element-77ce838 elementor-section-boxed elementor-section-height-default elementor-section-height-default\" data-id=\"77ce838\" data-element_type=\"section\" data-e-type=\"section\">\n\t\t\t\t\t\t<div class=\"elementor-container elementor-column-gap-default\">\n\t\t\t\t\t<div class=\"elementor-column elementor-col-100 elementor-top-column elementor-element elementor-element-b8f1cf9\" data-id=\"b8f1cf9\" data-element_type=\"column\" data-e-type=\"column\">\n\t\t\t<div class=\"elementor-widget-wrap elementor-element-populated\">\n\t\t\t\t\t\t<div class=\"elementor-element elementor-element-1472702 elementor-widget elementor-widget-text-editor\" data-id=\"1472702\" data-element_type=\"widget\" data-e-type=\"widget\" data-widget_type=\"text-editor.default\">\n\t\t\t\t<div class=\"elementor-widget-container\">\n\t\t\t\t\t\t\t\t\t<h2>Palautusk\u00e4yt\u00e4nt\u00f6<\/h2>\n<p>skin4gear haluaa tehd\u00e4 palautuksista ja vaihdoista selkeit\u00e4 ja helppoja.<\/p>\n\n<h3>30 p\u00e4iv\u00e4n palautusaika<\/h3>\n<p>Tuotteet voi palauttaa 30 p\u00e4iv\u00e4n kuluessa toimituksesta.<\/p>\n\n<h3>Palautus postitse \u2013 maksuton GLS-palautustarra<\/h3>\n<ol>\n  <li>Ota yhteytt\u00e4 osoitteeseen info@skin4gear.com ja ilmoita tilausnumerosi.<\/li>\n  <li>skin4gear l\u00e4hett\u00e4\u00e4 automaattisesti etuk\u00e4teen maksetun GLS-palautustarran (lataa ja tulosta).<\/li>\n  <li>L\u00e4het\u00e4 palautus postitse GLS:n kautta.<\/li>\n<\/ol>\n<p>Palautus on maksuton. Varaston k\u00e4sittelymaksuja ei perit\u00e4.<\/p>\n\n<h3>Tuotteen kunto<\/h3>\n<p>Hyv\u00e4ksymme palautukset tuotteista, jotka ovat uudenveroisessa kunnossa.<\/p>\n\n<h3>Vaihdot<\/h3>\n<p>Vaihdot hyv\u00e4ksyt\u00e4\u00e4n. Ota yhteytt\u00e4 osoitteeseen info@skin4gear.com ja ilmoita tilausnumerosi. Saat maksuttoman GLS-palautustarran (lataa ja tulosta). Kun palautus on vastaanotettu, j\u00e4rjest\u00e4mme korvaavan tuotteen l\u00e4hetyksen.<\/p>\n\n<h3>K\u00e4sittelyaika<\/h3>\n<p>Kun olemme vastaanottaneet palautuksen, hyvitys tai vaihdon k\u00e4sittely tehd\u00e4\u00e4n viimeist\u00e4\u00e4n 7 p\u00e4iv\u00e4n kuluessa.<\/p>\n\n<h3>Toimitus ja maksaminen<\/h3>\n<p>Toimitusta ja maksamista koskevat tiedot l\u00f6ytyv\u00e4t t\u00e4\u00e4lt\u00e4: <a href=\"https:\/\/skin4gear.com\/fi\/toimitus-ja-maksaminen\/\">https:\/\/skin4gear.com\/fi\/toimitus-ja-maksaminen\/<\/a><\/p>\n\n<h3>Yhteystiedot<\/h3>\n<p>Jos sinulla on kysytt\u00e4v\u00e4\u00e4, ota yhteytt\u00e4: <strong>info@skin4gear.com<\/strong>.<\/p>\t\t\t\t\t\t\t\t<\/div>\n\t\t\t\t<\/div>\n\t\t\t\t\t<\/div>\n\t\t<\/div>\n\t\t\t\t\t<\/div>\n\t\t<\/section>\n\t\t\t\t<\/div>\n\t\t","protected":false},"excerpt":{"rendered":"<p>Palautusk\u00e4yt\u00e4nt\u00f6 skin4gear haluaa tehd\u00e4 palautuksista ja vaihdoista selkeit\u00e4 ja helppoja. 30 p\u00e4iv\u00e4n palautusaika Tuotteet voi palauttaa 30 p\u00e4iv\u00e4n kuluessa toimituksesta. Palautus postitse \u2013 maksuton GLS-palautustarra Ota yhteytt\u00e4 osoitteeseen info@skin4gear.com ja ilmoita tilausnumerosi. skin4gear l\u00e4hett\u00e4\u00e4 automaattisesti etuk\u00e4teen maksetun GLS-palautustarran (lataa ja tulosta). L\u00e4het\u00e4 palautus postitse GLS:n kautta. Palautus on maksuton. Varaston k\u00e4sittelymaksuja ei perit\u00e4. Tuotteen kunto [&hellip;]<\/p>\n","protected":false},"author":1,"featured_media":0,"parent":0,"menu_order":0,"comment_status":"closed","ping_status":"closed","template":"","meta":{"om_disable_all_campaigns":false,"site-sidebar-layout":"default","site-content-layout":"","ast-site-content-layout":"default","site-content-style":"default","site-sidebar-style":"default","ast-global-header-display":"","ast-banner-title-visibility":"","ast-main-header-display":"","ast-hfb-above-header-display":"","ast-hfb-below-header-display":"","ast-hfb-mobile-header-display":"","site-post-title":"","ast-breadcrumbs-content":"","ast-featured-img":"","footer-sml-layout":"","ast-disable-related-posts":"","theme-transparent-header-meta":"","adv-header-id-meta":"","stick-header-meta":"","header-above-stick-meta":"","header-main-stick-meta":"","header-below-stick-meta":"","astra-migrate-meta-layouts":"set","ast-page-background-enabled":"default","ast-page-background-meta":{"desktop":{"background-color":"","background-image":"","background-repeat":"repeat","background-position":"center center","background-size":"auto","background-attachment":"scroll","background-type":"","background-media":"","overlay-type":"","overlay-color":"","overlay-opacity":"","overlay-gradient":""},"tablet":{"background-color":"","background-image":"","background-repeat":"repeat","background-position":"center center","background-size":"auto","background-attachment":"scroll","background-type":"","background-media":"","overlay-type":"","overlay-color":"","overlay-opacity":"","overlay-gradient":""},"mobile":{"background-color":"","background-image":"","background-repeat":"repeat","background-position":"center center","background-size":"auto","background-attachment":"scroll","background-type":"","background-media":"","overlay-type":"","overlay-color":"","overlay-opacity":"","overlay-gradient":""}},"ast-content-background-meta":{"desktop":{"background-color":"var(--ast-global-color-5)","background-image":"","background-repeat":"repeat","background-position":"center center","background-size":"auto","background-attachment":"scroll","background-type":"","background-media":"","overlay-type":"","overlay-color":"","overlay-opacity":"","overlay-gradient":""},"tablet":{"background-color":"var(--ast-global-color-5)","background-image":"","background-repeat":"repeat","background-position":"center center","background-size":"auto","background-attachment":"scroll","background-type":"","background-media":"","overlay-type":"","overlay-color":"","overlay-opacity":"","overlay-gradient":""},"mobile":{"background-color":"var(--ast-global-color-5)","background-image":"","background-repeat":"repeat","background-position":"center center","background-size":"auto","background-attachment":"scroll","background-type":"","background-media":"","overlay-type":"","overlay-color":"","overlay-opacity":"","overlay-gradient":""}},"footnotes":""},"class_list":["post-13215","page","type-page","status-publish","hentry"],"aioseo_notices":[],"_links":{"self":[{"href":"https:\/\/skin4gear.com\/fi\/wp-json\/wp\/v2\/pages\/13215","targetHints":{"allow":["GET"]}}],"collection":[{"href":"https:\/\/skin4gear.com\/fi\/wp-json\/wp\/v2\/pages"}],"about":[{"href":"https:\/\/skin4gear.com\/fi\/wp-json\/wp\/v2\/types\/page"}],"author":[{"embeddable":true,"href":"https:\/\/skin4gear.com\/fi\/wp-json\/wp\/v2\/users\/1"}],"replies":[{"embeddable":true,"href":"https:\/\/skin4gear.com\/fi\/wp-json\/wp\/v2\/comments?post=13215"}],"version-history":[{"count":0,"href":"https:\/\/skin4gear.com\/fi\/wp-json\/wp\/v2\/pages\/13215\/revisions"}],"wp:attachment":[{"href":"https:\/\/skin4gear.com\/fi\/wp-json\/wp\/v2\/media?parent=13215"}],"curies":[{"name":"wp","href":"https:\/\/api.w.org\/{rel}","templated":true}]}}