{"id":43519,"date":"2026-01-29T23:33:45","date_gmt":"2026-01-29T22:33:45","guid":{"rendered":"https:\/\/skin4gear.com\/?page_id=43519"},"modified":"2026-01-30T11:44:21","modified_gmt":"2026-01-30T10:44:21","slug":"toimitus-ja-maksaminen","status":"publish","type":"page","link":"https:\/\/skin4gear.com\/fi\/toimitus-ja-maksaminen\/","title":{"rendered":"Toimitus ja maksaminen"},"content":{"rendered":"\n<h3 class=\"wp-block-heading\">Ilmainen toimitus<\/h3>\n\n\n\n<p>Ilmainen toimitus on voimassa seuraaviin maihin:<br><strong>Belgia, Bulgaria, T\u0161ekin tasavalta, Tanska, Viro, Suomi, Ranska, Gibraltar, Kroatia, Irlanti, Italia, Kypros, Liechtenstein, Liettua, Latvia, Luxemburg, Unkari, Saksa, Alankomaat, Norja, Puola, Portugali, It\u00e4valta, Romania, Kreikka, Slovakia, Slovenia, Yhdistynyt kuningaskunta, Espanja, Ruotsi, Sveitsi.<\/strong><\/p>\n\n\n\n<hr class=\"wp-block-separator has-alpha-channel-opacity\"\/>\n\n\n\n<h3 class=\"wp-block-heading\">L\u00e4hetys ja toimitusajat<\/h3>\n\n\n\n<p><strong>Valmistusaika:<\/strong> <strong>1 arkip\u00e4iv\u00e4<\/strong> (valmistetaan tilauksesta).<br><strong>L\u00e4hetys:<\/strong> l\u00e4het\u00e4n tilaukset yleens\u00e4 <strong>1\u20133 arkip\u00e4iv\u00e4n<\/strong> kuluessa.<\/p>\n\n\n\n<p><strong>Arvioidut toimitusajat kohdemaan mukaan:<\/strong><\/p>\n\n\n\n<ul class=\"wp-block-list\">\n<li><strong>2\u20133 arkip\u00e4iv\u00e4\u00e4:<\/strong> T\u0161ekin tasavalta, Slovakia<\/li>\n\n\n\n<li><strong>3 arkip\u00e4iv\u00e4\u00e4:<\/strong> Unkari, Saksa, Puola, It\u00e4valta<\/li>\n\n\n\n<li><strong>4 arkip\u00e4iv\u00e4\u00e4:<\/strong> Belgia, Liechtenstein, Liettua, Luxemburg, Alankomaat, Romania, Slovenia, Sveitsi<\/li>\n\n\n\n<li><strong>4\u20135 arkip\u00e4iv\u00e4\u00e4:<\/strong> Tanska, Latvia<\/li>\n\n\n\n<li><strong>4\u20136 arkip\u00e4iv\u00e4\u00e4:<\/strong> Viro, Ranska<\/li>\n\n\n\n<li><strong>4\u20138 arkip\u00e4iv\u00e4\u00e4:<\/strong> Kroatia, Norja, Ruotsi<\/li>\n\n\n\n<li><strong>5 arkip\u00e4iv\u00e4\u00e4:<\/strong> Irlanti, Yhdistynyt kuningaskunta<\/li>\n\n\n\n<li><strong>5\u20136 arkip\u00e4iv\u00e4\u00e4:<\/strong> Bulgaria<\/li>\n\n\n\n<li><strong>5\u20137 arkip\u00e4iv\u00e4\u00e4:<\/strong> Suomi<\/li>\n\n\n\n<li><strong>5\u20138 arkip\u00e4iv\u00e4\u00e4:<\/strong> Espanja<\/li>\n\n\n\n<li><strong>5\u20139 arkip\u00e4iv\u00e4\u00e4:<\/strong> Italia, Portugali<\/li>\n\n\n\n<li><strong>6\u20139 arkip\u00e4iv\u00e4\u00e4:<\/strong> Kreikka<\/li>\n\n\n\n<li><strong>Ei mainittu kuljetusliikkeen hinnastossa (arvio):<\/strong> Kypros, Gibraltar \u2014 noin <strong>7\u201312 arkip\u00e4iv\u00e4\u00e4<\/strong><\/li>\n<\/ul>\n\n\n\n<p><em>Kuljetusajat ovat suuntaa-antavia eik\u00e4 niit\u00e4 taata. EU:n ulkopuolisiin kohteisiin toimitus voi kest\u00e4\u00e4 pidemp\u00e4\u00e4n tullimenettelyjen vuoksi.<\/em><\/p>\n\n\n\n<hr class=\"wp-block-separator has-alpha-channel-opacity\"\/>\n\n\n\n<h3 class=\"wp-block-heading\">L\u00e4hetyksen seuranta<\/h3>\n\n\n\n<p>L\u00e4hetyksen j\u00e4lkeen saat s\u00e4hk\u00f6postin, jossa on seurantakoodi.<br>GLS-seuranta: <a href=\"https:\/\/gls-group.com\/CZ\/en\/parcel-tracking\">https:\/\/gls-group.com\/CZ\/en\/parcel-tracking<\/a><\/p>\n\n\n\n<hr class=\"wp-block-separator has-alpha-channel-opacity\"\/>\n\n\n\n<h3 class=\"wp-block-heading\">Maksu<\/h3>\n\n\n\n<p>Saatavilla olevat maksutavat n\u00e4ytet\u00e4\u00e4n kassalla toimitusmaan mukaan. Useimmiten voit k\u00e4ytt\u00e4\u00e4:<\/p>\n\n\n\n<ul class=\"wp-block-list\">\n<li><strong>Pankki-\/luottokortti verkossa (Stripe)<\/strong><\/li>\n\n\n\n<li><strong>PayPal<\/strong><\/li>\n\n\n\n<li><strong>Pankkisiirto<\/strong> (l\u00e4het\u00e4n tilauksen, kun maksu on vastaanotettu)<\/li>\n<\/ul>\n\n\n\n<hr class=\"wp-block-separator has-alpha-channel-opacity\"\/>\n\n\n\n<h3 class=\"wp-block-heading\">ALV ja tullimaksut (EU:n ulkopuolella)<\/h3>\n\n\n\n<p>EU:n ulkopuolelle toimitettavissa l\u00e4hetyksiss\u00e4 voidaan maahantuonnin yhteydess\u00e4 veloittaa <strong>tullimaksuja ja paikallinen ALV<\/strong> kohdemaan s\u00e4\u00e4nt\u00f6jen mukaisesti. N\u00e4m\u00e4 maksut maksaa yleens\u00e4 vastaanottaja.<\/p>\n\n\n\n<hr class=\"wp-block-separator has-alpha-channel-opacity\"\/>\n\n\n\n<h3 class=\"wp-block-heading\">Lasku<\/h3>\n\n\n\n<p>Voit ladata laskun\/verotositteen asiakastililt\u00e4si. Jos tarvitset sen s\u00e4hk\u00f6postitse, l\u00e4het\u00e4 minulle viesti \u2014 l\u00e4het\u00e4n sen mielell\u00e4ni.<\/p>\n","protected":false},"excerpt":{"rendered":"<p>Ilmainen toimitus Ilmainen toimitus on voimassa seuraaviin maihin:Belgia, Bulgaria, T\u0161ekin tasavalta, Tanska, Viro, Suomi, Ranska, Gibraltar, Kroatia, Irlanti, Italia, Kypros, Liechtenstein, Liettua, Latvia, Luxemburg, Unkari, Saksa, Alankomaat, Norja, Puola, Portugali, It\u00e4valta, Romania, Kreikka, Slovakia, Slovenia, Yhdistynyt kuningaskunta, Espanja, Ruotsi, Sveitsi. L\u00e4hetys ja toimitusajat Valmistusaika: 1 arkip\u00e4iv\u00e4 (valmistetaan tilauksesta).L\u00e4hetys: l\u00e4het\u00e4n tilaukset yleens\u00e4 1\u20133 arkip\u00e4iv\u00e4n kuluessa. Arvioidut [&hellip;]<\/p>\n","protected":false},"author":1,"featured_media":0,"parent":0,"menu_order":0,"comment_status":"closed","ping_status":"closed","template":"","meta":{"om_disable_all_campaigns":false,"site-sidebar-layout":"default","site-content-layout":"","ast-site-content-layout":"default","site-content-style":"default","site-sidebar-style":"default","ast-global-header-display":"","ast-banner-title-visibility":"","ast-main-header-display":"","ast-hfb-above-header-display":"","ast-hfb-below-header-display":"","ast-hfb-mobile-header-display":"","site-post-title":"","ast-breadcrumbs-content":"","ast-featured-img":"","footer-sml-layout":"","ast-disable-related-posts":"","theme-transparent-header-meta":"","adv-header-id-meta":"","stick-header-meta":"","header-above-stick-meta":"","header-main-stick-meta":"","header-below-stick-meta":"","astra-migrate-meta-layouts":"set","ast-page-background-enabled":"default","ast-page-background-meta":{"desktop":{"background-color":"","background-image":"","background-repeat":"repeat","background-position":"center center","background-size":"auto","background-attachment":"scroll","background-type":"","background-media":"","overlay-type":"","overlay-color":"","overlay-opacity":"","overlay-gradient":""},"tablet":{"background-color":"","background-image":"","background-repeat":"repeat","background-position":"center center","background-size":"auto","background-attachment":"scroll","background-type":"","background-media":"","overlay-type":"","overlay-color":"","overlay-opacity":"","overlay-gradient":""},"mobile":{"background-color":"","background-image":"","background-repeat":"repeat","background-position":"center center","background-size":"auto","background-attachment":"scroll","background-type":"","background-media":"","overlay-type":"","overlay-color":"","overlay-opacity":"","overlay-gradient":""}},"ast-content-background-meta":{"desktop":{"background-color":"var(--ast-global-color-5)","background-image":"","background-repeat":"repeat","background-position":"center center","background-size":"auto","background-attachment":"scroll","background-type":"","background-media":"","overlay-type":"","overlay-color":"","overlay-opacity":"","overlay-gradient":""},"tablet":{"background-color":"var(--ast-global-color-5)","background-image":"","background-repeat":"repeat","background-position":"center center","background-size":"auto","background-attachment":"scroll","background-type":"","background-media":"","overlay-type":"","overlay-color":"","overlay-opacity":"","overlay-gradient":""},"mobile":{"background-color":"var(--ast-global-color-5)","background-image":"","background-repeat":"repeat","background-position":"center center","background-size":"auto","background-attachment":"scroll","background-type":"","background-media":"","overlay-type":"","overlay-color":"","overlay-opacity":"","overlay-gradient":""}},"footnotes":""},"class_list":["post-43519","page","type-page","status-publish","hentry"],"aioseo_notices":[],"_links":{"self":[{"href":"https:\/\/skin4gear.com\/fi\/wp-json\/wp\/v2\/pages\/43519","targetHints":{"allow":["GET"]}}],"collection":[{"href":"https:\/\/skin4gear.com\/fi\/wp-json\/wp\/v2\/pages"}],"about":[{"href":"https:\/\/skin4gear.com\/fi\/wp-json\/wp\/v2\/types\/page"}],"author":[{"embeddable":true,"href":"https:\/\/skin4gear.com\/fi\/wp-json\/wp\/v2\/users\/1"}],"replies":[{"embeddable":true,"href":"https:\/\/skin4gear.com\/fi\/wp-json\/wp\/v2\/comments?post=43519"}],"version-history":[{"count":0,"href":"https:\/\/skin4gear.com\/fi\/wp-json\/wp\/v2\/pages\/43519\/revisions"}],"wp:attachment":[{"href":"https:\/\/skin4gear.com\/fi\/wp-json\/wp\/v2\/media?parent=43519"}],"curies":[{"name":"wp","href":"https:\/\/api.w.org\/{rel}","templated":true}]}}