{"id":43521,"date":"2026-01-29T23:33:45","date_gmt":"2026-01-29T22:33:45","guid":{"rendered":"https:\/\/skin4gear.com\/?page_id=43521"},"modified":"2026-01-30T11:45:09","modified_gmt":"2026-01-30T10:45:09","slug":"livraison-paiement","status":"publish","type":"page","link":"https:\/\/skin4gear.com\/fr\/livraison-paiement\/","title":{"rendered":"Livraison &amp; paiement"},"content":{"rendered":"\n<h3 class=\"wp-block-heading\">Livraison gratuite<\/h3>\n\n\n\n<p>La livraison gratuite s\u2019applique aux pays suivants :<br><strong>Belgique, Bulgarie, R\u00e9publique tch\u00e8que, Danemark, Estonie, Finlande, France, Gibraltar, Croatie, Irlande, Italie, Chypre, Liechtenstein, Lituanie, Lettonie, Luxembourg, Hongrie, Allemagne, Pays-Bas, Norv\u00e8ge, Pologne, Portugal, Autriche, Roumanie, Gr\u00e8ce, Slovaquie, Slov\u00e9nie, Royaume-Uni, Espagne, Su\u00e8de, Suisse.<\/strong><\/p>\n\n\n\n<hr class=\"wp-block-separator has-alpha-channel-opacity\"\/>\n\n\n\n<h3 class=\"wp-block-heading\">Exp\u00e9dition et d\u00e9lais de livraison<\/h3>\n\n\n\n<p><strong>Temps de production :<\/strong> <strong>1 jour ouvr\u00e9<\/strong> (fabriqu\u00e9 \u00e0 la commande).<br><strong>Exp\u00e9dition :<\/strong> j\u2019exp\u00e9die g\u00e9n\u00e9ralement les commandes sous <strong>1 \u00e0 3 jours ouvr\u00e9s<\/strong>.<\/p>\n\n\n\n<p><strong>D\u00e9lais de livraison estim\u00e9s par destination :<\/strong><\/p>\n\n\n\n<ul class=\"wp-block-list\">\n<li><strong>2 \u00e0 3 jours ouvr\u00e9s :<\/strong> R\u00e9publique tch\u00e8que, Slovaquie<\/li>\n\n\n\n<li><strong>3 jours ouvr\u00e9s :<\/strong> Hongrie, Allemagne, Pologne, Autriche<\/li>\n\n\n\n<li><strong>4 jours ouvr\u00e9s :<\/strong> Belgique, Liechtenstein, Lituanie, Luxembourg, Pays-Bas, Roumanie, Slov\u00e9nie, Suisse<\/li>\n\n\n\n<li><strong>4 \u00e0 5 jours ouvr\u00e9s :<\/strong> Danemark, Lettonie<\/li>\n\n\n\n<li><strong>4 \u00e0 6 jours ouvr\u00e9s :<\/strong> Estonie, France<\/li>\n\n\n\n<li><strong>4 \u00e0 8 jours ouvr\u00e9s :<\/strong> Croatie, Norv\u00e8ge, Su\u00e8de<\/li>\n\n\n\n<li><strong>5 jours ouvr\u00e9s :<\/strong> Irlande, Royaume-Uni<\/li>\n\n\n\n<li><strong>5 \u00e0 6 jours ouvr\u00e9s :<\/strong> Bulgarie<\/li>\n\n\n\n<li><strong>5 \u00e0 7 jours ouvr\u00e9s :<\/strong> Finlande<\/li>\n\n\n\n<li><strong>5 \u00e0 8 jours ouvr\u00e9s :<\/strong> Espagne<\/li>\n\n\n\n<li><strong>5 \u00e0 9 jours ouvr\u00e9s :<\/strong> Italie, Portugal<\/li>\n\n\n\n<li><strong>6 \u00e0 9 jours ouvr\u00e9s :<\/strong> Gr\u00e8ce<\/li>\n\n\n\n<li><strong>Non indiqu\u00e9 dans le devis du transporteur (estimation) :<\/strong> Chypre, Gibraltar \u2014 environ <strong>7 \u00e0 12 jours ouvr\u00e9s<\/strong><\/li>\n<\/ul>\n\n\n\n<p><em>Les d\u00e9lais de transport sont indicatifs et non garantis. Pour les destinations hors UE, les proc\u00e9dures douani\u00e8res peuvent prolonger le d\u00e9lai de livraison.<\/em><\/p>\n\n\n\n<hr class=\"wp-block-separator has-alpha-channel-opacity\"\/>\n\n\n\n<h3 class=\"wp-block-heading\">Suivi de colis<\/h3>\n\n\n\n<p>Apr\u00e8s l\u2019exp\u00e9dition, vous recevrez un e-mail avec votre num\u00e9ro de suivi.<br>Suivi GLS : <a href=\"https:\/\/gls-group.com\/CZ\/en\/parcel-tracking\">https:\/\/gls-group.com\/CZ\/en\/parcel-tracking<\/a><\/p>\n\n\n\n<hr class=\"wp-block-separator has-alpha-channel-opacity\"\/>\n\n\n\n<h3 class=\"wp-block-heading\">Paiement<\/h3>\n\n\n\n<p>Les moyens de paiement disponibles s\u2019affichent au moment du paiement selon le pays de livraison. Le plus souvent, vous pouvez utiliser :<\/p>\n\n\n\n<ul class=\"wp-block-list\">\n<li><strong>Carte bancaire en ligne (Stripe)<\/strong><\/li>\n\n\n\n<li><strong>PayPal<\/strong><\/li>\n\n\n\n<li><strong>Virement bancaire<\/strong> (j\u2019exp\u00e9die la commande apr\u00e8s r\u00e9ception du paiement)<\/li>\n<\/ul>\n\n\n\n<hr class=\"wp-block-separator has-alpha-channel-opacity\"\/>\n\n\n\n<h3 class=\"wp-block-heading\">TVA et douane (hors UE)<\/h3>\n\n\n\n<p>Pour les envois hors UE, des <strong>droits de douane et la TVA locale<\/strong> peuvent \u00eatre factur\u00e9s \u00e0 l\u2019importation selon les r\u00e8gles du pays de destination. Ces frais sont g\u00e9n\u00e9ralement pay\u00e9s par le destinataire.<\/p>\n\n\n\n<hr class=\"wp-block-separator has-alpha-channel-opacity\"\/>\n\n\n\n<h3 class=\"wp-block-heading\">Facture<\/h3>\n\n\n\n<p>Vous pouvez t\u00e9l\u00e9charger votre facture\/document fiscal dans votre compte client. Si vous souhaitez qu\u2019elle soit envoy\u00e9e par e-mail, envoyez-moi simplement un message et je serai ravi de vous l\u2019envoyer.<\/p>\n","protected":false},"excerpt":{"rendered":"<p>Livraison gratuite La livraison gratuite s\u2019applique aux pays suivants :Belgique, Bulgarie, R\u00e9publique tch\u00e8que, Danemark, Estonie, Finlande, France, Gibraltar, Croatie, Irlande, Italie, Chypre, Liechtenstein, Lituanie, Lettonie, Luxembourg, Hongrie, Allemagne, Pays-Bas, Norv\u00e8ge, Pologne, Portugal, Autriche, Roumanie, Gr\u00e8ce, Slovaquie, Slov\u00e9nie, Royaume-Uni, Espagne, Su\u00e8de, Suisse. Exp\u00e9dition et d\u00e9lais de livraison Temps de production : 1 jour ouvr\u00e9 (fabriqu\u00e9 \u00e0 [&hellip;]<\/p>\n","protected":false},"author":1,"featured_media":0,"parent":0,"menu_order":0,"comment_status":"closed","ping_status":"closed","template":"","meta":{"om_disable_all_campaigns":false,"site-sidebar-layout":"default","site-content-layout":"","ast-site-content-layout":"default","site-content-style":"default","site-sidebar-style":"default","ast-global-header-display":"","ast-banner-title-visibility":"","ast-main-header-display":"","ast-hfb-above-header-display":"","ast-hfb-below-header-display":"","ast-hfb-mobile-header-display":"","site-post-title":"","ast-breadcrumbs-content":"","ast-featured-img":"","footer-sml-layout":"","ast-disable-related-posts":"","theme-transparent-header-meta":"","adv-header-id-meta":"","stick-header-meta":"","header-above-stick-meta":"","header-main-stick-meta":"","header-below-stick-meta":"","astra-migrate-meta-layouts":"set","ast-page-background-enabled":"default","ast-page-background-meta":{"desktop":{"background-color":"","background-image":"","background-repeat":"repeat","background-position":"center center","background-size":"auto","background-attachment":"scroll","background-type":"","background-media":"","overlay-type":"","overlay-color":"","overlay-opacity":"","overlay-gradient":""},"tablet":{"background-color":"","background-image":"","background-repeat":"repeat","background-position":"center center","background-size":"auto","background-attachment":"scroll","background-type":"","background-media":"","overlay-type":"","overlay-color":"","overlay-opacity":"","overlay-gradient":""},"mobile":{"background-color":"","background-image":"","background-repeat":"repeat","background-position":"center center","background-size":"auto","background-attachment":"scroll","background-type":"","background-media":"","overlay-type":"","overlay-color":"","overlay-opacity":"","overlay-gradient":""}},"ast-content-background-meta":{"desktop":{"background-color":"var(--ast-global-color-5)","background-image":"","background-repeat":"repeat","background-position":"center center","background-size":"auto","background-attachment":"scroll","background-type":"","background-media":"","overlay-type":"","overlay-color":"","overlay-opacity":"","overlay-gradient":""},"tablet":{"background-color":"var(--ast-global-color-5)","background-image":"","background-repeat":"repeat","background-position":"center center","background-size":"auto","background-attachment":"scroll","background-type":"","background-media":"","overlay-type":"","overlay-color":"","overlay-opacity":"","overlay-gradient":""},"mobile":{"background-color":"var(--ast-global-color-5)","background-image":"","background-repeat":"repeat","background-position":"center center","background-size":"auto","background-attachment":"scroll","background-type":"","background-media":"","overlay-type":"","overlay-color":"","overlay-opacity":"","overlay-gradient":""}},"footnotes":""},"class_list":["post-43521","page","type-page","status-publish","hentry"],"aioseo_notices":[],"_links":{"self":[{"href":"https:\/\/skin4gear.com\/fr\/wp-json\/wp\/v2\/pages\/43521","targetHints":{"allow":["GET"]}}],"collection":[{"href":"https:\/\/skin4gear.com\/fr\/wp-json\/wp\/v2\/pages"}],"about":[{"href":"https:\/\/skin4gear.com\/fr\/wp-json\/wp\/v2\/types\/page"}],"author":[{"embeddable":true,"href":"https:\/\/skin4gear.com\/fr\/wp-json\/wp\/v2\/users\/1"}],"replies":[{"embeddable":true,"href":"https:\/\/skin4gear.com\/fr\/wp-json\/wp\/v2\/comments?post=43521"}],"version-history":[{"count":0,"href":"https:\/\/skin4gear.com\/fr\/wp-json\/wp\/v2\/pages\/43521\/revisions"}],"wp:attachment":[{"href":"https:\/\/skin4gear.com\/fr\/wp-json\/wp\/v2\/media?parent=43521"}],"curies":[{"name":"wp","href":"https:\/\/api.w.org\/{rel}","templated":true}]}}