{"id":43525,"date":"2026-01-29T23:33:45","date_gmt":"2026-01-29T22:33:45","guid":{"rendered":"https:\/\/skin4gear.com\/?page_id=43525"},"modified":"2026-01-30T11:46:08","modified_gmt":"2026-01-30T10:46:08","slug":"szallitas-es-fizetes","status":"publish","type":"page","link":"https:\/\/skin4gear.com\/hu\/szallitas-es-fizetes\/","title":{"rendered":"Sz\u00e1ll\u00edt\u00e1s \u00e9s fizet\u00e9s"},"content":{"rendered":"\n<h3 class=\"wp-block-heading\">Ingyenes sz\u00e1ll\u00edt\u00e1s<\/h3>\n\n\n\n<p>Az ingyenes kisz\u00e1ll\u00edt\u00e1s az al\u00e1bbi orsz\u00e1gokra vonatkozik:<br><strong>Belgium, Bulg\u00e1ria, Csehorsz\u00e1g, D\u00e1nia, \u00c9sztorsz\u00e1g, Finnorsz\u00e1g, Franciaorsz\u00e1g, Gibralt\u00e1r, Horv\u00e1torsz\u00e1g, \u00cdrorsz\u00e1g, Olaszorsz\u00e1g, Ciprus, Liechtenstein, Litv\u00e1nia, Lettorsz\u00e1g, Luxemburg, Magyarorsz\u00e1g, N\u00e9metorsz\u00e1g, Hollandia, Norv\u00e9gia, Lengyelorsz\u00e1g, Portug\u00e1lia, Ausztria, Rom\u00e1nia, G\u00f6r\u00f6gorsz\u00e1g, Szlov\u00e1kia, Szlov\u00e9nia, Egyes\u00fclt Kir\u00e1lys\u00e1g, Spanyolorsz\u00e1g, Sv\u00e9dorsz\u00e1g, Sv\u00e1jc.<\/strong><\/p>\n\n\n\n<hr class=\"wp-block-separator has-alpha-channel-opacity\"\/>\n\n\n\n<h3 class=\"wp-block-heading\">Felad\u00e1s \u00e9s sz\u00e1ll\u00edt\u00e1si id\u0151k<\/h3>\n\n\n\n<p><strong>Gy\u00e1rt\u00e1si id\u0151:<\/strong> <strong>1 munkanap<\/strong> (rendel\u00e9sre k\u00e9sz\u00fcl).<br><strong>Felad\u00e1s:<\/strong> a rendel\u00e9seket \u00e1ltal\u00e1ban <strong>1\u20133 munkanapon bel\u00fcl<\/strong> adom fel.<\/p>\n\n\n\n<p><strong>Becs\u00fclt k\u00e9zbes\u00edt\u00e9si id\u0151k c\u00e9lorsz\u00e1g szerint:<\/strong><\/p>\n\n\n\n<ul class=\"wp-block-list\">\n<li><strong>2\u20133 munkanap:<\/strong> Csehorsz\u00e1g, Szlov\u00e1kia<\/li>\n\n\n\n<li><strong>3 munkanap:<\/strong> Magyarorsz\u00e1g, N\u00e9metorsz\u00e1g, Lengyelorsz\u00e1g, Ausztria<\/li>\n\n\n\n<li><strong>4 munkanap:<\/strong> Belgium, Liechtenstein, Litv\u00e1nia, Luxemburg, Hollandia, Rom\u00e1nia, Szlov\u00e9nia, Sv\u00e1jc<\/li>\n\n\n\n<li><strong>4\u20135 munkanap:<\/strong> D\u00e1nia, Lettorsz\u00e1g<\/li>\n\n\n\n<li><strong>4\u20136 munkanap:<\/strong> \u00c9sztorsz\u00e1g, Franciaorsz\u00e1g<\/li>\n\n\n\n<li><strong>4\u20138 munkanap:<\/strong> Horv\u00e1torsz\u00e1g, Norv\u00e9gia, Sv\u00e9dorsz\u00e1g<\/li>\n\n\n\n<li><strong>5 munkanap:<\/strong> \u00cdrorsz\u00e1g, Egyes\u00fclt Kir\u00e1lys\u00e1g<\/li>\n\n\n\n<li><strong>5\u20136 munkanap:<\/strong> Bulg\u00e1ria<\/li>\n\n\n\n<li><strong>5\u20137 munkanap:<\/strong> Finnorsz\u00e1g<\/li>\n\n\n\n<li><strong>5\u20138 munkanap:<\/strong> Spanyolorsz\u00e1g<\/li>\n\n\n\n<li><strong>5\u20139 munkanap:<\/strong> Olaszorsz\u00e1g, Portug\u00e1lia<\/li>\n\n\n\n<li><strong>6\u20139 munkanap:<\/strong> G\u00f6r\u00f6gorsz\u00e1g<\/li>\n\n\n\n<li><strong>A fuvaroz\u00f3 d\u00edjszab\u00e1s\u00e1ban nem szerepel (becsl\u00e9s):<\/strong> Ciprus, Gibralt\u00e1r \u2014 kb. <strong>7\u201312 munkanap<\/strong><\/li>\n<\/ul>\n\n\n\n<p><em>A sz\u00e1ll\u00edt\u00e1si id\u0151k t\u00e1j\u00e9koztat\u00f3 jelleg\u0171ek \u00e9s nem garant\u00e1ltak. EU-n k\u00edv\u00fcli c\u00e9lorsz\u00e1gok eset\u00e9n a v\u00e1mkezel\u00e9s meghosszabb\u00edthatja a k\u00e9zbes\u00edt\u00e9si id\u0151t.<\/em><\/p>\n\n\n\n<hr class=\"wp-block-separator has-alpha-channel-opacity\"\/>\n\n\n\n<h3 class=\"wp-block-heading\">Csomagk\u00f6vet\u00e9s<\/h3>\n\n\n\n<p>Felad\u00e1s ut\u00e1n e-mailben megkapod a csomagk\u00f6vet\u00e9si sz\u00e1mot.<br>GLS tracking: <a href=\"https:\/\/gls-group.com\/CZ\/en\/parcel-tracking\">https:\/\/gls-group.com\/CZ\/en\/parcel-tracking<\/a><\/p>\n\n\n\n<hr class=\"wp-block-separator has-alpha-channel-opacity\"\/>\n\n\n\n<h3 class=\"wp-block-heading\">Fizet\u00e9s<\/h3>\n\n\n\n<p>Az el\u00e9rhet\u0151 fizet\u00e9si m\u00f3dok a p\u00e9nzt\u00e1rn\u00e1l jelennek meg a sz\u00e1ll\u00edt\u00e1si orsz\u00e1g alapj\u00e1n. Leggyakrabban az al\u00e1bbi lehet\u0151s\u00e9gek \u00e1llnak rendelkez\u00e9sre:<\/p>\n\n\n\n<ul class=\"wp-block-list\">\n<li><strong>Bankk\u00e1rty\u00e1s fizet\u00e9s online (Stripe)<\/strong><\/li>\n\n\n\n<li><strong>PayPal<\/strong><\/li>\n\n\n\n<li><strong>Banki \u00e1tutal\u00e1s<\/strong> (a rendel\u00e9st a fizet\u00e9s be\u00e9rkez\u00e9se ut\u00e1n adom fel)<\/li>\n<\/ul>\n\n\n\n<hr class=\"wp-block-separator has-alpha-channel-opacity\"\/>\n\n\n\n<h3 class=\"wp-block-heading\">\u00c1FA \u00e9s v\u00e1m (EU-n k\u00edv\u00fcl)<\/h3>\n\n\n\n<p>EU-n k\u00edv\u00fcli sz\u00e1ll\u00edt\u00e1s eset\u00e9n importkor a c\u00e9lorsz\u00e1g szab\u00e1lyai szerint <strong>v\u00e1m \u00e9s helyi \u00c1FA<\/strong> ker\u00fclhet felsz\u00e1m\u00edt\u00e1sra. Ezeket a d\u00edjakat jellemz\u0151en a c\u00edmzett fizeti.<\/p>\n\n\n\n<hr class=\"wp-block-separator has-alpha-channel-opacity\"\/>\n\n\n\n<h3 class=\"wp-block-heading\">Sz\u00e1mla<\/h3>\n\n\n\n<p>A sz\u00e1ml\u00e1t\/ad\u00f3igazol\u00e1st let\u00f6ltheted a v\u00e1s\u00e1rl\u00f3i fi\u00f3kodb\u00f3l. Ha e-mailben k\u00e9red, \u00edrj nekem, \u00e9s sz\u00edvesen elk\u00fcld\u00f6m.<\/p>\n","protected":false},"excerpt":{"rendered":"<p>Ingyenes sz\u00e1ll\u00edt\u00e1s Az ingyenes kisz\u00e1ll\u00edt\u00e1s az al\u00e1bbi orsz\u00e1gokra vonatkozik:Belgium, Bulg\u00e1ria, Csehorsz\u00e1g, D\u00e1nia, \u00c9sztorsz\u00e1g, Finnorsz\u00e1g, Franciaorsz\u00e1g, Gibralt\u00e1r, Horv\u00e1torsz\u00e1g, \u00cdrorsz\u00e1g, Olaszorsz\u00e1g, Ciprus, Liechtenstein, Litv\u00e1nia, Lettorsz\u00e1g, Luxemburg, Magyarorsz\u00e1g, N\u00e9metorsz\u00e1g, Hollandia, Norv\u00e9gia, Lengyelorsz\u00e1g, Portug\u00e1lia, Ausztria, Rom\u00e1nia, G\u00f6r\u00f6gorsz\u00e1g, Szlov\u00e1kia, Szlov\u00e9nia, Egyes\u00fclt Kir\u00e1lys\u00e1g, Spanyolorsz\u00e1g, Sv\u00e9dorsz\u00e1g, Sv\u00e1jc. Felad\u00e1s \u00e9s sz\u00e1ll\u00edt\u00e1si id\u0151k Gy\u00e1rt\u00e1si id\u0151: 1 munkanap (rendel\u00e9sre k\u00e9sz\u00fcl).Felad\u00e1s: a rendel\u00e9seket \u00e1ltal\u00e1ban 1\u20133 munkanapon [&hellip;]<\/p>\n","protected":false},"author":1,"featured_media":0,"parent":0,"menu_order":0,"comment_status":"closed","ping_status":"closed","template":"","meta":{"om_disable_all_campaigns":false,"site-sidebar-layout":"default","site-content-layout":"","ast-site-content-layout":"default","site-content-style":"default","site-sidebar-style":"default","ast-global-header-display":"","ast-banner-title-visibility":"","ast-main-header-display":"","ast-hfb-above-header-display":"","ast-hfb-below-header-display":"","ast-hfb-mobile-header-display":"","site-post-title":"","ast-breadcrumbs-content":"","ast-featured-img":"","footer-sml-layout":"","ast-disable-related-posts":"","theme-transparent-header-meta":"","adv-header-id-meta":"","stick-header-meta":"","header-above-stick-meta":"","header-main-stick-meta":"","header-below-stick-meta":"","astra-migrate-meta-layouts":"set","ast-page-background-enabled":"default","ast-page-background-meta":{"desktop":{"background-color":"","background-image":"","background-repeat":"repeat","background-position":"center center","background-size":"auto","background-attachment":"scroll","background-type":"","background-media":"","overlay-type":"","overlay-color":"","overlay-opacity":"","overlay-gradient":""},"tablet":{"background-color":"","background-image":"","background-repeat":"repeat","background-position":"center center","background-size":"auto","background-attachment":"scroll","background-type":"","background-media":"","overlay-type":"","overlay-color":"","overlay-opacity":"","overlay-gradient":""},"mobile":{"background-color":"","background-image":"","background-repeat":"repeat","background-position":"center center","background-size":"auto","background-attachment":"scroll","background-type":"","background-media":"","overlay-type":"","overlay-color":"","overlay-opacity":"","overlay-gradient":""}},"ast-content-background-meta":{"desktop":{"background-color":"var(--ast-global-color-5)","background-image":"","background-repeat":"repeat","background-position":"center center","background-size":"auto","background-attachment":"scroll","background-type":"","background-media":"","overlay-type":"","overlay-color":"","overlay-opacity":"","overlay-gradient":""},"tablet":{"background-color":"var(--ast-global-color-5)","background-image":"","background-repeat":"repeat","background-position":"center center","background-size":"auto","background-attachment":"scroll","background-type":"","background-media":"","overlay-type":"","overlay-color":"","overlay-opacity":"","overlay-gradient":""},"mobile":{"background-color":"var(--ast-global-color-5)","background-image":"","background-repeat":"repeat","background-position":"center center","background-size":"auto","background-attachment":"scroll","background-type":"","background-media":"","overlay-type":"","overlay-color":"","overlay-opacity":"","overlay-gradient":""}},"footnotes":""},"class_list":["post-43525","page","type-page","status-publish","hentry"],"aioseo_notices":[],"_links":{"self":[{"href":"https:\/\/skin4gear.com\/hu\/wp-json\/wp\/v2\/pages\/43525","targetHints":{"allow":["GET"]}}],"collection":[{"href":"https:\/\/skin4gear.com\/hu\/wp-json\/wp\/v2\/pages"}],"about":[{"href":"https:\/\/skin4gear.com\/hu\/wp-json\/wp\/v2\/types\/page"}],"author":[{"embeddable":true,"href":"https:\/\/skin4gear.com\/hu\/wp-json\/wp\/v2\/users\/1"}],"replies":[{"embeddable":true,"href":"https:\/\/skin4gear.com\/hu\/wp-json\/wp\/v2\/comments?post=43525"}],"version-history":[{"count":0,"href":"https:\/\/skin4gear.com\/hu\/wp-json\/wp\/v2\/pages\/43525\/revisions"}],"wp:attachment":[{"href":"https:\/\/skin4gear.com\/hu\/wp-json\/wp\/v2\/media?parent=43525"}],"curies":[{"name":"wp","href":"https:\/\/api.w.org\/{rel}","templated":true}]}}