{"id":19420,"date":"2024-10-29T17:31:57","date_gmt":"2024-10-29T16:31:57","guid":{"rendered":"https:\/\/skin4gear.com\/?post_type=product&#038;p=19420"},"modified":"2025-05-12T20:21:39","modified_gmt":"2025-05-12T18:21:39","slug":"neopren-objektivvedo-sony-e-70-350mm-f4-5-6-3-g-oss","status":"publish","type":"product","link":"https:\/\/skin4gear.com\/hu\/tavara\/neopren-objektivvedo-sony-e-70-350mm-f4-5-6-3-g-oss\/","title":{"rendered":"Neopr\u00e9n \u00e1lc\u00e1zott v\u00e9d\u0151tok Sony E 70-350mm f\/4,5-6,3 G OSS objekt\u00edvhez"},"content":{"rendered":"","protected":false},"excerpt":{"rendered":"<ul>\n<li>Kifejezetten a <strong>Sony E 70-350mm f\/4,5-6,3 G OSS<\/strong> objekt\u00edvhez tervezve<\/li>\n<li>Pr\u00e9mium min\u0151s\u00e9g\u0171 neopr\u00e9n v\u00e9delem<\/li>\n<li>Maxim\u00e1lis karc\u00e1ll\u00f3s\u00e1g \u00e9s \u00fct\u00e9s\u00e1ll\u00f3s\u00e1g<\/li>\n<li>Cs\u00fasz\u00e1smentes, k\u00e9nyelmes fog\u00e1s<\/li>\n<li>Egyszer\u0171 telep\u00edt\u00e9s \u00e9s elt\u00e1vol\u00edt\u00e1s<\/li>\n<\/ul>\n","protected":false},"featured_media":41792,"comment_status":"open","ping_status":"closed","template":"","meta":{"om_disable_all_campaigns":false,"site-sidebar-layout":"default","site-content-layout":"page-builder","ast-site-content-layout":"default","site-content-style":"default","site-sidebar-style":"default","ast-global-header-display":"","ast-banner-title-visibility":"","ast-main-header-display":"","ast-hfb-above-header-display":"","ast-hfb-below-header-display":"","ast-hfb-mobile-header-display":"","site-post-title":"","ast-breadcrumbs-content":"","ast-featured-img":"","footer-sml-layout":"","ast-disable-related-posts":"","theme-transparent-header-meta":"default","adv-header-id-meta":"","stick-header-meta":"default","header-above-stick-meta":"","header-main-stick-meta":"","header-below-stick-meta":"","astra-migrate-meta-layouts":"set","ast-page-background-enabled":"default","ast-page-background-meta":{"desktop":{"background-color":"","background-image":"","background-repeat":"repeat","background-position":"center center","background-size":"auto","background-attachment":"scroll","background-type":"","background-media":"","overlay-type":"","overlay-color":"","overlay-opacity":"","overlay-gradient":""},"tablet":{"background-color":"","background-image":"","background-repeat":"repeat","background-position":"center center","background-size":"auto","background-attachment":"scroll","background-type":"","background-media":"","overlay-type":"","overlay-color":"","overlay-opacity":"","overlay-gradient":""},"mobile":{"background-color":"","background-image":"","background-repeat":"repeat","background-position":"center center","background-size":"auto","background-attachment":"scroll","background-type":"","background-media":"","overlay-type":"","overlay-color":"","overlay-opacity":"","overlay-gradient":""}},"ast-content-background-meta":{"desktop":{"background-color":"var(--ast-global-color-5)","background-image":"","background-repeat":"repeat","background-position":"center center","background-size":"auto","background-attachment":"scroll","background-type":"","background-media":"","overlay-type":"","overlay-color":"","overlay-opacity":"","overlay-gradient":""},"tablet":{"background-color":"var(--ast-global-color-5)","background-image":"","background-repeat":"repeat","background-position":"center center","background-size":"auto","background-attachment":"scroll","background-type":"","background-media":"","overlay-type":"","overlay-color":"","overlay-opacity":"","overlay-gradient":""},"mobile":{"background-color":"var(--ast-global-color-5)","background-image":"","background-repeat":"repeat","background-position":"center center","background-size":"auto","background-attachment":"scroll","background-type":"","background-media":"","overlay-type":"","overlay-color":"","overlay-opacity":"","overlay-gradient":""}}},"product_brand":[],"product_cat":[163],"product_tag":[],"class_list":{"0":"post-19420","1":"product","2":"type-product","3":"status-publish","4":"has-post-thumbnail","6":"product_cat-sony-lens-cover","7":"desktop-align-left","8":"tablet-align-left","9":"mobile-align-left","10":"ast-product-gallery-layout-horizontal-slider","11":"ast-product-single-variable","12":"ast-product-tabs-layout-horizontal","14":"first","15":"instock","16":"shipping-taxable","17":"product-type-variable"},"aioseo_notices":[],"_links":{"self":[{"href":"https:\/\/skin4gear.com\/hu\/wp-json\/wp\/v2\/product\/19420","targetHints":{"allow":["GET"]}}],"collection":[{"href":"https:\/\/skin4gear.com\/hu\/wp-json\/wp\/v2\/product"}],"about":[{"href":"https:\/\/skin4gear.com\/hu\/wp-json\/wp\/v2\/types\/product"}],"replies":[{"embeddable":true,"href":"https:\/\/skin4gear.com\/hu\/wp-json\/wp\/v2\/comments?post=19420"}],"version-history":[{"count":0,"href":"https:\/\/skin4gear.com\/hu\/wp-json\/wp\/v2\/product\/19420\/revisions"}],"wp:featuredmedia":[{"embeddable":true,"href":"https:\/\/skin4gear.com\/hu\/wp-json\/wp\/v2\/media\/41792"}],"wp:attachment":[{"href":"https:\/\/skin4gear.com\/hu\/wp-json\/wp\/v2\/media?parent=19420"}],"wp:term":[{"taxonomy":"product_brand","embeddable":true,"href":"https:\/\/skin4gear.com\/hu\/wp-json\/wp\/v2\/product_brand?post=19420"},{"taxonomy":"product_cat","embeddable":true,"href":"https:\/\/skin4gear.com\/hu\/wp-json\/wp\/v2\/product_cat?post=19420"},{"taxonomy":"product_tag","embeddable":true,"href":"https:\/\/skin4gear.com\/hu\/wp-json\/wp\/v2\/product_tag?post=19420"}],"curies":[{"name":"wp","href":"https:\/\/api.w.org\/{rel}","templated":true}]}}