{"id":22413,"date":"2024-10-29T17:33:02","date_gmt":"2024-10-29T16:33:02","guid":{"rendered":"https:\/\/skin4gear.com\/?post_type=product&#038;p=22413"},"modified":"2025-05-12T20:26:15","modified_gmt":"2025-05-12T18:26:15","slug":"neopren-objektivvedo-fujifilm-fujinon-xf70-300mm-f4-5-6-r-lm-ois-wr","status":"publish","type":"product","link":"https:\/\/skin4gear.com\/hu\/tavara\/neopren-objektivvedo-fujifilm-fujinon-xf70-300mm-f4-5-6-r-lm-ois-wr\/","title":{"rendered":"Neopr\u00e9n \u00e1lc\u00e1zott v\u00e9d\u0151tok Fujifilm XF70-300mm f\/4-5,6 R LM OIS WR objekt\u00edvhez"},"content":{"rendered":"","protected":false},"excerpt":{"rendered":"<ul>\n<li>Kifejezetten a <strong>Fujifilm XF70-300mm f\/4-5,6 R LM OIS WR<\/strong> objekt\u00edvhez tervezve<\/li>\n<li>Strapab\u00edr\u00f3, m\u00e9gis k\u00f6nny\u0171 neopr\u00e9n bor\u00edt\u00e1s<\/li>\n<li>Maxim\u00e1lis v\u00e9delem a karcol\u00e1sok \u00e9s \u00fct\u0151d\u00e9sek ellen<\/li>\n<li>Id\u0151j\u00e1r\u00e1s\u00e1ll\u00f3 bevonat a k\u00fclt\u00e9ri haszn\u00e1latra<\/li>\n<li>Egyszer\u0171 felhelyez\u00e9s \u00e9s elt\u00e1vol\u00edt\u00e1s<\/li>\n<\/ul>\n","protected":false},"featured_media":45598,"comment_status":"open","ping_status":"closed","template":"","meta":{"om_disable_all_campaigns":false,"site-sidebar-layout":"default","site-content-layout":"page-builder","ast-site-content-layout":"default","site-content-style":"default","site-sidebar-style":"unboxed","ast-global-header-display":"","ast-banner-title-visibility":"","ast-main-header-display":"","ast-hfb-above-header-display":"","ast-hfb-below-header-display":"","ast-hfb-mobile-header-display":"","site-post-title":"","ast-breadcrumbs-content":"","ast-featured-img":"","footer-sml-layout":"","ast-disable-related-posts":"","theme-transparent-header-meta":"default","adv-header-id-meta":"","stick-header-meta":"default","header-above-stick-meta":"","header-main-stick-meta":"","header-below-stick-meta":"","astra-migrate-meta-layouts":"set","ast-page-background-enabled":"default","ast-page-background-meta":{"desktop":{"background-color":"","background-image":"","background-repeat":"repeat","background-position":"center center","background-size":"auto","background-attachment":"scroll","background-type":"","background-media":"","overlay-type":"","overlay-color":"","overlay-opacity":"","overlay-gradient":""},"tablet":{"background-color":"","background-image":"","background-repeat":"repeat","background-position":"center center","background-size":"auto","background-attachment":"scroll","background-type":"","background-media":"","overlay-type":"","overlay-color":"","overlay-opacity":"","overlay-gradient":""},"mobile":{"background-color":"","background-image":"","background-repeat":"repeat","background-position":"center center","background-size":"auto","background-attachment":"scroll","background-type":"","background-media":"","overlay-type":"","overlay-color":"","overlay-opacity":"","overlay-gradient":""}},"ast-content-background-meta":{"desktop":{"background-color":"var(--ast-global-color-5)","background-image":"","background-repeat":"repeat","background-position":"center center","background-size":"auto","background-attachment":"scroll","background-type":"","background-media":"","overlay-type":"","overlay-color":"","overlay-opacity":"","overlay-gradient":""},"tablet":{"background-color":"var(--ast-global-color-5)","background-image":"","background-repeat":"repeat","background-position":"center center","background-size":"auto","background-attachment":"scroll","background-type":"","background-media":"","overlay-type":"","overlay-color":"","overlay-opacity":"","overlay-gradient":""},"mobile":{"background-color":"var(--ast-global-color-5)","background-image":"","background-repeat":"repeat","background-position":"center center","background-size":"auto","background-attachment":"scroll","background-type":"","background-media":"","overlay-type":"","overlay-color":"","overlay-opacity":"","overlay-gradient":""}}},"product_brand":[],"product_cat":[524],"product_tag":[],"class_list":{"0":"post-22413","1":"product","2":"type-product","3":"status-publish","4":"has-post-thumbnail","6":"product_cat-fujifilm-lens-cover-hu","7":"desktop-align-left","8":"tablet-align-left","9":"mobile-align-left","10":"ast-product-gallery-layout-horizontal-slider","11":"ast-product-single-variable","12":"ast-product-tabs-layout-horizontal","14":"first","15":"instock","16":"shipping-taxable","17":"purchasable","18":"product-type-variable"},"aioseo_notices":[],"_links":{"self":[{"href":"https:\/\/skin4gear.com\/hu\/wp-json\/wp\/v2\/product\/22413","targetHints":{"allow":["GET"]}}],"collection":[{"href":"https:\/\/skin4gear.com\/hu\/wp-json\/wp\/v2\/product"}],"about":[{"href":"https:\/\/skin4gear.com\/hu\/wp-json\/wp\/v2\/types\/product"}],"replies":[{"embeddable":true,"href":"https:\/\/skin4gear.com\/hu\/wp-json\/wp\/v2\/comments?post=22413"}],"version-history":[{"count":0,"href":"https:\/\/skin4gear.com\/hu\/wp-json\/wp\/v2\/product\/22413\/revisions"}],"wp:featuredmedia":[{"embeddable":true,"href":"https:\/\/skin4gear.com\/hu\/wp-json\/wp\/v2\/media\/45598"}],"wp:attachment":[{"href":"https:\/\/skin4gear.com\/hu\/wp-json\/wp\/v2\/media?parent=22413"}],"wp:term":[{"taxonomy":"product_brand","embeddable":true,"href":"https:\/\/skin4gear.com\/hu\/wp-json\/wp\/v2\/product_brand?post=22413"},{"taxonomy":"product_cat","embeddable":true,"href":"https:\/\/skin4gear.com\/hu\/wp-json\/wp\/v2\/product_cat?post=22413"},{"taxonomy":"product_tag","embeddable":true,"href":"https:\/\/skin4gear.com\/hu\/wp-json\/wp\/v2\/product_tag?post=22413"}],"curies":[{"name":"wp","href":"https:\/\/api.w.org\/{rel}","templated":true}]}}