{"id":13247,"date":"2024-11-24T11:04:43","date_gmt":"2024-11-24T10:04:43","guid":{"rendered":"https:\/\/skin4gear.com\/?page_id=13247"},"modified":"2025-01-27T20:05:46","modified_gmt":"2025-01-27T19:05:46","slug":"politica-di-restituzione","status":"publish","type":"page","link":"https:\/\/skin4gear.com\/it\/politica-di-restituzione\/","title":{"rendered":"Politica di restituzione"},"content":{"rendered":"\t\t<div data-elementor-type=\"wp-page\" data-elementor-id=\"13247\" class=\"elementor elementor-13247 elementor-12966\">\n\t\t\t\t\t\t<section class=\"elementor-section elementor-top-section elementor-element elementor-element-339bd838 elementor-section-boxed elementor-section-height-default elementor-section-height-default\" data-id=\"339bd838\" data-element_type=\"section\" data-e-type=\"section\">\n\t\t\t\t\t\t<div class=\"elementor-container elementor-column-gap-default\">\n\t\t\t\t\t<div class=\"elementor-column elementor-col-100 elementor-top-column elementor-element elementor-element-285b17c5\" data-id=\"285b17c5\" data-element_type=\"column\" data-e-type=\"column\">\n\t\t\t<div class=\"elementor-widget-wrap elementor-element-populated\">\n\t\t\t\t\t\t<div class=\"elementor-element elementor-element-31f01e0f elementor-widget elementor-widget-text-editor\" data-id=\"31f01e0f\" data-element_type=\"widget\" data-e-type=\"widget\" data-widget_type=\"text-editor.default\">\n\t\t\t\t<div class=\"elementor-widget-container\">\n\t\t\t\t\t\t\t\t\t<h3><strong>Politica di reso di Skin4Gear \u2013 Semplice e Amichevole<\/strong><\/h3><p><strong>La nostra garanzia di soddisfazione<\/strong><br \/>La tua soddisfazione \u00e8 la nostra priorit\u00e0. Se non sei soddisfatto del tuo acquisto, il reso \u00e8 semplice e senza complicazioni.<\/p><hr \/><h3><strong>Reso facile<\/strong><\/h3><ol><li><strong>Termine per il reso<\/strong>: Gli articoli possono essere restituiti entro <strong>30 giorni dalla consegna<\/strong>.<\/li><li><strong>Condizione dell\u2019articolo<\/strong>: Accettiamo articoli <strong>non danneggiati<\/strong> e in <strong>condizioni originali<\/strong>.<\/li><li><strong>Processo semplice<\/strong>: Inviaci un\u2019e-mail con il numero dell\u2019ordine, e ci occuperemo noi di tutto.<\/li><\/ol><hr \/><h3><strong>Articoli non restituibili<\/strong><\/h3><ul><li>Prodotti personalizzati o realizzati su misura.<\/li><li>Articoli con segni evidenti di utilizzo o danni.<\/li><\/ul><hr \/><h3><strong>Come avviare un reso<\/strong><\/h3><ol><li><strong>Contattaci<\/strong> all\u2019indirizzo <strong><a rel=\"noopener\">info@skin4gear.com<\/a><\/strong> con il numero dell\u2019ordine.<\/li><li><strong>Ti invieremo le istruzioni<\/strong>, compreso l\u2019indirizzo di restituzione.<\/li><li>Imballa l\u2019articolo in modo sicuro e spediscilo indietro.<\/li><\/ol><hr \/><h3><strong>Rimborsi senza problemi<\/strong><\/h3><ul><li>Una volta ricevuto e controllato il tuo reso, il rimborso sar\u00e0 <strong>elaborato entro 7 giorni<\/strong>.<\/li><li>Il rimborso verr\u00e0 effettuato tramite il metodo di pagamento originale.<\/li><\/ul><hr \/><h3><strong>Costi di restituzione<\/strong><\/h3><ul><li><strong>Reso per motivi personali?<\/strong> Le spese di spedizione sono a carico del cliente.<\/li><li><strong>Errore nostro?<\/strong> Se l\u2019articolo \u00e8 difettoso o sbagliato, copriremo noi i costi di restituzione.<\/li><\/ul><hr \/><h3><strong>Articoli danneggiati o errati<\/strong><\/h3><p>Se l\u2019articolo arriva danneggiato o hai ricevuto un prodotto errato:<\/p><ol><li>Contattaci entro <strong>7 giorni dalla consegna<\/strong>.<\/li><li>Includi una foto e una descrizione del problema.<\/li><li>Ci occuperemo di tutto, comprese le spese di restituzione e la spedizione dell\u2019articolo sostitutivo.<\/li><\/ol><hr \/><p><strong>Hai domande? Siamo qui per aiutarti!<\/strong><br \/>\ud83d\udce7 Scrivici a <strong><a rel=\"noopener\">info@skin4gear.com<\/a><\/strong><\/p><p>Grazie per aver scelto Skin4Gear! \ud83d\udc9b<\/p>\t\t\t\t\t\t\t\t<\/div>\n\t\t\t\t<\/div>\n\t\t\t\t\t<\/div>\n\t\t<\/div>\n\t\t\t\t\t<\/div>\n\t\t<\/section>\n\t\t\t\t<\/div>\n\t\t","protected":false},"excerpt":{"rendered":"<p>Politica di reso di Skin4Gear \u2013 Semplice e Amichevole La nostra garanzia di soddisfazioneLa tua soddisfazione \u00e8 la nostra priorit\u00e0. Se non sei soddisfatto del tuo acquisto, il reso \u00e8 semplice e senza complicazioni. Reso facile Termine per il reso: Gli articoli possono essere restituiti entro 30 giorni dalla consegna. Condizione dell\u2019articolo: Accettiamo articoli non [&hellip;]<\/p>\n","protected":false},"author":1,"featured_media":0,"parent":0,"menu_order":0,"comment_status":"closed","ping_status":"closed","template":"","meta":{"om_disable_all_campaigns":false,"site-sidebar-layout":"default","site-content-layout":"","ast-site-content-layout":"default","site-content-style":"default","site-sidebar-style":"default","ast-global-header-display":"","ast-banner-title-visibility":"","ast-main-header-display":"","ast-hfb-above-header-display":"","ast-hfb-below-header-display":"","ast-hfb-mobile-header-display":"","site-post-title":"","ast-breadcrumbs-content":"","ast-featured-img":"","footer-sml-layout":"","ast-disable-related-posts":"","theme-transparent-header-meta":"","adv-header-id-meta":"","stick-header-meta":"","header-above-stick-meta":"","header-main-stick-meta":"","header-below-stick-meta":"","astra-migrate-meta-layouts":"set","ast-page-background-enabled":"default","ast-page-background-meta":{"desktop":{"background-color":"","background-image":"","background-repeat":"repeat","background-position":"center center","background-size":"auto","background-attachment":"scroll","background-type":"","background-media":"","overlay-type":"","overlay-color":"","overlay-opacity":"","overlay-gradient":""},"tablet":{"background-color":"","background-image":"","background-repeat":"repeat","background-position":"center center","background-size":"auto","background-attachment":"scroll","background-type":"","background-media":"","overlay-type":"","overlay-color":"","overlay-opacity":"","overlay-gradient":""},"mobile":{"background-color":"","background-image":"","background-repeat":"repeat","background-position":"center center","background-size":"auto","background-attachment":"scroll","background-type":"","background-media":"","overlay-type":"","overlay-color":"","overlay-opacity":"","overlay-gradient":""}},"ast-content-background-meta":{"desktop":{"background-color":"var(--ast-global-color-5)","background-image":"","background-repeat":"repeat","background-position":"center center","background-size":"auto","background-attachment":"scroll","background-type":"","background-media":"","overlay-type":"","overlay-color":"","overlay-opacity":"","overlay-gradient":""},"tablet":{"background-color":"var(--ast-global-color-5)","background-image":"","background-repeat":"repeat","background-position":"center center","background-size":"auto","background-attachment":"scroll","background-type":"","background-media":"","overlay-type":"","overlay-color":"","overlay-opacity":"","overlay-gradient":""},"mobile":{"background-color":"var(--ast-global-color-5)","background-image":"","background-repeat":"repeat","background-position":"center center","background-size":"auto","background-attachment":"scroll","background-type":"","background-media":"","overlay-type":"","overlay-color":"","overlay-opacity":"","overlay-gradient":""}},"footnotes":""},"class_list":["post-13247","page","type-page","status-publish","hentry"],"aioseo_notices":[],"_links":{"self":[{"href":"https:\/\/skin4gear.com\/it\/wp-json\/wp\/v2\/pages\/13247","targetHints":{"allow":["GET"]}}],"collection":[{"href":"https:\/\/skin4gear.com\/it\/wp-json\/wp\/v2\/pages"}],"about":[{"href":"https:\/\/skin4gear.com\/it\/wp-json\/wp\/v2\/types\/page"}],"author":[{"embeddable":true,"href":"https:\/\/skin4gear.com\/it\/wp-json\/wp\/v2\/users\/1"}],"replies":[{"embeddable":true,"href":"https:\/\/skin4gear.com\/it\/wp-json\/wp\/v2\/comments?post=13247"}],"version-history":[{"count":0,"href":"https:\/\/skin4gear.com\/it\/wp-json\/wp\/v2\/pages\/13247\/revisions"}],"wp:attachment":[{"href":"https:\/\/skin4gear.com\/it\/wp-json\/wp\/v2\/media?parent=13247"}],"curies":[{"name":"wp","href":"https:\/\/api.w.org\/{rel}","templated":true}]}}