{"id":13249,"date":"2024-11-24T11:04:43","date_gmt":"2024-11-24T10:04:43","guid":{"rendered":"https:\/\/skin4gear.com\/?page_id=13249"},"modified":"2025-01-27T20:08:29","modified_gmt":"2025-01-27T19:08:29","slug":"polityka-zwrotow","status":"publish","type":"page","link":"https:\/\/skin4gear.com\/pl\/polityka-zwrotow\/","title":{"rendered":"Polityka Zwrot\u00f3w"},"content":{"rendered":"\t\t<div data-elementor-type=\"wp-page\" data-elementor-id=\"13249\" class=\"elementor elementor-13249 elementor-12966\">\n\t\t\t\t\t\t<section class=\"elementor-section elementor-top-section elementor-element elementor-element-36d106c4 elementor-section-boxed elementor-section-height-default elementor-section-height-default\" data-id=\"36d106c4\" data-element_type=\"section\" data-e-type=\"section\">\n\t\t\t\t\t\t<div class=\"elementor-container elementor-column-gap-default\">\n\t\t\t\t\t<div class=\"elementor-column elementor-col-100 elementor-top-column elementor-element elementor-element-c77cbc6\" data-id=\"c77cbc6\" data-element_type=\"column\" data-e-type=\"column\">\n\t\t\t<div class=\"elementor-widget-wrap elementor-element-populated\">\n\t\t\t\t\t\t<div class=\"elementor-element elementor-element-671d334 elementor-widget elementor-widget-text-editor\" data-id=\"671d334\" data-element_type=\"widget\" data-e-type=\"widget\" data-widget_type=\"text-editor.default\">\n\t\t\t\t<div class=\"elementor-widget-container\">\n\t\t\t\t\t\t\t\t\t<h3><strong>Polityka zwrot\u00f3w Skin4Gear \u2013 Prosta i przyjazna<\/strong><\/h3><p><strong>Nasza gwarancja satysfakcji<\/strong><br \/>Twoja satysfakcja jest naszym priorytetem. Je\u015bli nie jeste\u015b zadowolony z zakupu, zwrot jest prosty i bezproblemowy.<\/p><hr \/><h3><strong>\u0141atwy zwrot<\/strong><\/h3><ol><li><strong>Termin zwrotu<\/strong>: Produkty mo\u017cna zwr\u00f3ci\u0107 w ci\u0105gu <strong>30 dni od dostawy<\/strong>.<\/li><li><strong>Stan produktu<\/strong>: Akceptujemy produkty, kt\u00f3re s\u0105 <strong>nieuszkodzone<\/strong> i w <strong>oryginalnym stanie<\/strong>.<\/li><li><strong>Prosty proces<\/strong>: Wystarczy, \u017ce wy\u015blesz nam e-mail z numerem zam\u00f3wienia, a my zajmiemy si\u0119 reszt\u0105.<\/li><\/ol><hr \/><h3><strong>Produkty, kt\u00f3rych nie mo\u017cna zwr\u00f3ci\u0107<\/strong><\/h3><ul><li>Produkty spersonalizowane lub wykonane na zam\u00f3wienie.<\/li><li>Produkty z wyra\u017anymi \u015bladami u\u017cytkowania lub uszkodzeniami.<\/li><\/ul><hr \/><h3><strong>Jak rozpocz\u0105\u0107 zwrot?<\/strong><\/h3><ol><li><strong>Skontaktuj si\u0119 z nami<\/strong> pod adresem <strong><a rel=\"noopener\">info@skin4gear.com<\/a><\/strong>, podaj\u0105c numer zam\u00f3wienia.<\/li><li><strong>Wy\u015blemy Ci instrukcje<\/strong>, w tym adres do zwrotu.<\/li><li>Bezpiecznie zapakuj produkt i ode\u015blij go.<\/li><\/ol><hr \/><h3><strong>Bezproblemowe zwroty pieni\u0119dzy<\/strong><\/h3><ul><li>Po otrzymaniu i sprawdzeniu zwrotu, zwrot pieni\u0119dzy zostanie <strong>przetworzony w ci\u0105gu 7 dni<\/strong>.<\/li><li>Zwrot pieni\u0119dzy zostanie dokonany w spos\u00f3b, w jaki dokonano p\u0142atno\u015bci.<\/li><\/ul><hr \/><h3><strong>Koszty wysy\u0142ki zwrotnej<\/strong><\/h3><ul><li><strong>Zwrot z powod\u00f3w osobistych?<\/strong> Koszty wysy\u0142ki pokrywa klient.<\/li><li><strong>Nasz b\u0142\u0105d?<\/strong> Je\u015bli produkt jest wadliwy lub niew\u0142a\u015bciwy, pokrywamy koszty wysy\u0142ki zwrotnej.<\/li><\/ul><hr \/><h3><strong>Uszkodzone lub niew\u0142a\u015bciwe produkty<\/strong><\/h3><p>Je\u015bli produkt dotar\u0142 uszkodzony lub otrzyma\u0142e\u015b niew\u0142a\u015bciwy produkt:<\/p><ol><li>Skontaktuj si\u0119 z nami w ci\u0105gu <strong>7 dni od dostawy<\/strong>.<\/li><li>Do\u0142\u0105cz zdj\u0119cie i opis problemu.<\/li><li>Zajmiemy si\u0119 wszystkim, w tym kosztami wysy\u0142ki zwrotnej i wymian\u0105 produktu.<\/li><\/ol><hr \/><p><strong>Masz pytania? Jeste\u015bmy tu, aby pom\u00f3c!<\/strong><br \/>\ud83d\udce7 Napisz do nas na adres <strong><a rel=\"noopener\">info@skin4gear.com<\/a><\/strong><\/p><p>Dzi\u0119kujemy, \u017ce wybra\u0142e\u015b Skin4Gear! \ud83d\udc9b<\/p>\t\t\t\t\t\t\t\t<\/div>\n\t\t\t\t<\/div>\n\t\t\t\t\t<\/div>\n\t\t<\/div>\n\t\t\t\t\t<\/div>\n\t\t<\/section>\n\t\t\t\t<\/div>\n\t\t","protected":false},"excerpt":{"rendered":"<p>Polityka zwrot\u00f3w Skin4Gear \u2013 Prosta i przyjazna Nasza gwarancja satysfakcjiTwoja satysfakcja jest naszym priorytetem. Je\u015bli nie jeste\u015b zadowolony z zakupu, zwrot jest prosty i bezproblemowy. \u0141atwy zwrot Termin zwrotu: Produkty mo\u017cna zwr\u00f3ci\u0107 w ci\u0105gu 30 dni od dostawy. Stan produktu: Akceptujemy produkty, kt\u00f3re s\u0105 nieuszkodzone i w oryginalnym stanie. Prosty proces: Wystarczy, \u017ce wy\u015blesz nam [&hellip;]<\/p>\n","protected":false},"author":1,"featured_media":0,"parent":0,"menu_order":0,"comment_status":"closed","ping_status":"closed","template":"","meta":{"om_disable_all_campaigns":false,"site-sidebar-layout":"default","site-content-layout":"","ast-site-content-layout":"default","site-content-style":"default","site-sidebar-style":"default","ast-global-header-display":"","ast-banner-title-visibility":"","ast-main-header-display":"","ast-hfb-above-header-display":"","ast-hfb-below-header-display":"","ast-hfb-mobile-header-display":"","site-post-title":"","ast-breadcrumbs-content":"","ast-featured-img":"","footer-sml-layout":"","ast-disable-related-posts":"","theme-transparent-header-meta":"","adv-header-id-meta":"","stick-header-meta":"","header-above-stick-meta":"","header-main-stick-meta":"","header-below-stick-meta":"","astra-migrate-meta-layouts":"set","ast-page-background-enabled":"default","ast-page-background-meta":{"desktop":{"background-color":"","background-image":"","background-repeat":"repeat","background-position":"center center","background-size":"auto","background-attachment":"scroll","background-type":"","background-media":"","overlay-type":"","overlay-color":"","overlay-opacity":"","overlay-gradient":""},"tablet":{"background-color":"","background-image":"","background-repeat":"repeat","background-position":"center center","background-size":"auto","background-attachment":"scroll","background-type":"","background-media":"","overlay-type":"","overlay-color":"","overlay-opacity":"","overlay-gradient":""},"mobile":{"background-color":"","background-image":"","background-repeat":"repeat","background-position":"center center","background-size":"auto","background-attachment":"scroll","background-type":"","background-media":"","overlay-type":"","overlay-color":"","overlay-opacity":"","overlay-gradient":""}},"ast-content-background-meta":{"desktop":{"background-color":"var(--ast-global-color-5)","background-image":"","background-repeat":"repeat","background-position":"center center","background-size":"auto","background-attachment":"scroll","background-type":"","background-media":"","overlay-type":"","overlay-color":"","overlay-opacity":"","overlay-gradient":""},"tablet":{"background-color":"var(--ast-global-color-5)","background-image":"","background-repeat":"repeat","background-position":"center center","background-size":"auto","background-attachment":"scroll","background-type":"","background-media":"","overlay-type":"","overlay-color":"","overlay-opacity":"","overlay-gradient":""},"mobile":{"background-color":"var(--ast-global-color-5)","background-image":"","background-repeat":"repeat","background-position":"center center","background-size":"auto","background-attachment":"scroll","background-type":"","background-media":"","overlay-type":"","overlay-color":"","overlay-opacity":"","overlay-gradient":""}},"footnotes":""},"class_list":["post-13249","page","type-page","status-publish","hentry"],"aioseo_notices":[],"_links":{"self":[{"href":"https:\/\/skin4gear.com\/pl\/wp-json\/wp\/v2\/pages\/13249","targetHints":{"allow":["GET"]}}],"collection":[{"href":"https:\/\/skin4gear.com\/pl\/wp-json\/wp\/v2\/pages"}],"about":[{"href":"https:\/\/skin4gear.com\/pl\/wp-json\/wp\/v2\/types\/page"}],"author":[{"embeddable":true,"href":"https:\/\/skin4gear.com\/pl\/wp-json\/wp\/v2\/users\/1"}],"replies":[{"embeddable":true,"href":"https:\/\/skin4gear.com\/pl\/wp-json\/wp\/v2\/comments?post=13249"}],"version-history":[{"count":0,"href":"https:\/\/skin4gear.com\/pl\/wp-json\/wp\/v2\/pages\/13249\/revisions"}],"wp:attachment":[{"href":"https:\/\/skin4gear.com\/pl\/wp-json\/wp\/v2\/media?parent=13249"}],"curies":[{"name":"wp","href":"https:\/\/api.w.org\/{rel}","templated":true}]}}