{"id":13250,"date":"2024-11-24T11:04:43","date_gmt":"2024-11-24T10:04:43","guid":{"rendered":"https:\/\/skin4gear.com\/?page_id=13250"},"modified":"2025-01-27T20:12:11","modified_gmt":"2025-01-27T19:12:11","slug":"politica-de-returnare","status":"publish","type":"page","link":"https:\/\/skin4gear.com\/ro\/politica-de-returnare\/","title":{"rendered":"Politica de returnare"},"content":{"rendered":"\t\t<div data-elementor-type=\"wp-page\" data-elementor-id=\"13250\" class=\"elementor elementor-13250 elementor-12966\">\n\t\t\t\t\t\t<section class=\"elementor-section elementor-top-section elementor-element elementor-element-49756cc9 elementor-section-boxed elementor-section-height-default elementor-section-height-default\" data-id=\"49756cc9\" data-element_type=\"section\" data-e-type=\"section\">\n\t\t\t\t\t\t<div class=\"elementor-container elementor-column-gap-default\">\n\t\t\t\t\t<div class=\"elementor-column elementor-col-100 elementor-top-column elementor-element elementor-element-13092eb9\" data-id=\"13092eb9\" data-element_type=\"column\" data-e-type=\"column\">\n\t\t\t<div class=\"elementor-widget-wrap elementor-element-populated\">\n\t\t\t\t\t\t<div class=\"elementor-element elementor-element-5bb3b884 elementor-widget elementor-widget-text-editor\" data-id=\"5bb3b884\" data-element_type=\"widget\" data-e-type=\"widget\" data-widget_type=\"text-editor.default\">\n\t\t\t\t<div class=\"elementor-widget-container\">\n\t\t\t\t\t\t\t\t\t<h3><strong>Politica de returnare Skin4Gear \u2013 Simpl\u0103 \u0219i prietenoas\u0103<\/strong><\/h3><p><strong>Garan\u021bia noastr\u0103 de satisfac\u021bie<\/strong><br \/>Satisfac\u021bia dumneavoastr\u0103 este prioritatea noastr\u0103. Dac\u0103 nu sunte\u021bi mul\u021bumit de achizi\u021bia dumneavoastr\u0103, returnarea este simpl\u0103 \u0219i f\u0103r\u0103 complica\u021bii.<\/p><hr \/><h3><strong>Returnare u\u0219oar\u0103<\/strong><\/h3><ol><li><strong>Termen de returnare<\/strong>: Produsele pot fi returnate \u00een termen de <strong>30 de zile de la livrare<\/strong>.<\/li><li><strong>Condi\u021bia produsului<\/strong>: Accept\u0103m produse care sunt <strong>neafectate<\/strong> \u0219i \u00een <strong>condi\u021bia lor original\u0103<\/strong>.<\/li><li><strong>Proces simplu<\/strong>: Trimite\u021bi-ne un e-mail cu num\u0103rul comenzii, iar noi ne ocup\u0103m de rest.<\/li><\/ol><hr \/><h3><strong>Produse care nu pot fi returnate<\/strong><\/h3><ul><li>Produse personalizate sau realizate la comand\u0103.<\/li><li>Produse care prezint\u0103 semne evidente de utilizare sau deteriorare.<\/li><\/ul><hr \/><h3><strong>Cum s\u0103 \u00eencepe\u021bi un retur?<\/strong><\/h3><ol><li><strong>Contacta\u021bi-ne<\/strong> la <strong><a rel=\"noopener\">info@skin4gear.com<\/a><\/strong> cu num\u0103rul comenzii dumneavoastr\u0103.<\/li><li><strong>V\u0103 vom trimite instruc\u021biuni<\/strong>, inclusiv adresa de returnare.<\/li><li>Ambala\u021bi produsul \u00een siguran\u021b\u0103 \u0219i trimite\u021bi-l \u00eenapoi.<\/li><\/ol><hr \/><h3><strong>Ramburs\u0103ri f\u0103r\u0103 b\u0103t\u0103i de cap<\/strong><\/h3><ul><li>Dup\u0103 ce primim \u0219i verific\u0103m returul, rambursarea va fi <strong>procesat\u0103 \u00een termen de 7 zile<\/strong>.<\/li><li>Rambursarea va fi efectuat\u0103 prin metoda de plat\u0103 original\u0103.<\/li><\/ul><hr \/><h3><strong>Costuri de returnare<\/strong><\/h3><ul><li><strong>Returnare din motive personale?<\/strong> Costurile de transport pentru returnare sunt suportate de client.<\/li><li><strong>Eroarea noastr\u0103?<\/strong> Dac\u0103 produsul este defect sau incorect, vom acoperi costurile de returnare.<\/li><\/ul><hr \/><h3><strong>Produse deteriorate sau incorecte<\/strong><\/h3><p>Dac\u0103 produsul dumneavoastr\u0103 ajunge deteriorat sau a\u021bi primit un produs gre\u0219it:<\/p><ol><li>Contacta\u021bi-ne \u00een termen de <strong>7 zile de la livrare<\/strong>.<\/li><li>Ata\u0219a\u021bi o fotografie \u0219i o descriere a problemei.<\/li><li>Ne ocup\u0103m de tot, inclusiv de costurile de returnare \u0219i de \u00eenlocuirea produsului.<\/li><\/ol><hr \/><p><strong>Ave\u021bi \u00eentreb\u0103ri? Suntem aici pentru a v\u0103 ajuta!<\/strong><br \/>\ud83d\udce7 Scrie\u021bi-ne la <strong><a rel=\"noopener\">info@skin4gear.com<\/a><\/strong><\/p><p>V\u0103 mul\u021bumim c\u0103 a\u021bi ales Skin4Gear! \ud83d\udc9b<\/p>\t\t\t\t\t\t\t\t<\/div>\n\t\t\t\t<\/div>\n\t\t\t\t\t<\/div>\n\t\t<\/div>\n\t\t\t\t\t<\/div>\n\t\t<\/section>\n\t\t\t\t<\/div>\n\t\t","protected":false},"excerpt":{"rendered":"<p>Politica de returnare Skin4Gear \u2013 Simpl\u0103 \u0219i prietenoas\u0103 Garan\u021bia noastr\u0103 de satisfac\u021bieSatisfac\u021bia dumneavoastr\u0103 este prioritatea noastr\u0103. Dac\u0103 nu sunte\u021bi mul\u021bumit de achizi\u021bia dumneavoastr\u0103, returnarea este simpl\u0103 \u0219i f\u0103r\u0103 complica\u021bii. Returnare u\u0219oar\u0103 Termen de returnare: Produsele pot fi returnate \u00een termen de 30 de zile de la livrare. Condi\u021bia produsului: Accept\u0103m produse care sunt neafectate \u0219i [&hellip;]<\/p>\n","protected":false},"author":1,"featured_media":0,"parent":0,"menu_order":0,"comment_status":"closed","ping_status":"closed","template":"","meta":{"om_disable_all_campaigns":false,"site-sidebar-layout":"default","site-content-layout":"","ast-site-content-layout":"default","site-content-style":"default","site-sidebar-style":"default","ast-global-header-display":"","ast-banner-title-visibility":"","ast-main-header-display":"","ast-hfb-above-header-display":"","ast-hfb-below-header-display":"","ast-hfb-mobile-header-display":"","site-post-title":"","ast-breadcrumbs-content":"","ast-featured-img":"","footer-sml-layout":"","ast-disable-related-posts":"","theme-transparent-header-meta":"","adv-header-id-meta":"","stick-header-meta":"","header-above-stick-meta":"","header-main-stick-meta":"","header-below-stick-meta":"","astra-migrate-meta-layouts":"set","ast-page-background-enabled":"default","ast-page-background-meta":{"desktop":{"background-color":"","background-image":"","background-repeat":"repeat","background-position":"center center","background-size":"auto","background-attachment":"scroll","background-type":"","background-media":"","overlay-type":"","overlay-color":"","overlay-opacity":"","overlay-gradient":""},"tablet":{"background-color":"","background-image":"","background-repeat":"repeat","background-position":"center center","background-size":"auto","background-attachment":"scroll","background-type":"","background-media":"","overlay-type":"","overlay-color":"","overlay-opacity":"","overlay-gradient":""},"mobile":{"background-color":"","background-image":"","background-repeat":"repeat","background-position":"center center","background-size":"auto","background-attachment":"scroll","background-type":"","background-media":"","overlay-type":"","overlay-color":"","overlay-opacity":"","overlay-gradient":""}},"ast-content-background-meta":{"desktop":{"background-color":"var(--ast-global-color-5)","background-image":"","background-repeat":"repeat","background-position":"center center","background-size":"auto","background-attachment":"scroll","background-type":"","background-media":"","overlay-type":"","overlay-color":"","overlay-opacity":"","overlay-gradient":""},"tablet":{"background-color":"var(--ast-global-color-5)","background-image":"","background-repeat":"repeat","background-position":"center center","background-size":"auto","background-attachment":"scroll","background-type":"","background-media":"","overlay-type":"","overlay-color":"","overlay-opacity":"","overlay-gradient":""},"mobile":{"background-color":"var(--ast-global-color-5)","background-image":"","background-repeat":"repeat","background-position":"center center","background-size":"auto","background-attachment":"scroll","background-type":"","background-media":"","overlay-type":"","overlay-color":"","overlay-opacity":"","overlay-gradient":""}},"footnotes":""},"class_list":["post-13250","page","type-page","status-publish","hentry"],"aioseo_notices":[],"_links":{"self":[{"href":"https:\/\/skin4gear.com\/ro\/wp-json\/wp\/v2\/pages\/13250","targetHints":{"allow":["GET"]}}],"collection":[{"href":"https:\/\/skin4gear.com\/ro\/wp-json\/wp\/v2\/pages"}],"about":[{"href":"https:\/\/skin4gear.com\/ro\/wp-json\/wp\/v2\/types\/page"}],"author":[{"embeddable":true,"href":"https:\/\/skin4gear.com\/ro\/wp-json\/wp\/v2\/users\/1"}],"replies":[{"embeddable":true,"href":"https:\/\/skin4gear.com\/ro\/wp-json\/wp\/v2\/comments?post=13250"}],"version-history":[{"count":0,"href":"https:\/\/skin4gear.com\/ro\/wp-json\/wp\/v2\/pages\/13250\/revisions"}],"wp:attachment":[{"href":"https:\/\/skin4gear.com\/ro\/wp-json\/wp\/v2\/media?parent=13250"}],"curies":[{"name":"wp","href":"https:\/\/api.w.org\/{rel}","templated":true}]}}