{"id":43531,"date":"2026-01-29T23:33:45","date_gmt":"2026-01-29T22:33:45","guid":{"rendered":"https:\/\/skin4gear.com\/?page_id=43531"},"modified":"2026-01-30T11:52:28","modified_gmt":"2026-01-30T10:52:28","slug":"livrare-si-plata","status":"publish","type":"page","link":"https:\/\/skin4gear.com\/ro\/livrare-si-plata\/","title":{"rendered":"Livrare \u0219i plat\u0103"},"content":{"rendered":"\n<h3 class=\"wp-block-heading\">Livrare gratuit\u0103<\/h3>\n\n\n\n<p>Livrarea gratuit\u0103 se aplic\u0103 pentru urm\u0103toarele \u021b\u0103ri:<br><strong>Belgia, Bulgaria, Republica Ceh\u0103, Danemarca, Estonia, Finlanda, Fran\u021ba, Gibraltar, Croa\u021bia, Irlanda, Italia, Cipru, Liechtenstein, Lituania, Letonia, Luxemburg, Ungaria, Germania, \u021a\u0103rile de Jos, Norvegia, Polonia, Portugalia, Austria, Rom\u00e2nia, Grecia, Slovacia, Slovenia, Regatul Unit, Spania, Suedia, Elve\u021bia.<\/strong><\/p>\n\n\n\n<hr class=\"wp-block-separator has-alpha-channel-opacity\"\/>\n\n\n\n<h3 class=\"wp-block-heading\">Expediere \u0219i timpi de livrare<\/h3>\n\n\n\n<p><strong>Timp de produc\u021bie:<\/strong> <strong>1 zi lucr\u0103toare<\/strong> (realizat la comand\u0103).<br><strong>Expediere:<\/strong> de obicei expediez comenzile \u00een <strong>1\u20133 zile lucr\u0103toare<\/strong>.<\/p>\n\n\n\n<p><strong>Timp estimat de livrare \u00een func\u021bie de destina\u021bie:<\/strong><\/p>\n\n\n\n<ul class=\"wp-block-list\">\n<li><strong>2\u20133 zile lucr\u0103toare:<\/strong> Republica Ceh\u0103, Slovacia<\/li>\n\n\n\n<li><strong>3 zile lucr\u0103toare:<\/strong> Ungaria, Germania, Polonia, Austria<\/li>\n\n\n\n<li><strong>4 zile lucr\u0103toare:<\/strong> Belgia, Liechtenstein, Lituania, Luxemburg, \u021a\u0103rile de Jos, Rom\u00e2nia, Slovenia, Elve\u021bia<\/li>\n\n\n\n<li><strong>4\u20135 zile lucr\u0103toare:<\/strong> Danemarca, Letonia<\/li>\n\n\n\n<li><strong>4\u20136 zile lucr\u0103toare:<\/strong> Estonia, Fran\u021ba<\/li>\n\n\n\n<li><strong>4\u20138 zile lucr\u0103toare:<\/strong> Croa\u021bia, Norvegia, Suedia<\/li>\n\n\n\n<li><strong>5 zile lucr\u0103toare:<\/strong> Irlanda, Regatul Unit<\/li>\n\n\n\n<li><strong>5\u20136 zile lucr\u0103toare:<\/strong> Bulgaria<\/li>\n\n\n\n<li><strong>5\u20137 zile lucr\u0103toare:<\/strong> Finlanda<\/li>\n\n\n\n<li><strong>5\u20138 zile lucr\u0103toare:<\/strong> Spania<\/li>\n\n\n\n<li><strong>5\u20139 zile lucr\u0103toare:<\/strong> Italia, Portugalia<\/li>\n\n\n\n<li><strong>6\u20139 zile lucr\u0103toare:<\/strong> Grecia<\/li>\n\n\n\n<li><strong>Nu este men\u021bionat \u00een oferta transportatorului (estimare):<\/strong> Cipru, Gibraltar \u2014 aprox. <strong>7\u201312 zile lucr\u0103toare<\/strong><\/li>\n<\/ul>\n\n\n\n<p><em>Timpurile de tranzit sunt orientative \u0219i nu sunt garantate. Pentru destina\u021biile din afara UE, procedurile vamale pot prelungi timpul de livrare.<\/em><\/p>\n\n\n\n<hr class=\"wp-block-separator has-alpha-channel-opacity\"\/>\n\n\n\n<h3 class=\"wp-block-heading\">Urm\u0103rirea coletului<\/h3>\n\n\n\n<p>Dup\u0103 expediere, vei primi un e-mail cu num\u0103rul de urm\u0103rire.<br>Urm\u0103rire GLS: <a href=\"https:\/\/gls-group.com\/CZ\/en\/parcel-tracking\">https:\/\/gls-group.com\/CZ\/en\/parcel-tracking<\/a><\/p>\n\n\n\n<hr class=\"wp-block-separator has-alpha-channel-opacity\"\/>\n\n\n\n<h3 class=\"wp-block-heading\">Plat\u0103<\/h3>\n\n\n\n<p>Metodele de plat\u0103 disponibile sunt afi\u0219ate la finalizarea comenzii \u00een func\u021bie de \u021bara de livrare. Cel mai des, po\u021bi folosi:<\/p>\n\n\n\n<ul class=\"wp-block-list\">\n<li><strong>Card de credit\/debit online (Stripe)<\/strong><\/li>\n\n\n\n<li><strong>PayPal<\/strong><\/li>\n\n\n\n<li><strong>Transfer bancar<\/strong> (expediez comanda dup\u0103 ce plata este primit\u0103)<\/li>\n<\/ul>\n\n\n\n<hr class=\"wp-block-separator has-alpha-channel-opacity\"\/>\n\n\n\n<h3 class=\"wp-block-heading\">TVA \u0219i taxe vamale (\u00een afara UE)<\/h3>\n\n\n\n<p>Pentru livr\u0103rile \u00een afara UE, la import pot fi percepute <strong>taxe vamale \u0219i TVA local<\/strong> conform regulilor \u021b\u0103rii de destina\u021bie. Aceste taxe sunt de obicei pl\u0103tite de destinatar.<\/p>\n\n\n\n<hr class=\"wp-block-separator has-alpha-channel-opacity\"\/>\n\n\n\n<h3 class=\"wp-block-heading\">Factur\u0103<\/h3>\n\n\n\n<p>Po\u021bi desc\u0103rca factura\/documentul fiscal din contul t\u0103u de client. Dac\u0103 ai nevoie s\u0103 \u021bi-o trimit prin e-mail, scrie-mi \u0219i o voi trimite cu pl\u0103cere.<\/p>\n","protected":false},"excerpt":{"rendered":"<p>Livrare gratuit\u0103 Livrarea gratuit\u0103 se aplic\u0103 pentru urm\u0103toarele \u021b\u0103ri:Belgia, Bulgaria, Republica Ceh\u0103, Danemarca, Estonia, Finlanda, Fran\u021ba, Gibraltar, Croa\u021bia, Irlanda, Italia, Cipru, Liechtenstein, Lituania, Letonia, Luxemburg, Ungaria, Germania, \u021a\u0103rile de Jos, Norvegia, Polonia, Portugalia, Austria, Rom\u00e2nia, Grecia, Slovacia, Slovenia, Regatul Unit, Spania, Suedia, Elve\u021bia. Expediere \u0219i timpi de livrare Timp de produc\u021bie: 1 zi lucr\u0103toare (realizat [&hellip;]<\/p>\n","protected":false},"author":1,"featured_media":0,"parent":0,"menu_order":0,"comment_status":"closed","ping_status":"closed","template":"","meta":{"om_disable_all_campaigns":false,"site-sidebar-layout":"default","site-content-layout":"","ast-site-content-layout":"default","site-content-style":"default","site-sidebar-style":"default","ast-global-header-display":"","ast-banner-title-visibility":"","ast-main-header-display":"","ast-hfb-above-header-display":"","ast-hfb-below-header-display":"","ast-hfb-mobile-header-display":"","site-post-title":"","ast-breadcrumbs-content":"","ast-featured-img":"","footer-sml-layout":"","ast-disable-related-posts":"","theme-transparent-header-meta":"","adv-header-id-meta":"","stick-header-meta":"","header-above-stick-meta":"","header-main-stick-meta":"","header-below-stick-meta":"","astra-migrate-meta-layouts":"set","ast-page-background-enabled":"default","ast-page-background-meta":{"desktop":{"background-color":"","background-image":"","background-repeat":"repeat","background-position":"center center","background-size":"auto","background-attachment":"scroll","background-type":"","background-media":"","overlay-type":"","overlay-color":"","overlay-opacity":"","overlay-gradient":""},"tablet":{"background-color":"","background-image":"","background-repeat":"repeat","background-position":"center center","background-size":"auto","background-attachment":"scroll","background-type":"","background-media":"","overlay-type":"","overlay-color":"","overlay-opacity":"","overlay-gradient":""},"mobile":{"background-color":"","background-image":"","background-repeat":"repeat","background-position":"center center","background-size":"auto","background-attachment":"scroll","background-type":"","background-media":"","overlay-type":"","overlay-color":"","overlay-opacity":"","overlay-gradient":""}},"ast-content-background-meta":{"desktop":{"background-color":"var(--ast-global-color-5)","background-image":"","background-repeat":"repeat","background-position":"center center","background-size":"auto","background-attachment":"scroll","background-type":"","background-media":"","overlay-type":"","overlay-color":"","overlay-opacity":"","overlay-gradient":""},"tablet":{"background-color":"var(--ast-global-color-5)","background-image":"","background-repeat":"repeat","background-position":"center center","background-size":"auto","background-attachment":"scroll","background-type":"","background-media":"","overlay-type":"","overlay-color":"","overlay-opacity":"","overlay-gradient":""},"mobile":{"background-color":"var(--ast-global-color-5)","background-image":"","background-repeat":"repeat","background-position":"center center","background-size":"auto","background-attachment":"scroll","background-type":"","background-media":"","overlay-type":"","overlay-color":"","overlay-opacity":"","overlay-gradient":""}},"footnotes":""},"class_list":["post-43531","page","type-page","status-publish","hentry"],"aioseo_notices":[],"_links":{"self":[{"href":"https:\/\/skin4gear.com\/ro\/wp-json\/wp\/v2\/pages\/43531","targetHints":{"allow":["GET"]}}],"collection":[{"href":"https:\/\/skin4gear.com\/ro\/wp-json\/wp\/v2\/pages"}],"about":[{"href":"https:\/\/skin4gear.com\/ro\/wp-json\/wp\/v2\/types\/page"}],"author":[{"embeddable":true,"href":"https:\/\/skin4gear.com\/ro\/wp-json\/wp\/v2\/users\/1"}],"replies":[{"embeddable":true,"href":"https:\/\/skin4gear.com\/ro\/wp-json\/wp\/v2\/comments?post=43531"}],"version-history":[{"count":0,"href":"https:\/\/skin4gear.com\/ro\/wp-json\/wp\/v2\/pages\/43531\/revisions"}],"wp:attachment":[{"href":"https:\/\/skin4gear.com\/ro\/wp-json\/wp\/v2\/media?parent=43531"}],"curies":[{"name":"wp","href":"https:\/\/api.w.org\/{rel}","templated":true}]}}