{"id":19464,"date":"2024-10-29T17:31:57","date_gmt":"2024-10-29T16:31:57","guid":{"rendered":"https:\/\/skin4gear.com\/?post_type=product&#038;p=19464"},"modified":"2025-05-12T22:12:46","modified_gmt":"2025-05-12T20:12:46","slug":"husa-neopren-sony-e-70-350mm-f4-5-6-3-g-oss","status":"publish","type":"product","link":"https:\/\/skin4gear.com\/ro\/marfa\/husa-neopren-sony-e-70-350mm-f4-5-6-3-g-oss\/","title":{"rendered":"Hus\u0103 de protec\u021bie camuflat\u0103 din neopren pentru obiectivul Sony E 70-350mm f\/4,5-6,3 G OSS"},"content":{"rendered":"","protected":false},"excerpt":{"rendered":"<ul>\n<li>Confec\u021bionat special pentru Sony E 70-350mm f\/4,5-6,3 G OSS<\/li>\n<li>Fabricat din neopren cu celule \u00eenchise pentru protec\u021bie superioar\u0103<\/li>\n<li>Protejeaz\u0103 obiectivul \u00eempotriva zg\u00e2rieturilor, loviturilor \u0219i umezelii<\/li>\n<li>Ofer\u0103 acces complet la controale \u0219i func\u021bii<\/li>\n<li>U\u0219or de instalat \u0219i demontat pentru o utilizare eficient\u0103<\/li>\n<\/ul>\n","protected":false},"featured_media":41795,"comment_status":"open","ping_status":"closed","template":"","meta":{"om_disable_all_campaigns":false,"site-sidebar-layout":"default","site-content-layout":"page-builder","ast-site-content-layout":"default","site-content-style":"default","site-sidebar-style":"default","ast-global-header-display":"","ast-banner-title-visibility":"","ast-main-header-display":"","ast-hfb-above-header-display":"","ast-hfb-below-header-display":"","ast-hfb-mobile-header-display":"","site-post-title":"","ast-breadcrumbs-content":"","ast-featured-img":"","footer-sml-layout":"","ast-disable-related-posts":"","theme-transparent-header-meta":"default","adv-header-id-meta":"","stick-header-meta":"default","header-above-stick-meta":"","header-main-stick-meta":"","header-below-stick-meta":"","astra-migrate-meta-layouts":"set","ast-page-background-enabled":"default","ast-page-background-meta":{"desktop":{"background-color":"","background-image":"","background-repeat":"repeat","background-position":"center center","background-size":"auto","background-attachment":"scroll","background-type":"","background-media":"","overlay-type":"","overlay-color":"","overlay-opacity":"","overlay-gradient":""},"tablet":{"background-color":"","background-image":"","background-repeat":"repeat","background-position":"center center","background-size":"auto","background-attachment":"scroll","background-type":"","background-media":"","overlay-type":"","overlay-color":"","overlay-opacity":"","overlay-gradient":""},"mobile":{"background-color":"","background-image":"","background-repeat":"repeat","background-position":"center center","background-size":"auto","background-attachment":"scroll","background-type":"","background-media":"","overlay-type":"","overlay-color":"","overlay-opacity":"","overlay-gradient":""}},"ast-content-background-meta":{"desktop":{"background-color":"var(--ast-global-color-5)","background-image":"","background-repeat":"repeat","background-position":"center center","background-size":"auto","background-attachment":"scroll","background-type":"","background-media":"","overlay-type":"","overlay-color":"","overlay-opacity":"","overlay-gradient":""},"tablet":{"background-color":"var(--ast-global-color-5)","background-image":"","background-repeat":"repeat","background-position":"center center","background-size":"auto","background-attachment":"scroll","background-type":"","background-media":"","overlay-type":"","overlay-color":"","overlay-opacity":"","overlay-gradient":""},"mobile":{"background-color":"var(--ast-global-color-5)","background-image":"","background-repeat":"repeat","background-position":"center center","background-size":"auto","background-attachment":"scroll","background-type":"","background-media":"","overlay-type":"","overlay-color":"","overlay-opacity":"","overlay-gradient":""}}},"product_brand":[],"product_cat":[167],"product_tag":[],"class_list":{"0":"post-19464","1":"product","2":"type-product","3":"status-publish","4":"has-post-thumbnail","6":"product_cat-sony-lens-cover","7":"desktop-align-left","8":"tablet-align-left","9":"mobile-align-left","10":"ast-product-gallery-layout-horizontal-slider","11":"ast-product-single-variable","12":"ast-product-tabs-layout-horizontal","14":"first","15":"instock","16":"shipping-taxable","17":"product-type-variable"},"aioseo_notices":[],"_links":{"self":[{"href":"https:\/\/skin4gear.com\/ro\/wp-json\/wp\/v2\/product\/19464","targetHints":{"allow":["GET"]}}],"collection":[{"href":"https:\/\/skin4gear.com\/ro\/wp-json\/wp\/v2\/product"}],"about":[{"href":"https:\/\/skin4gear.com\/ro\/wp-json\/wp\/v2\/types\/product"}],"replies":[{"embeddable":true,"href":"https:\/\/skin4gear.com\/ro\/wp-json\/wp\/v2\/comments?post=19464"}],"version-history":[{"count":0,"href":"https:\/\/skin4gear.com\/ro\/wp-json\/wp\/v2\/product\/19464\/revisions"}],"wp:featuredmedia":[{"embeddable":true,"href":"https:\/\/skin4gear.com\/ro\/wp-json\/wp\/v2\/media\/41795"}],"wp:attachment":[{"href":"https:\/\/skin4gear.com\/ro\/wp-json\/wp\/v2\/media?parent=19464"}],"wp:term":[{"taxonomy":"product_brand","embeddable":true,"href":"https:\/\/skin4gear.com\/ro\/wp-json\/wp\/v2\/product_brand?post=19464"},{"taxonomy":"product_cat","embeddable":true,"href":"https:\/\/skin4gear.com\/ro\/wp-json\/wp\/v2\/product_cat?post=19464"},{"taxonomy":"product_tag","embeddable":true,"href":"https:\/\/skin4gear.com\/ro\/wp-json\/wp\/v2\/product_tag?post=19464"}],"curies":[{"name":"wp","href":"https:\/\/api.w.org\/{rel}","templated":true}]}}