{"id":13253,"date":"2024-11-24T11:04:43","date_gmt":"2024-11-24T10:04:43","guid":{"rendered":"https:\/\/skin4gear.com\/?page_id=13253"},"modified":"2025-01-27T20:14:37","modified_gmt":"2025-01-27T19:14:37","slug":"zasady-vratenia-tovaru","status":"publish","type":"page","link":"https:\/\/skin4gear.com\/sk\/zasady-vratenia-tovaru\/","title":{"rendered":"Z\u00e1sady vr\u00e1tenia tovaru"},"content":{"rendered":"\t\t<div data-elementor-type=\"wp-page\" data-elementor-id=\"13253\" class=\"elementor elementor-13253 elementor-12966\">\n\t\t\t\t\t\t<section class=\"elementor-section elementor-top-section elementor-element elementor-element-59bea4a2 elementor-section-boxed elementor-section-height-default elementor-section-height-default\" data-id=\"59bea4a2\" data-element_type=\"section\" data-e-type=\"section\">\n\t\t\t\t\t\t<div class=\"elementor-container elementor-column-gap-default\">\n\t\t\t\t\t<div class=\"elementor-column elementor-col-100 elementor-top-column elementor-element elementor-element-5bb651a\" data-id=\"5bb651a\" data-element_type=\"column\" data-e-type=\"column\">\n\t\t\t<div class=\"elementor-widget-wrap elementor-element-populated\">\n\t\t\t\t\t\t<div class=\"elementor-element elementor-element-9a7930 elementor-widget elementor-widget-text-editor\" data-id=\"9a7930\" data-element_type=\"widget\" data-e-type=\"widget\" data-widget_type=\"text-editor.default\">\n\t\t\t\t<div class=\"elementor-widget-container\">\n\t\t\t\t\t\t\t\t\t<h3><strong>Podmienky vr\u00e1tenia tovaru Skin4Gear \u2013 Jednoduch\u00e9 a priate\u013esk\u00e9<\/strong><\/h3><p><strong>Na\u0161a z\u00e1ruka spokojnosti<\/strong><br \/>Va\u0161a spokojnos\u0165 je na\u0161ou prioritou. Ak nie ste spokojn\u00ed so svoj\u00edm n\u00e1kupom, vr\u00e1tenie je jednoduch\u00e9 a bezprobl\u00e9mov\u00e9.<\/p><hr \/><h3><strong>Jednoduch\u00e9 vr\u00e1tenie<\/strong><\/h3><ol><li><strong>Lehota na vr\u00e1tenie<\/strong>: Tovar m\u00f4\u017eete vr\u00e1ti\u0165 do <strong>30 dn\u00ed od doru\u010denia<\/strong>.<\/li><li><strong>Stav tovaru<\/strong>: Akceptujeme tovar, ktor\u00fd je <strong>nepo\u0161koden\u00fd<\/strong> a v <strong>p\u00f4vodnom stave<\/strong>.<\/li><li><strong>Jednoduch\u00fd proces<\/strong>: Po\u0161lite n\u00e1m e-mail s \u010d\u00edslom objedn\u00e1vky a o v\u0161etko ostatn\u00e9 sa postar\u00e1me.<\/li><\/ol><hr \/><h3><strong>Tovar, ktor\u00fd nie je mo\u017en\u00e9 vr\u00e1ti\u0165<\/strong><\/h3><ul><li>Personalizovan\u00e9 alebo na mieru vyroben\u00e9 produkty.<\/li><li>Tovar s vidite\u013en\u00fdmi znakmi pou\u017e\u00edvania alebo po\u0161kodenia.<\/li><\/ul><hr \/><h3><strong>Ako za\u010da\u0165 vr\u00e1tenie?<\/strong><\/h3><ol><li><strong>Kontaktujte n\u00e1s<\/strong> na adrese <strong><a rel=\"noopener\">info@skin4gear.com<\/a><\/strong> a uve\u010fte \u010d\u00edslo svojej objedn\u00e1vky.<\/li><li><strong>Za\u0161leme v\u00e1m pokyny<\/strong>, vr\u00e1tane adresy na vr\u00e1tenie.<\/li><li>Tovar bezpe\u010dne zaba\u013ete a odo\u0161lite ho sp\u00e4\u0165.<\/li><\/ol><hr \/><h3><strong>Bezprobl\u00e9mov\u00e9 vr\u00e1tenie pe\u0148az\u00ed<\/strong><\/h3><ul><li>Po prijat\u00ed a kontrole v\u00e1\u0161ho vr\u00e1ten\u00e9ho tovaru bude refund\u00e1cia <strong>spracovan\u00e1 do 7 dn\u00ed<\/strong>.<\/li><li>Peniaze bud\u00fa vr\u00e1ten\u00e9 rovnak\u00fdm sp\u00f4sobom, ak\u00fdm bola vykonan\u00e1 platba.<\/li><\/ul><hr \/><h3><strong>N\u00e1klady na vr\u00e1tenie tovaru<\/strong><\/h3><ul><li><strong>Vr\u00e1tenie z osobn\u00fdch d\u00f4vodov?<\/strong> N\u00e1klady na dopravu hrad\u00ed z\u00e1kazn\u00edk.<\/li><li><strong>Na\u0161a chyba?<\/strong> Ak je tovar chybn\u00fd alebo nespr\u00e1vny, n\u00e1klady na dopravu hrad\u00edme my.<\/li><\/ul><hr \/><h3><strong>Po\u0161koden\u00fd alebo nespr\u00e1vny tovar<\/strong><\/h3><p>Ak v\u00e1m tovar doraz\u00ed po\u0161koden\u00fd alebo nespr\u00e1vny:<\/p><ol><li>Kontaktujte n\u00e1s do <strong>7 dn\u00ed od doru\u010denia<\/strong>.<\/li><li>Prilo\u017ete fotografiu a popis probl\u00e9mu.<\/li><li>O v\u0161etko sa postar\u00e1me, vr\u00e1tane n\u00e1kladov na dopravu a v\u00fdmeny tovaru.<\/li><\/ol><hr \/><p><strong>M\u00e1te ot\u00e1zky? Sme tu pre v\u00e1s!<\/strong><br \/>\ud83d\udce7 Nap\u00ed\u0161te n\u00e1m na <strong><a rel=\"noopener\">info@skin4gear.com<\/a><\/strong><\/p><p>\u010eakujeme, \u017ee ste si vybrali Skin4Gear! \ud83d\udc9b<\/p>\t\t\t\t\t\t\t\t<\/div>\n\t\t\t\t<\/div>\n\t\t\t\t\t<\/div>\n\t\t<\/div>\n\t\t\t\t\t<\/div>\n\t\t<\/section>\n\t\t\t\t<\/div>\n\t\t","protected":false},"excerpt":{"rendered":"<p>Podmienky vr\u00e1tenia tovaru Skin4Gear \u2013 Jednoduch\u00e9 a priate\u013esk\u00e9 Na\u0161a z\u00e1ruka spokojnostiVa\u0161a spokojnos\u0165 je na\u0161ou prioritou. Ak nie ste spokojn\u00ed so svoj\u00edm n\u00e1kupom, vr\u00e1tenie je jednoduch\u00e9 a bezprobl\u00e9mov\u00e9. Jednoduch\u00e9 vr\u00e1tenie Lehota na vr\u00e1tenie: Tovar m\u00f4\u017eete vr\u00e1ti\u0165 do 30 dn\u00ed od doru\u010denia. Stav tovaru: Akceptujeme tovar, ktor\u00fd je nepo\u0161koden\u00fd a v p\u00f4vodnom stave. Jednoduch\u00fd proces: Po\u0161lite n\u00e1m [&hellip;]<\/p>\n","protected":false},"author":1,"featured_media":0,"parent":0,"menu_order":0,"comment_status":"closed","ping_status":"closed","template":"","meta":{"om_disable_all_campaigns":false,"site-sidebar-layout":"default","site-content-layout":"","ast-site-content-layout":"default","site-content-style":"default","site-sidebar-style":"default","ast-global-header-display":"","ast-banner-title-visibility":"","ast-main-header-display":"","ast-hfb-above-header-display":"","ast-hfb-below-header-display":"","ast-hfb-mobile-header-display":"","site-post-title":"","ast-breadcrumbs-content":"","ast-featured-img":"","footer-sml-layout":"","ast-disable-related-posts":"","theme-transparent-header-meta":"","adv-header-id-meta":"","stick-header-meta":"","header-above-stick-meta":"","header-main-stick-meta":"","header-below-stick-meta":"","astra-migrate-meta-layouts":"set","ast-page-background-enabled":"default","ast-page-background-meta":{"desktop":{"background-color":"","background-image":"","background-repeat":"repeat","background-position":"center center","background-size":"auto","background-attachment":"scroll","background-type":"","background-media":"","overlay-type":"","overlay-color":"","overlay-opacity":"","overlay-gradient":""},"tablet":{"background-color":"","background-image":"","background-repeat":"repeat","background-position":"center center","background-size":"auto","background-attachment":"scroll","background-type":"","background-media":"","overlay-type":"","overlay-color":"","overlay-opacity":"","overlay-gradient":""},"mobile":{"background-color":"","background-image":"","background-repeat":"repeat","background-position":"center center","background-size":"auto","background-attachment":"scroll","background-type":"","background-media":"","overlay-type":"","overlay-color":"","overlay-opacity":"","overlay-gradient":""}},"ast-content-background-meta":{"desktop":{"background-color":"var(--ast-global-color-5)","background-image":"","background-repeat":"repeat","background-position":"center center","background-size":"auto","background-attachment":"scroll","background-type":"","background-media":"","overlay-type":"","overlay-color":"","overlay-opacity":"","overlay-gradient":""},"tablet":{"background-color":"var(--ast-global-color-5)","background-image":"","background-repeat":"repeat","background-position":"center center","background-size":"auto","background-attachment":"scroll","background-type":"","background-media":"","overlay-type":"","overlay-color":"","overlay-opacity":"","overlay-gradient":""},"mobile":{"background-color":"var(--ast-global-color-5)","background-image":"","background-repeat":"repeat","background-position":"center center","background-size":"auto","background-attachment":"scroll","background-type":"","background-media":"","overlay-type":"","overlay-color":"","overlay-opacity":"","overlay-gradient":""}},"footnotes":""},"class_list":["post-13253","page","type-page","status-publish","hentry"],"aioseo_notices":[],"_links":{"self":[{"href":"https:\/\/skin4gear.com\/sk\/wp-json\/wp\/v2\/pages\/13253","targetHints":{"allow":["GET"]}}],"collection":[{"href":"https:\/\/skin4gear.com\/sk\/wp-json\/wp\/v2\/pages"}],"about":[{"href":"https:\/\/skin4gear.com\/sk\/wp-json\/wp\/v2\/types\/page"}],"author":[{"embeddable":true,"href":"https:\/\/skin4gear.com\/sk\/wp-json\/wp\/v2\/users\/1"}],"replies":[{"embeddable":true,"href":"https:\/\/skin4gear.com\/sk\/wp-json\/wp\/v2\/comments?post=13253"}],"version-history":[{"count":0,"href":"https:\/\/skin4gear.com\/sk\/wp-json\/wp\/v2\/pages\/13253\/revisions"}],"wp:attachment":[{"href":"https:\/\/skin4gear.com\/sk\/wp-json\/wp\/v2\/media?parent=13253"}],"curies":[{"name":"wp","href":"https:\/\/api.w.org\/{rel}","templated":true}]}}