{"id":19463,"date":"2024-10-29T17:31:57","date_gmt":"2024-10-29T16:31:57","guid":{"rendered":"https:\/\/skin4gear.com\/?post_type=product&#038;p=19463"},"modified":"2025-05-12T22:43:21","modified_gmt":"2025-05-12T20:43:21","slug":"neoprenova-ochrana-sony-e-70-350mm-f4-5-6-3-g-oss","status":"publish","type":"product","link":"https:\/\/skin4gear.com\/sk\/tovar\/neoprenova-ochrana-sony-e-70-350mm-f4-5-6-3-g-oss\/","title":{"rendered":"Neopr\u00e9nov\u00fd maskovac\u00ed obal na objekt\u00edv Sony E 70-350mm f\/4,5-6,3 G OSS"},"content":{"rendered":"","protected":false},"excerpt":{"rendered":"<ul>\n<li>Presne vyroben\u00fd pre Sony E 70-350mm f\/4,5-6,3 G OSS<\/li>\n<li>Vyroben\u00fd z 100% uzavret\u00e9ho bunkov\u00e9ho neoprenu pre extra odolnos\u0165<\/li>\n<li>Chr\u00e1ni objekt\u00edv pred po\u0161koden\u00edm, n\u00e1razmi a vlhkos\u0165ou<\/li>\n<li>Prieh\u013eadn\u00e9 plastov\u00e9 okno zabezpe\u010duje pln\u00fa pr\u00edstupnos\u0165 ovl\u00e1dac\u00edch prvkov<\/li>\n<li>Jednoduch\u00e1 in\u0161tal\u00e1cia a odstr\u00e1nenie pre pohodln\u00e9 pou\u017e\u00edvanie<\/li>\n<\/ul>\n","protected":false},"featured_media":41796,"comment_status":"open","ping_status":"closed","template":"","meta":{"om_disable_all_campaigns":false,"site-sidebar-layout":"default","site-content-layout":"page-builder","ast-site-content-layout":"default","site-content-style":"default","site-sidebar-style":"default","ast-global-header-display":"","ast-banner-title-visibility":"","ast-main-header-display":"","ast-hfb-above-header-display":"","ast-hfb-below-header-display":"","ast-hfb-mobile-header-display":"","site-post-title":"","ast-breadcrumbs-content":"","ast-featured-img":"","footer-sml-layout":"","ast-disable-related-posts":"","theme-transparent-header-meta":"default","adv-header-id-meta":"","stick-header-meta":"default","header-above-stick-meta":"","header-main-stick-meta":"","header-below-stick-meta":"","astra-migrate-meta-layouts":"set","ast-page-background-enabled":"default","ast-page-background-meta":{"desktop":{"background-color":"","background-image":"","background-repeat":"repeat","background-position":"center center","background-size":"auto","background-attachment":"scroll","background-type":"","background-media":"","overlay-type":"","overlay-color":"","overlay-opacity":"","overlay-gradient":""},"tablet":{"background-color":"","background-image":"","background-repeat":"repeat","background-position":"center center","background-size":"auto","background-attachment":"scroll","background-type":"","background-media":"","overlay-type":"","overlay-color":"","overlay-opacity":"","overlay-gradient":""},"mobile":{"background-color":"","background-image":"","background-repeat":"repeat","background-position":"center center","background-size":"auto","background-attachment":"scroll","background-type":"","background-media":"","overlay-type":"","overlay-color":"","overlay-opacity":"","overlay-gradient":""}},"ast-content-background-meta":{"desktop":{"background-color":"var(--ast-global-color-5)","background-image":"","background-repeat":"repeat","background-position":"center center","background-size":"auto","background-attachment":"scroll","background-type":"","background-media":"","overlay-type":"","overlay-color":"","overlay-opacity":"","overlay-gradient":""},"tablet":{"background-color":"var(--ast-global-color-5)","background-image":"","background-repeat":"repeat","background-position":"center center","background-size":"auto","background-attachment":"scroll","background-type":"","background-media":"","overlay-type":"","overlay-color":"","overlay-opacity":"","overlay-gradient":""},"mobile":{"background-color":"var(--ast-global-color-5)","background-image":"","background-repeat":"repeat","background-position":"center center","background-size":"auto","background-attachment":"scroll","background-type":"","background-media":"","overlay-type":"","overlay-color":"","overlay-opacity":"","overlay-gradient":""}}},"product_brand":[],"product_cat":[161],"product_tag":[],"class_list":{"0":"post-19463","1":"product","2":"type-product","3":"status-publish","4":"has-post-thumbnail","6":"product_cat-sony-lens-cover","7":"desktop-align-left","8":"tablet-align-left","9":"mobile-align-left","10":"ast-product-gallery-layout-horizontal-slider","11":"ast-product-single-variable","12":"ast-product-tabs-layout-horizontal","14":"first","15":"instock","16":"shipping-taxable","17":"purchasable","18":"product-type-variable"},"aioseo_notices":[],"_links":{"self":[{"href":"https:\/\/skin4gear.com\/sk\/wp-json\/wp\/v2\/product\/19463","targetHints":{"allow":["GET"]}}],"collection":[{"href":"https:\/\/skin4gear.com\/sk\/wp-json\/wp\/v2\/product"}],"about":[{"href":"https:\/\/skin4gear.com\/sk\/wp-json\/wp\/v2\/types\/product"}],"replies":[{"embeddable":true,"href":"https:\/\/skin4gear.com\/sk\/wp-json\/wp\/v2\/comments?post=19463"}],"version-history":[{"count":0,"href":"https:\/\/skin4gear.com\/sk\/wp-json\/wp\/v2\/product\/19463\/revisions"}],"wp:featuredmedia":[{"embeddable":true,"href":"https:\/\/skin4gear.com\/sk\/wp-json\/wp\/v2\/media\/41796"}],"wp:attachment":[{"href":"https:\/\/skin4gear.com\/sk\/wp-json\/wp\/v2\/media?parent=19463"}],"wp:term":[{"taxonomy":"product_brand","embeddable":true,"href":"https:\/\/skin4gear.com\/sk\/wp-json\/wp\/v2\/product_brand?post=19463"},{"taxonomy":"product_cat","embeddable":true,"href":"https:\/\/skin4gear.com\/sk\/wp-json\/wp\/v2\/product_cat?post=19463"},{"taxonomy":"product_tag","embeddable":true,"href":"https:\/\/skin4gear.com\/sk\/wp-json\/wp\/v2\/product_tag?post=19463"}],"curies":[{"name":"wp","href":"https:\/\/api.w.org\/{rel}","templated":true}]}}