{"id":13258,"date":"2024-11-24T11:04:43","date_gmt":"2024-11-24T10:04:43","guid":{"rendered":"https:\/\/skin4gear.com\/?page_id=13258"},"modified":"2025-01-27T20:18:30","modified_gmt":"2025-01-27T19:18:30","slug":"returpolicy","status":"publish","type":"page","link":"https:\/\/skin4gear.com\/sv\/returpolicy\/","title":{"rendered":"Returpolicy"},"content":{"rendered":"\t\t<div data-elementor-type=\"wp-page\" data-elementor-id=\"13258\" class=\"elementor elementor-13258 elementor-12966\">\n\t\t\t\t\t\t<section class=\"elementor-section elementor-top-section elementor-element elementor-element-5f792ef6 elementor-section-boxed elementor-section-height-default elementor-section-height-default\" data-id=\"5f792ef6\" data-element_type=\"section\" data-e-type=\"section\">\n\t\t\t\t\t\t<div class=\"elementor-container elementor-column-gap-default\">\n\t\t\t\t\t<div class=\"elementor-column elementor-col-100 elementor-top-column elementor-element elementor-element-24d5ab89\" data-id=\"24d5ab89\" data-element_type=\"column\" data-e-type=\"column\">\n\t\t\t<div class=\"elementor-widget-wrap elementor-element-populated\">\n\t\t\t\t\t\t<div class=\"elementor-element elementor-element-47965ca4 elementor-widget elementor-widget-text-editor\" data-id=\"47965ca4\" data-element_type=\"widget\" data-e-type=\"widget\" data-widget_type=\"text-editor.default\">\n\t\t\t\t<div class=\"elementor-widget-container\">\n\t\t\t\t\t\t\t\t\t<h3><strong>Skin4Gears returpolicy \u2013 Enkel och v\u00e4nlig<\/strong><\/h3><p><strong>V\u00e5r n\u00f6jdhetsgaranti<\/strong><br \/>Din n\u00f6jdhet \u00e4r v\u00e5r h\u00f6gsta prioritet. Om du inte \u00e4r n\u00f6jd med ditt k\u00f6p \u00e4r det enkelt och problemfritt att returnera.<\/p><hr \/><h3><strong>Enkla returer<\/strong><\/h3><ol><li><strong>Returperiod<\/strong>: Produkter kan returneras inom <strong>30 dagar efter leverans<\/strong>.<\/li><li><strong>Produktens skick<\/strong>: Vi accepterar produkter som \u00e4r <strong>oskadade<\/strong> och i <strong>originalskick<\/strong>.<\/li><li><strong>Enkel process<\/strong>: Skicka ett mejl till oss med ditt ordernummer, s\u00e5 tar vi hand om resten.<\/li><\/ol><hr \/><h3><strong>Produkter som inte kan returneras<\/strong><\/h3><ul><li>Anpassade eller specialtillverkade produkter.<\/li><li>Produkter med tydliga tecken p\u00e5 anv\u00e4ndning eller skador.<\/li><\/ul><hr \/><h3><strong>S\u00e5 h\u00e4r g\u00f6r du en retur<\/strong><\/h3><ol><li><strong>Kontakta oss<\/strong> p\u00e5 <strong><a rel=\"noopener\">info@skin4gear.com<\/a><\/strong> med ditt ordernummer.<\/li><li><strong>Vi skickar dig instruktioner<\/strong>, inklusive returadress.<\/li><li>Packa produkten s\u00e4kert och skicka tillbaka den.<\/li><\/ol><hr \/><h3><strong>Problemfria \u00e5terbetalningar<\/strong><\/h3><ul><li>N\u00e4r vi har mottagit och inspekterat din retur kommer \u00e5terbetalningen att <strong>behandlas inom 7 dagar<\/strong>.<\/li><li>\u00c5terbetalningen g\u00f6rs via den ursprungliga betalningsmetoden.<\/li><\/ul><hr \/><h3><strong>Returkostnader<\/strong><\/h3><ul><li><strong>Returnerar du av personliga sk\u00e4l?<\/strong> Kunden st\u00e5r f\u00f6r returfrakten.<\/li><li><strong>V\u00e5rt fel?<\/strong> Om produkten \u00e4r defekt eller felaktig st\u00e5r vi f\u00f6r returfrakten.<\/li><\/ul><hr \/><h3><strong>Skadade eller felaktiga produkter<\/strong><\/h3><p>Om din produkt anl\u00e4nder skadad eller om du f\u00e5r fel produkt:<\/p><ol><li>Kontakta oss inom <strong>7 dagar efter leverans<\/strong>.<\/li><li>Bifoga en bild och en beskrivning av problemet.<\/li><li>Vi tar hand om allt, inklusive returfrakt och ers\u00e4ttningsprodukt.<\/li><\/ol><hr \/><p><strong>Har du fr\u00e5gor? Vi finns h\u00e4r f\u00f6r att hj\u00e4lpa dig!<\/strong><br \/>\ud83d\udce7 Mejla oss p\u00e5 <strong><a rel=\"noopener\">info@skin4gear.com<\/a><\/strong><\/p><p>Tack f\u00f6r att du valde Skin4Gear! \ud83d\udc9b<\/p>\t\t\t\t\t\t\t\t<\/div>\n\t\t\t\t<\/div>\n\t\t\t\t\t<\/div>\n\t\t<\/div>\n\t\t\t\t\t<\/div>\n\t\t<\/section>\n\t\t\t\t<\/div>\n\t\t","protected":false},"excerpt":{"rendered":"<p>Skin4Gears returpolicy \u2013 Enkel och v\u00e4nlig V\u00e5r n\u00f6jdhetsgarantiDin n\u00f6jdhet \u00e4r v\u00e5r h\u00f6gsta prioritet. Om du inte \u00e4r n\u00f6jd med ditt k\u00f6p \u00e4r det enkelt och problemfritt att returnera. Enkla returer Returperiod: Produkter kan returneras inom 30 dagar efter leverans. Produktens skick: Vi accepterar produkter som \u00e4r oskadade och i originalskick. Enkel process: Skicka ett mejl [&hellip;]<\/p>\n","protected":false},"author":1,"featured_media":0,"parent":0,"menu_order":0,"comment_status":"closed","ping_status":"closed","template":"","meta":{"om_disable_all_campaigns":false,"site-sidebar-layout":"default","site-content-layout":"","ast-site-content-layout":"default","site-content-style":"default","site-sidebar-style":"default","ast-global-header-display":"","ast-banner-title-visibility":"","ast-main-header-display":"","ast-hfb-above-header-display":"","ast-hfb-below-header-display":"","ast-hfb-mobile-header-display":"","site-post-title":"","ast-breadcrumbs-content":"","ast-featured-img":"","footer-sml-layout":"","ast-disable-related-posts":"","theme-transparent-header-meta":"","adv-header-id-meta":"","stick-header-meta":"","header-above-stick-meta":"","header-main-stick-meta":"","header-below-stick-meta":"","astra-migrate-meta-layouts":"set","ast-page-background-enabled":"default","ast-page-background-meta":{"desktop":{"background-color":"","background-image":"","background-repeat":"repeat","background-position":"center center","background-size":"auto","background-attachment":"scroll","background-type":"","background-media":"","overlay-type":"","overlay-color":"","overlay-opacity":"","overlay-gradient":""},"tablet":{"background-color":"","background-image":"","background-repeat":"repeat","background-position":"center center","background-size":"auto","background-attachment":"scroll","background-type":"","background-media":"","overlay-type":"","overlay-color":"","overlay-opacity":"","overlay-gradient":""},"mobile":{"background-color":"","background-image":"","background-repeat":"repeat","background-position":"center center","background-size":"auto","background-attachment":"scroll","background-type":"","background-media":"","overlay-type":"","overlay-color":"","overlay-opacity":"","overlay-gradient":""}},"ast-content-background-meta":{"desktop":{"background-color":"var(--ast-global-color-5)","background-image":"","background-repeat":"repeat","background-position":"center center","background-size":"auto","background-attachment":"scroll","background-type":"","background-media":"","overlay-type":"","overlay-color":"","overlay-opacity":"","overlay-gradient":""},"tablet":{"background-color":"var(--ast-global-color-5)","background-image":"","background-repeat":"repeat","background-position":"center center","background-size":"auto","background-attachment":"scroll","background-type":"","background-media":"","overlay-type":"","overlay-color":"","overlay-opacity":"","overlay-gradient":""},"mobile":{"background-color":"var(--ast-global-color-5)","background-image":"","background-repeat":"repeat","background-position":"center center","background-size":"auto","background-attachment":"scroll","background-type":"","background-media":"","overlay-type":"","overlay-color":"","overlay-opacity":"","overlay-gradient":""}},"footnotes":""},"class_list":["post-13258","page","type-page","status-publish","hentry"],"aioseo_notices":[],"_links":{"self":[{"href":"https:\/\/skin4gear.com\/sv\/wp-json\/wp\/v2\/pages\/13258","targetHints":{"allow":["GET"]}}],"collection":[{"href":"https:\/\/skin4gear.com\/sv\/wp-json\/wp\/v2\/pages"}],"about":[{"href":"https:\/\/skin4gear.com\/sv\/wp-json\/wp\/v2\/types\/page"}],"author":[{"embeddable":true,"href":"https:\/\/skin4gear.com\/sv\/wp-json\/wp\/v2\/users\/1"}],"replies":[{"embeddable":true,"href":"https:\/\/skin4gear.com\/sv\/wp-json\/wp\/v2\/comments?post=13258"}],"version-history":[{"count":0,"href":"https:\/\/skin4gear.com\/sv\/wp-json\/wp\/v2\/pages\/13258\/revisions"}],"wp:attachment":[{"href":"https:\/\/skin4gear.com\/sv\/wp-json\/wp\/v2\/media?parent=13258"}],"curies":[{"name":"wp","href":"https:\/\/api.w.org\/{rel}","templated":true}]}}